{"id":251,"date":"2022-08-26T17:48:12","date_gmt":"2022-08-26T17:48:12","guid":{"rendered":"http:\/\/arganoils.com\/sobre-nosotros\/"},"modified":"2024-03-11T02:46:19","modified_gmt":"2024-03-11T02:46:19","slug":"sobre-nosotros","status":"publish","type":"page","link":"https:\/\/arganoils.com\/es\/sobre-nosotros\/","title":{"rendered":"Sobre nosotros"},"content":{"rendered":"\n<figure class=\"wp-block-image\"><img decoding=\"async\" src=\"http:\/\/arganoils.com\/wp-content\/uploads\/2022\/08\/hero_about.jpg\" alt=\"Aceite de arg&#xE1;n 100% puro\" title=\"Aceite de arg&#xE1;n 100% puro\"\/><\/figure>\n\n<p>El <strong>aceite de arg\u00e1n<\/strong> es el alimento natural antienvejecimiento de la piel y una delicia culinaria. Las mujeres bereberes de Marruecos lo utilizan para el cuidado de la piel desde hace miles de a\u00f1os. La investigaci\u00f3n recientemente publicada sobre demuestra sus antiguos secretos de belleza. Con oficinas en Marruecos, Francia y Estados Unidos, podemos distribuir aceite de arg\u00e1n 100% ecol\u00f3gico prensado en fr\u00edo a cualquier destino del mundo. Trabajamos para promocionar un producto en el que realmente creemos, al tiempo que apoyamos una causa digna: la protecci\u00f3n del bosque de arg\u00e1n, en peligro de extinci\u00f3n, y la potenciaci\u00f3n de las cooperativas de mujeres. Nuestra empresa apoya directamente proyectos de reforestaci\u00f3n y, al tratar exclusivamente con las mujeres que producen el aceite de arg\u00e1n, aspiramos a consolidar su lugar en su econom\u00eda y su sociedad. Se ha demostrado que las incre\u00edbles y vers\u00e1tiles propiedades del aceite de arg\u00e1n mejoran la salud general y la vitalidad de la piel y el cuerpo, y contribuyen a un estilo de vida saludable para el coraz\u00f3n.<\/p>\n\n<p>Como empresa l\u00edder en EE.UU. y Canad\u00e1, estamos orgullosos de ofrecer el Aceite de Arg\u00e1n Ecol\u00f3gico de la mejor calidad del mercado, tanto al por menor como al por mayor y a granel. Nuestro producto se extrae en fr\u00edo de las nueces del \u00e1rbol de arg\u00e1n y es rico en antioxidantes, vitamina E y \u00e1cidos grasos, lo que lo convierte en la soluci\u00f3n natural perfecta para su piel y su cabello.<\/p>\n\n<p>Nuestro Aceite de Arg\u00e1n Ecol\u00f3gico es 100% puro y natural, sin aditivos ni conservantes. Es adecuado para todo tipo de pieles, incluidas las sensibles, y puede utilizarse con diversos fines, como hidratar, acondicionar y reparar la piel y el cabello da\u00f1ados.<\/p>\n\n<p>Nos enorgullecemos del abastecimiento \u00e9tico y sostenible de nuestro aceite de arg\u00e1n, apoyando a las comunidades locales y promoviendo pr\u00e1cticas responsables. Pida hoy mismo su Aceite de Arg\u00e1n Ecol\u00f3gico y experimente por s\u00ed mismo los beneficios de este aceite milagroso.<\/p>\n\n<p>Al apoyarnos, est\u00e1s ayudando a empoderar a las mujeres, a proteger el bosque de Arg\u00e1n y a preservar tu juventud.<\/p>\n","protected":false},"excerpt":{"rendered":"<p>El aceite de arg\u00e1n es el alimento natural antienvejecimiento de la piel y una delicia culinaria. Las mujeres bereberes de Marruecos lo utilizan para el cuidado de la piel desde hace miles de a\u00f1os. La investigaci\u00f3n recientemente publicada sobre demuestra sus antiguos secretos de belleza. Con oficinas en Marruecos, Francia y Estados Unidos, podemos distribuir&hellip;<\/p>\n","protected":false},"author":1,"featured_media":204,"parent":0,"menu_order":0,"comment_status":"closed","ping_status":"closed","template":"","meta":{"footnotes":""},"class_list":["post-251","page","type-page","status-publish","has-post-thumbnail","hentry"],"yoast_head":"<!-- This site is optimized with the Yoast SEO plugin v22.2 - https:\/\/yoast.com\/wordpress\/plugins\/seo\/ -->\n<title>Aceite de arg\u00e1n - %<\/title>\n<meta name=\"description\" content=\"Las mujeres marroqu\u00edes llevan miles de a\u00f1os utilizando el aceite de arg\u00e1n para el cuidado de la piel. Las investigaciones publicadas sobre el aceite de arg\u00e1n demuestran sus antiguos secretos de belleza\" \/>\n<meta name=\"robots\" content=\"index, follow, max-snippet:-1, max-image-preview:large, max-video-preview:-1\" \/>\n<link rel=\"canonical\" href=\"https:\/\/arganoils.com\/es\/sobre-nosotros\/\" \/>\n<meta property=\"og:locale\" content=\"es_ES\" \/>\n<meta property=\"og:type\" content=\"article\" \/>\n<meta property=\"og:title\" content=\"Aceite de arg\u00e1n - %\" \/>\n<meta property=\"og:description\" content=\"Las mujeres marroqu\u00edes llevan miles de a\u00f1os utilizando el aceite de arg\u00e1n para el cuidado de la piel. Las investigaciones publicadas sobre el aceite de arg\u00e1n demuestran sus antiguos secretos de belleza\" \/>\n<meta property=\"og:url\" content=\"https:\/\/arganoils.com\/es\/sobre-nosotros\/\" \/>\n<meta property=\"og:site_name\" content=\"Argan Oils\" \/>\n<meta property=\"article:modified_time\" content=\"2024-03-11T02:46:19+00:00\" \/>\n<meta property=\"og:image\" content=\"https:\/\/arganoils.com\/wp-content\/uploads\/2022\/08\/hero_about.jpg\" \/>\n\t<meta property=\"og:image:width\" content=\"760\" \/>\n\t<meta property=\"og:image:height\" content=\"204\" \/>\n\t<meta property=\"og:image:type\" content=\"image\/jpeg\" \/>\n<meta name=\"twitter:card\" content=\"summary_large_image\" \/>\n<meta name=\"twitter:label1\" content=\"Est. reading time\" \/>\n\t<meta name=\"twitter:data1\" content=\"2 minutes\" \/>\n<script type=\"application\/ld+json\" class=\"yoast-schema-graph\">{\"@context\":\"https:\/\/schema.org\",\"@graph\":[{\"@type\":\"WebPage\",\"@id\":\"https:\/\/arganoils.com\/es\/sobre-nosotros\/\",\"url\":\"https:\/\/arganoils.com\/es\/sobre-nosotros\/\",\"name\":\"Aceite de arg\u00e1n - %\",\"isPartOf\":{\"@id\":\"https:\/\/arganoils.com\/#website\"},\"primaryImageOfPage\":{\"@id\":\"https:\/\/arganoils.com\/es\/sobre-nosotros\/#primaryimage\"},\"image\":{\"@id\":\"https:\/\/arganoils.com\/es\/sobre-nosotros\/#primaryimage\"},\"thumbnailUrl\":\"https:\/\/arganoils.com\/wp-content\/uploads\/2022\/08\/hero_about.jpg\",\"datePublished\":\"2022-08-26T17:48:12+00:00\",\"dateModified\":\"2024-03-11T02:46:19+00:00\",\"description\":\"Las mujeres marroqu\u00edes llevan miles de a\u00f1os utilizando el aceite de arg\u00e1n para el cuidado de la piel. Las investigaciones publicadas sobre el aceite de arg\u00e1n demuestran sus antiguos secretos de belleza\",\"breadcrumb\":{\"@id\":\"https:\/\/arganoils.com\/es\/sobre-nosotros\/#breadcrumb\"},\"inLanguage\":\"es-ES\",\"potentialAction\":[{\"@type\":\"ReadAction\",\"target\":[\"https:\/\/arganoils.com\/es\/sobre-nosotros\/\"]}]},{\"@type\":\"ImageObject\",\"inLanguage\":\"es-ES\",\"@id\":\"https:\/\/arganoils.com\/es\/sobre-nosotros\/#primaryimage\",\"url\":\"https:\/\/arganoils.com\/wp-content\/uploads\/2022\/08\/hero_about.jpg\",\"contentUrl\":\"https:\/\/arganoils.com\/wp-content\/uploads\/2022\/08\/hero_about.jpg\",\"width\":760,\"height\":204,\"caption\":\"100% Pure Argan oil\"},{\"@type\":\"BreadcrumbList\",\"@id\":\"https:\/\/arganoils.com\/es\/sobre-nosotros\/#breadcrumb\",\"itemListElement\":[{\"@type\":\"ListItem\",\"position\":1,\"name\":\"Home\",\"item\":\"https:\/\/arganoils.com\/es\/\"},{\"@type\":\"ListItem\",\"position\":2,\"name\":\"Sobre nosotros\"}]},{\"@type\":\"WebSite\",\"@id\":\"https:\/\/arganoils.com\/#website\",\"url\":\"https:\/\/arganoils.com\/\",\"name\":\"Argan Oils\",\"description\":\"Empower. Protect. Preserve.\",\"publisher\":{\"@id\":\"https:\/\/arganoils.com\/#organization\"},\"potentialAction\":[{\"@type\":\"SearchAction\",\"target\":{\"@type\":\"EntryPoint\",\"urlTemplate\":\"https:\/\/arganoils.com\/?s={search_term_string}\"},\"query-input\":\"required name=search_term_string\"}],\"inLanguage\":\"es-ES\"},{\"@type\":\"Organization\",\"@id\":\"https:\/\/arganoils.com\/#organization\",\"name\":\"Argan Oils\",\"url\":\"https:\/\/arganoils.com\/\",\"logo\":{\"@type\":\"ImageObject\",\"inLanguage\":\"es-ES\",\"@id\":\"https:\/\/arganoils.com\/#\/schema\/logo\/image\/\",\"url\":\"http:\/\/arganoils.com\/wp-content\/uploads\/2022\/08\/home_logo.gif\",\"contentUrl\":\"http:\/\/arganoils.com\/wp-content\/uploads\/2022\/08\/home_logo.gif\",\"width\":242,\"height\":64,\"caption\":\"Argan Oils\"},\"image\":{\"@id\":\"https:\/\/arganoils.com\/#\/schema\/logo\/image\/\"}}]}<\/script>\n<!-- \/ Yoast SEO plugin. -->","yoast_head_json":{"title":"Aceite de arg\u00e1n - %","description":"Las mujeres marroqu\u00edes llevan miles de a\u00f1os utilizando el aceite de arg\u00e1n para el cuidado de la piel. Las investigaciones publicadas sobre el aceite de arg\u00e1n demuestran sus antiguos secretos de belleza","robots":{"index":"index","follow":"follow","max-snippet":"max-snippet:-1","max-image-preview":"max-image-preview:large","max-video-preview":"max-video-preview:-1"},"canonical":"https:\/\/arganoils.com\/es\/sobre-nosotros\/","og_locale":"es_ES","og_type":"article","og_title":"Aceite de arg\u00e1n - %","og_description":"Las mujeres marroqu\u00edes llevan miles de a\u00f1os utilizando el aceite de arg\u00e1n para el cuidado de la piel. Las investigaciones publicadas sobre el aceite de arg\u00e1n demuestran sus antiguos secretos de belleza","og_url":"https:\/\/arganoils.com\/es\/sobre-nosotros\/","og_site_name":"Argan Oils","article_modified_time":"2024-03-11T02:46:19+00:00","og_image":[{"width":760,"height":204,"url":"https:\/\/arganoils.com\/wp-content\/uploads\/2022\/08\/hero_about.jpg","type":"image\/jpeg"}],"twitter_card":"summary_large_image","twitter_misc":{"Est. reading time":"2 minutes"},"schema":{"@context":"https:\/\/schema.org","@graph":[{"@type":"WebPage","@id":"https:\/\/arganoils.com\/es\/sobre-nosotros\/","url":"https:\/\/arganoils.com\/es\/sobre-nosotros\/","name":"Aceite de arg\u00e1n - %","isPartOf":{"@id":"https:\/\/arganoils.com\/#website"},"primaryImageOfPage":{"@id":"https:\/\/arganoils.com\/es\/sobre-nosotros\/#primaryimage"},"image":{"@id":"https:\/\/arganoils.com\/es\/sobre-nosotros\/#primaryimage"},"thumbnailUrl":"https:\/\/arganoils.com\/wp-content\/uploads\/2022\/08\/hero_about.jpg","datePublished":"2022-08-26T17:48:12+00:00","dateModified":"2024-03-11T02:46:19+00:00","description":"Las mujeres marroqu\u00edes llevan miles de a\u00f1os utilizando el aceite de arg\u00e1n para el cuidado de la piel. Las investigaciones publicadas sobre el aceite de arg\u00e1n demuestran sus antiguos secretos de belleza","breadcrumb":{"@id":"https:\/\/arganoils.com\/es\/sobre-nosotros\/#breadcrumb"},"inLanguage":"es-ES","potentialAction":[{"@type":"ReadAction","target":["https:\/\/arganoils.com\/es\/sobre-nosotros\/"]}]},{"@type":"ImageObject","inLanguage":"es-ES","@id":"https:\/\/arganoils.com\/es\/sobre-nosotros\/#primaryimage","url":"https:\/\/arganoils.com\/wp-content\/uploads\/2022\/08\/hero_about.jpg","contentUrl":"https:\/\/arganoils.com\/wp-content\/uploads\/2022\/08\/hero_about.jpg","width":760,"height":204,"caption":"100% Pure Argan oil"},{"@type":"BreadcrumbList","@id":"https:\/\/arganoils.com\/es\/sobre-nosotros\/#breadcrumb","itemListElement":[{"@type":"ListItem","position":1,"name":"Home","item":"https:\/\/arganoils.com\/es\/"},{"@type":"ListItem","position":2,"name":"Sobre nosotros"}]},{"@type":"WebSite","@id":"https:\/\/arganoils.com\/#website","url":"https:\/\/arganoils.com\/","name":"Argan Oils","description":"Empower. Protect. Preserve.","publisher":{"@id":"https:\/\/arganoils.com\/#organization"},"potentialAction":[{"@type":"SearchAction","target":{"@type":"EntryPoint","urlTemplate":"https:\/\/arganoils.com\/?s={search_term_string}"},"query-input":"required name=search_term_string"}],"inLanguage":"es-ES"},{"@type":"Organization","@id":"https:\/\/arganoils.com\/#organization","name":"Argan Oils","url":"https:\/\/arganoils.com\/","logo":{"@type":"ImageObject","inLanguage":"es-ES","@id":"https:\/\/arganoils.com\/#\/schema\/logo\/image\/","url":"http:\/\/arganoils.com\/wp-content\/uploads\/2022\/08\/home_logo.gif","contentUrl":"http:\/\/arganoils.com\/wp-content\/uploads\/2022\/08\/home_logo.gif","width":242,"height":64,"caption":"Argan Oils"},"image":{"@id":"https:\/\/arganoils.com\/#\/schema\/logo\/image\/"}}]}},"_links":{"self":[{"href":"https:\/\/arganoils.com\/es\/wp-json\/wp\/v2\/pages\/251","targetHints":{"allow":["GET"]}}],"collection":[{"href":"https:\/\/arganoils.com\/es\/wp-json\/wp\/v2\/pages"}],"about":[{"href":"https:\/\/arganoils.com\/es\/wp-json\/wp\/v2\/types\/page"}],"author":[{"embeddable":true,"href":"https:\/\/arganoils.com\/es\/wp-json\/wp\/v2\/users\/1"}],"replies":[{"embeddable":true,"href":"https:\/\/arganoils.com\/es\/wp-json\/wp\/v2\/comments?post=251"}],"version-history":[{"count":4,"href":"https:\/\/arganoils.com\/es\/wp-json\/wp\/v2\/pages\/251\/revisions"}],"predecessor-version":[{"id":476,"href":"https:\/\/arganoils.com\/es\/wp-json\/wp\/v2\/pages\/251\/revisions\/476"}],"wp:featuredmedia":[{"embeddable":true,"href":"https:\/\/arganoils.com\/es\/wp-json\/wp\/v2\/media\/204"}],"wp:attachment":[{"href":"https:\/\/arganoils.com\/es\/wp-json\/wp\/v2\/media?parent=251"}],"curies":[{"name":"wp","href":"https:\/\/api.w.org\/{rel}","templated":true}]}}