{"id":257,"date":"2022-08-28T18:18:32","date_gmt":"2022-08-28T18:18:32","guid":{"rendered":"http:\/\/arganoils.com\/empoderar-proteger-conservar\/"},"modified":"2024-03-11T02:49:31","modified_gmt":"2024-03-11T02:49:31","slug":"empoderar-proteger-conservar","status":"publish","type":"page","link":"https:\/\/arganoils.com\/es\/empoderar-proteger-conservar\/","title":{"rendered":"Empoderar. Proteger. Conservar."},"content":{"rendered":"\n<img loading=\"lazy\" decoding=\"async\" src=\"http:\/\/arganoils.com\/wp-content\/uploads\/2022\/08\/heros_women.jpg\" alt=\"Aceite de arg\u00e1n ecol\u00f3gico\" itemprop=\"image\" height=\"204\" width=\"760\" title=\"Aceite de arg\u00e1n ecol\u00f3gico\" onerror=\"this.style.display='none'\">\n\t<h3>Potenciar<\/h3>\n\nLas cooperativas de mujeres se desarrollaron espec\u00edficamente para empoderar a las mujeres de las zonas rurales de Marruecos. El objetivo principal de estas dedicadas mujeres es salvar y proteger el bosque de arg\u00e1n. Las cooperativas trabajan para alcanzar su meta cumpliendo tres objetivos. El primero es la sensibilizaci\u00f3n de las poblaciones locales sobre la importancia del arg\u00e1n y los problemas relacionados con la fragilidad del bosque de arg\u00e1n. La segunda es proporcionar los recursos necesarios para organizar la producci\u00f3n tradicional de aceite de arg\u00e1n. En tercer lugar, las mujeres est\u00e1n desarrollando v\u00edas de comercializaci\u00f3n para los productos de aceite de arg\u00e1n que dar\u00e1n a conocer esta influyente causa.El comercio justo y el desarrollo sostenible son la base de estas iniciativas. Gracias al comercio justo, las mujeres tienen garantizado un salario competitivo. Estos ingresos fundamentales impulsan el estatus social de las mujeres y las cooperativas les permiten salir del aislamiento al que se enfrentan de otro modo. Adem\u00e1s de sus ingresos, las mujeres tienen oportunidades de crecimiento personal a trav\u00e9s de la educaci\u00f3n. Las cooperativas impulsan programas de alfabetizaci\u00f3n y educaci\u00f3n medioambiental, ense\u00f1an habilidades empresariales y las mujeres participan activamente en los procesos de toma de decisiones.\n<p>Un objetivo secundario de las cooperativas es que las mujeres utilicen sus conocimientos para cosechar el fruto del arg\u00e1n de forma respetuosa con el medio ambiente. La preservaci\u00f3n y regeneraci\u00f3n del bosque de arg\u00e1n es el punto central durante cada etapa del proceso de recolecci\u00f3n. Cada mujer contribuye a los proyectos de reforestaci\u00f3n plantando no menos de 10 \u00e1rboles nuevos cada a\u00f1o.<\/p>\nSe calcula que tres millones de personas que viven en zonas rurales dependen del aceite de arg\u00e1n para obtener ingresos. Dado que tiene un impacto directo en su estatus socioecon\u00f3mico, las mujeres asumen toda la responsabilidad de la cosecha y la producci\u00f3n del aceite de arg\u00e1n. Al apoyar el aceite de arg\u00e1n, no s\u00f3lo est\u00e1 preservando la salud de su piel y su cuerpo, sino que est\u00e1 contribuyendo a la protecci\u00f3n del \u00e1rbol de arg\u00e1n y al empoderamiento de las mujeres que producen este extraordinario aceite.\n\n<p>&nbsp;<\/p>\n\t\t\t\t<img loading=\"lazy\" decoding=\"async\" src=\"http:\/\/arganoils.com\/wp-content\/uploads\/2022\/08\/CartonBottle.jpg\" alt=\"Botella de aceite de arg\u00e1n ecol\u00f3gico\" itemprop=\"image\" height=\"337\" width=\"160\" title=\"Botella de aceite de arg\u00e1n ecol\u00f3gico\" onerror=\"this.style.display='none'\">\n\t<h3>Proteja<\/h3>\n\nEl nombre cient\u00edficamente reconocido del \u00e1rbol de arg\u00e1n es Argania Spinosa, una raza de 1,5 millones de a\u00f1os de antig\u00fcedad, aut\u00f3ctona del suroeste de Marruecos, con una vida de 150 a 200 a\u00f1os. El cultivo del fruto de arg\u00e1n utilizado para producir aceite de arg\u00e1n no es en absoluto perjudicial para el \u00e1rbol; al contrario, las investigaciones demuestran que la comercializaci\u00f3n del aceite de arg\u00e1n lo protege realmente. Su apoyo al aceite de arg\u00e1n aumenta el n\u00famero de \u00e1rboles plantados cada a\u00f1o para satisfacer la demanda y concienciar sobre el valor sanitario, social, econ\u00f3mico y medioambiental del \u00e1rbol. Las profundas ra\u00edces del arg\u00e1n son el elemento estabilizador m\u00e1s importante del ecosistema \u00e1rido. Protegen el suelo contra las lluvias torrenciales y la erosi\u00f3n inducida por el viento, mantienen la fertilidad del suelo y tienen la capacidad \u00fanica de extraer agua de 30 metros por debajo, lo que permite a otras plantas de los alrededores alimentarse de su suministro. El \u00e1rbol de arg\u00e1n constituye la \u00faltima barrera contra la invasi\u00f3n del desierto. En 1998, la Organizaci\u00f3n de las Naciones Unidas para la Educaci\u00f3n, la Ciencia y la Cultura<a href=\"http:\/\/www.unesco.org\/mabdb\/br\/brdir\/directory\/biores.asp?mode=all&amp;code=MOR+01\" target=\"_blank\" rel=\"noopener\">(UNESCO<\/a>) tom\u00f3 medidas para proteger el bosque de arg\u00e1n declar\u00e1ndolo &#8220;reserva de la biosfera&#8221; internacional. Tr\u00e1gicamente, en los \u00faltimos 40 a\u00f1os ha desaparecido alrededor de un tercio del bosque de arg\u00e1n.\nEl arg\u00e1n, Argania Spinosa, es una de las joyas naturales m\u00e1s preciadas de Marruecos. Para preservar este tesoro, estamos adoptando un planteamiento \u00e9tico para utilizar los bienes del \u00e1rbol y apoyar al mismo tiempo a los miembros de la comunidad cuyas vidas dependen de ellos. Se calcula que el 90% de la poblaci\u00f3n rural de la regi\u00f3n depende de este \u00e1rbol para usos como la alimentaci\u00f3n, el pienso, los materiales de construcci\u00f3n, el carb\u00f3n vegetal, la sombra, la estabilidad del suelo para los cultivos, la medicina tradicional y las aplicaciones cosm\u00e9ticas. Al elegir los productos de Argan Oils\u2122 Organic Argan Oil est\u00e1 enriqueciendo la salud de su piel y su cuerpo y la vida y el bienestar del medio ambiente marroqu\u00ed y del bosque de arg\u00e1n.\n\n\t\t\t\t<img loading=\"lazy\" decoding=\"async\" src=\"http:\/\/arganoils.com\/wp-content\/uploads\/2022\/08\/Tree_01.gif\" alt=\"\u00c1rbol de aceite de ARGAN ACEITES DE ARGAN\" itemprop=\"image\" height=\"112\" width=\"168\" title=\"\u00c1rbol de aceite de ARGAN ACEITES DE ARGAN\" onerror=\"this.style.display='none'\">\n\t<h3>Conservar<\/h3>\n\nEl aceite de arg\u00e1n es una rica fuente de alimento para la piel que no contiene colorantes, perfumes ni conservantes artificiales que puedan irritar la piel. El aceite de arg\u00e1n no obstruye los poros y tiene una incre\u00edble variedad de beneficios cosm\u00e9ticos para la piel, el cabello y las u\u00f1as. Posee una serie de propiedades antienvejecimiento que han demostrado corregir las arrugas y reafirmar la piel; y su composici\u00f3n rica en antioxidantes y su capacidad ultrahidratante satisfacen las necesidades del consumidor maduro. Cuando se aplica, el Aceite de Arg\u00e1n penetra r\u00e1pidamente dejando la piel suave y tersa sin restos de brillo como otros aceites.\n<p>El aceite de arg\u00e1n es ideal para las pieles con manchas. Tiene propiedades antis\u00e9pticas y bactericidas y ayuda a regular la grasa natural de la piel. Su alto contenido en vitamina E reduce el tiempo de recuperaci\u00f3n al curar y prevenir las cicatrices dejadas por el acn\u00e9 o la cirug\u00eda.<\/p>\n<p>El aceite de arg\u00e1n tiene un efecto significativo sobre la salud y el aspecto del tejido cut\u00e1neo afectado por trastornos como el eczema y la psoriasis. Alivia con \u00e9xito los s\u00edntomas inflamatorios asociados a estos trastornos al tratar eficazmente el enrojecimiento, la inflamaci\u00f3n y la p\u00e9rdida de humedad asociados a la piel seca.<\/p>\n<p>Dado que la piel est\u00e1 sometida constantemente a los efectos negativos del medio ambiente, es importante tomar medidas preventivas. El aceite de arg\u00e1n org\u00e1nico protege las c\u00e9lulas de la piel de los rayos nocivos del sol y se sugiere que su raro componente, el escualeno, protege contra el c\u00e1ncer de piel. Adem\u00e1s, ayuda a las c\u00e9lulas de col\u00e1geno y elastina en su lucha por no separarse durante los periodos r\u00e1pidos de crecimiento o p\u00e9rdida de peso que provocan las estr\u00edas. Act\u00faa para nutrir tu piel y preservar su juventud y vitalidad utilizando el aceite de arg\u00e1n org\u00e1nico Argan Oils\u2122.<\/p>\n&nbsp;\n\n<p><b>A continuaci\u00f3n se enumeran muchos de los beneficios del aceite de arg\u00e1n:<\/b><\/p>\n<ul>\n<li>El aceite de arg\u00e1n reduce notablemente las arrugas y suaviza la piel<\/li>\n<li>El aceite de arg\u00e1n es rico en prote\u00ednas que tensan la piel y protegen su elasticidad.<\/li>\n<li>El aceite de arg\u00e1n regenera r\u00e1pidamente la piel al reiniciar las funciones vitales de las c\u00e9lulas para prevenir el envejecimiento prematuro debido a las agresiones externas (sol, mal tiempo, contaminaci\u00f3n, estr\u00e9s, tabaco, etc.).<\/li>\n<li>El aceite de arg\u00e1n reduce r\u00e1pidamente la irritaci\u00f3n y la inflamaci\u00f3n de la piel.<\/li>\n<li>El aceite de arg\u00e1n reduce notablemente las manchas y retrasa la aparici\u00f3n de arrugas.<\/li>\n<li>El Aceite de Arg\u00e1n posee una acci\u00f3n seborreguladora para las pieles grasas.<\/li>\n<li>El aceite de arg\u00e1n reduce las cicatrices visibles dejadas por el acn\u00e9 o la varicela.<\/li>\n<li>El aceite de arg\u00e1n hidrata significativamente la piel restaurando su barrera natural y neutralizando los radicales libres.<\/li>\n<li>El aceite de arg\u00e1n ayuda a prevenir las estr\u00edas causadas por el embarazo o las fluctuaciones de peso.<\/li>\n<li>El aceite de arg\u00e1n trata el acn\u00e9, el eczema y la psoriasis.<\/li>\n<li>El aceite de arg\u00e1n fortalece las u\u00f1as fr\u00e1giles.<\/li>\n<li>El aceite de arg\u00e1n alivia el reumatismo y el dolor de la artritis.<\/li>\n<li>El aceite de arg\u00e1n devuelve al cabello un brillo extraordinario, cuida el cuero cabelludo para favorecer el crecimiento del cabello y ayuda a reparar las puntas abiertas.<\/li>\n<\/ul>\n\t<strong>&#8220;Para algunos expertos, el aceite de arg\u00e1n es una ventaja&#8221;.<\/strong>\n<strong>&#8220;&#8230;Es un anitager y es ecol\u00f3gico&#8221;.<\/strong>\n<img loading=\"lazy\" decoding=\"async\" src=\"http:\/\/arganoils.com\/wp-content\/uploads\/2022\/08\/elle_logo.gif\" alt=\"\" width=\"47\" height=\"15\">\n\t<p><strong>&#8220;El aceite de arg\u00e1n, al que se le atribuyen efectos restauradores y antiedad, se ha convertido en uno de los \u00faltimos ingredientes milagrosos de la industria de la belleza&#8221;.<\/strong><\/p>\n<p><img loading=\"lazy\" decoding=\"async\" src=\"http:\/\/arganoils.com\/wp-content\/uploads\/2022\/08\/ny_times_logo.gif\" alt=\"\" width=\"100\" height=\"20\"><\/p>\n<p>&nbsp;<\/p>\n\t<h3>Aplicaciones:<\/h3>\n<p>Para nutrir e hidratar el rostro, aplique el Aceite de Arg\u00e1n despu\u00e9s de la limpieza y deje que se absorba completamente antes de aplicar el maquillaje. El aceite de arg\u00e1n proporciona una excelente barrera entre la piel y los contaminantes ambientales y las inclemencias del tiempo. Para el uso nocturno, aplique el Aceite de Arg\u00e1n despu\u00e9s del r\u00e9gimen de limpieza nocturno para mejorar el proceso de rejuvenecimiento de la piel durante el descanso.<\/p>\n<p>El aceite de arg\u00e1n se aplica mejor en el cuerpo en cualquier momento. Durante siglos se ha utilizado tradicionalmente para calmar la piel seca, los m\u00fasculos doloridos, el reumatismo y el dolor de la artritis, y como tratamiento puntual para las cicatrices, el eczema y la psoriasis.<\/p>\n<p>Para fortalecer las u\u00f1as d\u00e9biles o quebradizas, mezcle partes iguales de aceite de arg\u00e1n y zumo de lim\u00f3n y sum\u00e9rjalo durante 10 minutos.<\/p>\n<p>Para revitalizar el cabello, calmar el cuero cabelludo y corregir las puntas abiertas, aplique el Aceite de Arg\u00e1n directamente en el cuero cabelludo y masajee el aceite por el cabello. Esperar 30 minutos y luego lavar con champ\u00fa. Para a\u00f1adir brillo, secar con una toalla y aplicar la cantidad deseada de aceite de arg\u00e1n.<\/p>\n\t\t\t\t<img loading=\"lazy\" decoding=\"async\" src=\"http:\/\/arganoils.com\/wp-content\/uploads\/2022\/08\/woman_apply_sml.jpg\" alt=\"Cuidado de la piel con aceite de arg\u00e1n\" itemprop=\"image\" height=\"141\" width=\"200\" title=\"Cuidado de la piel con aceite de arg\u00e1n\" onerror=\"this.style.display='none'\">\n","protected":false},"excerpt":{"rendered":"","protected":false},"author":1,"featured_media":236,"parent":0,"menu_order":0,"comment_status":"closed","ping_status":"closed","template":"","meta":{"footnotes":""},"class_list":["post-257","page","type-page","status-publish","has-post-thumbnail","hentry"],"yoast_head":"<!-- This site is optimized with the Yoast SEO plugin v22.2 - https:\/\/yoast.com\/wordpress\/plugins\/seo\/ -->\n<title>Empoderar. Proteger. Conservar. - Argan Oils<\/title>\n<meta name=\"description\" content=\"El aceite de arg\u00e1n, del que se dice que tiene efectos restauradores y antienvejecimiento, se ha convertido en uno de los \u00faltimos ingredientes milagrosos de la industria de la belleza.\" \/>\n<meta name=\"robots\" content=\"index, follow, max-snippet:-1, max-image-preview:large, max-video-preview:-1\" \/>\n<link rel=\"canonical\" href=\"https:\/\/arganoils.com\/es\/empoderar-proteger-conservar\/\" \/>\n<meta property=\"og:locale\" content=\"es_ES\" \/>\n<meta property=\"og:type\" content=\"article\" \/>\n<meta property=\"og:title\" content=\"Empoderar. Proteger. Conservar. - Argan Oils\" \/>\n<meta property=\"og:description\" content=\"El aceite de arg\u00e1n, del que se dice que tiene efectos restauradores y antienvejecimiento, se ha convertido en uno de los \u00faltimos ingredientes milagrosos de la industria de la belleza.\" \/>\n<meta property=\"og:url\" content=\"https:\/\/arganoils.com\/es\/empoderar-proteger-conservar\/\" \/>\n<meta property=\"og:site_name\" content=\"Argan Oils\" \/>\n<meta property=\"article:modified_time\" content=\"2024-03-11T02:49:31+00:00\" \/>\n<meta property=\"og:image\" content=\"https:\/\/arganoils.com\/wp-content\/uploads\/2022\/08\/heros_women.jpg\" \/>\n\t<meta property=\"og:image:width\" content=\"760\" \/>\n\t<meta property=\"og:image:height\" content=\"204\" \/>\n\t<meta property=\"og:image:type\" content=\"image\/jpeg\" \/>\n<meta name=\"twitter:card\" content=\"summary_large_image\" \/>\n<meta name=\"twitter:label1\" content=\"Est. reading time\" \/>\n\t<meta name=\"twitter:data1\" content=\"8 minutes\" \/>\n<script type=\"application\/ld+json\" class=\"yoast-schema-graph\">{\"@context\":\"https:\/\/schema.org\",\"@graph\":[{\"@type\":\"WebPage\",\"@id\":\"https:\/\/arganoils.com\/es\/empoderar-proteger-conservar\/\",\"url\":\"https:\/\/arganoils.com\/es\/empoderar-proteger-conservar\/\",\"name\":\"Empoderar. Proteger. Conservar. - Argan Oils\",\"isPartOf\":{\"@id\":\"https:\/\/arganoils.com\/#website\"},\"primaryImageOfPage\":{\"@id\":\"https:\/\/arganoils.com\/es\/empoderar-proteger-conservar\/#primaryimage\"},\"image\":{\"@id\":\"https:\/\/arganoils.com\/es\/empoderar-proteger-conservar\/#primaryimage\"},\"thumbnailUrl\":\"https:\/\/arganoils.com\/wp-content\/uploads\/2022\/08\/heros_women.jpg\",\"datePublished\":\"2022-08-28T18:18:32+00:00\",\"dateModified\":\"2024-03-11T02:49:31+00:00\",\"description\":\"El aceite de arg\u00e1n, del que se dice que tiene efectos restauradores y antienvejecimiento, se ha convertido en uno de los \u00faltimos ingredientes milagrosos de la industria de la belleza.\",\"breadcrumb\":{\"@id\":\"https:\/\/arganoils.com\/es\/empoderar-proteger-conservar\/#breadcrumb\"},\"inLanguage\":\"es-ES\",\"potentialAction\":[{\"@type\":\"ReadAction\",\"target\":[\"https:\/\/arganoils.com\/es\/empoderar-proteger-conservar\/\"]}]},{\"@type\":\"ImageObject\",\"inLanguage\":\"es-ES\",\"@id\":\"https:\/\/arganoils.com\/es\/empoderar-proteger-conservar\/#primaryimage\",\"url\":\"https:\/\/arganoils.com\/wp-content\/uploads\/2022\/08\/heros_women.jpg\",\"contentUrl\":\"https:\/\/arganoils.com\/wp-content\/uploads\/2022\/08\/heros_women.jpg\",\"width\":760,\"height\":204,\"caption\":\"Argan Oil Organic\"},{\"@type\":\"BreadcrumbList\",\"@id\":\"https:\/\/arganoils.com\/es\/empoderar-proteger-conservar\/#breadcrumb\",\"itemListElement\":[{\"@type\":\"ListItem\",\"position\":1,\"name\":\"Home\",\"item\":\"https:\/\/arganoils.com\/es\/\"},{\"@type\":\"ListItem\",\"position\":2,\"name\":\"Empoderar. Proteger. Conservar.\"}]},{\"@type\":\"WebSite\",\"@id\":\"https:\/\/arganoils.com\/#website\",\"url\":\"https:\/\/arganoils.com\/\",\"name\":\"Argan Oils\",\"description\":\"Empower. Protect. Preserve.\",\"publisher\":{\"@id\":\"https:\/\/arganoils.com\/#organization\"},\"potentialAction\":[{\"@type\":\"SearchAction\",\"target\":{\"@type\":\"EntryPoint\",\"urlTemplate\":\"https:\/\/arganoils.com\/?s={search_term_string}\"},\"query-input\":\"required name=search_term_string\"}],\"inLanguage\":\"es-ES\"},{\"@type\":\"Organization\",\"@id\":\"https:\/\/arganoils.com\/#organization\",\"name\":\"Argan Oils\",\"url\":\"https:\/\/arganoils.com\/\",\"logo\":{\"@type\":\"ImageObject\",\"inLanguage\":\"es-ES\",\"@id\":\"https:\/\/arganoils.com\/#\/schema\/logo\/image\/\",\"url\":\"http:\/\/arganoils.com\/wp-content\/uploads\/2022\/08\/home_logo.gif\",\"contentUrl\":\"http:\/\/arganoils.com\/wp-content\/uploads\/2022\/08\/home_logo.gif\",\"width\":242,\"height\":64,\"caption\":\"Argan Oils\"},\"image\":{\"@id\":\"https:\/\/arganoils.com\/#\/schema\/logo\/image\/\"}}]}<\/script>\n<!-- \/ Yoast SEO plugin. -->","yoast_head_json":{"title":"Empoderar. Proteger. Conservar. - Argan Oils","description":"El aceite de arg\u00e1n, del que se dice que tiene efectos restauradores y antienvejecimiento, se ha convertido en uno de los \u00faltimos ingredientes milagrosos de la industria de la belleza.","robots":{"index":"index","follow":"follow","max-snippet":"max-snippet:-1","max-image-preview":"max-image-preview:large","max-video-preview":"max-video-preview:-1"},"canonical":"https:\/\/arganoils.com\/es\/empoderar-proteger-conservar\/","og_locale":"es_ES","og_type":"article","og_title":"Empoderar. Proteger. Conservar. - Argan Oils","og_description":"El aceite de arg\u00e1n, del que se dice que tiene efectos restauradores y antienvejecimiento, se ha convertido en uno de los \u00faltimos ingredientes milagrosos de la industria de la belleza.","og_url":"https:\/\/arganoils.com\/es\/empoderar-proteger-conservar\/","og_site_name":"Argan Oils","article_modified_time":"2024-03-11T02:49:31+00:00","og_image":[{"width":760,"height":204,"url":"https:\/\/arganoils.com\/wp-content\/uploads\/2022\/08\/heros_women.jpg","type":"image\/jpeg"}],"twitter_card":"summary_large_image","twitter_misc":{"Est. reading time":"8 minutes"},"schema":{"@context":"https:\/\/schema.org","@graph":[{"@type":"WebPage","@id":"https:\/\/arganoils.com\/es\/empoderar-proteger-conservar\/","url":"https:\/\/arganoils.com\/es\/empoderar-proteger-conservar\/","name":"Empoderar. Proteger. Conservar. - Argan Oils","isPartOf":{"@id":"https:\/\/arganoils.com\/#website"},"primaryImageOfPage":{"@id":"https:\/\/arganoils.com\/es\/empoderar-proteger-conservar\/#primaryimage"},"image":{"@id":"https:\/\/arganoils.com\/es\/empoderar-proteger-conservar\/#primaryimage"},"thumbnailUrl":"https:\/\/arganoils.com\/wp-content\/uploads\/2022\/08\/heros_women.jpg","datePublished":"2022-08-28T18:18:32+00:00","dateModified":"2024-03-11T02:49:31+00:00","description":"El aceite de arg\u00e1n, del que se dice que tiene efectos restauradores y antienvejecimiento, se ha convertido en uno de los \u00faltimos ingredientes milagrosos de la industria de la belleza.","breadcrumb":{"@id":"https:\/\/arganoils.com\/es\/empoderar-proteger-conservar\/#breadcrumb"},"inLanguage":"es-ES","potentialAction":[{"@type":"ReadAction","target":["https:\/\/arganoils.com\/es\/empoderar-proteger-conservar\/"]}]},{"@type":"ImageObject","inLanguage":"es-ES","@id":"https:\/\/arganoils.com\/es\/empoderar-proteger-conservar\/#primaryimage","url":"https:\/\/arganoils.com\/wp-content\/uploads\/2022\/08\/heros_women.jpg","contentUrl":"https:\/\/arganoils.com\/wp-content\/uploads\/2022\/08\/heros_women.jpg","width":760,"height":204,"caption":"Argan Oil Organic"},{"@type":"BreadcrumbList","@id":"https:\/\/arganoils.com\/es\/empoderar-proteger-conservar\/#breadcrumb","itemListElement":[{"@type":"ListItem","position":1,"name":"Home","item":"https:\/\/arganoils.com\/es\/"},{"@type":"ListItem","position":2,"name":"Empoderar. Proteger. Conservar."}]},{"@type":"WebSite","@id":"https:\/\/arganoils.com\/#website","url":"https:\/\/arganoils.com\/","name":"Argan Oils","description":"Empower. Protect. Preserve.","publisher":{"@id":"https:\/\/arganoils.com\/#organization"},"potentialAction":[{"@type":"SearchAction","target":{"@type":"EntryPoint","urlTemplate":"https:\/\/arganoils.com\/?s={search_term_string}"},"query-input":"required name=search_term_string"}],"inLanguage":"es-ES"},{"@type":"Organization","@id":"https:\/\/arganoils.com\/#organization","name":"Argan Oils","url":"https:\/\/arganoils.com\/","logo":{"@type":"ImageObject","inLanguage":"es-ES","@id":"https:\/\/arganoils.com\/#\/schema\/logo\/image\/","url":"http:\/\/arganoils.com\/wp-content\/uploads\/2022\/08\/home_logo.gif","contentUrl":"http:\/\/arganoils.com\/wp-content\/uploads\/2022\/08\/home_logo.gif","width":242,"height":64,"caption":"Argan Oils"},"image":{"@id":"https:\/\/arganoils.com\/#\/schema\/logo\/image\/"}}]}},"_links":{"self":[{"href":"https:\/\/arganoils.com\/es\/wp-json\/wp\/v2\/pages\/257","targetHints":{"allow":["GET"]}}],"collection":[{"href":"https:\/\/arganoils.com\/es\/wp-json\/wp\/v2\/pages"}],"about":[{"href":"https:\/\/arganoils.com\/es\/wp-json\/wp\/v2\/types\/page"}],"author":[{"embeddable":true,"href":"https:\/\/arganoils.com\/es\/wp-json\/wp\/v2\/users\/1"}],"replies":[{"embeddable":true,"href":"https:\/\/arganoils.com\/es\/wp-json\/wp\/v2\/comments?post=257"}],"version-history":[{"count":4,"href":"https:\/\/arganoils.com\/es\/wp-json\/wp\/v2\/pages\/257\/revisions"}],"predecessor-version":[{"id":488,"href":"https:\/\/arganoils.com\/es\/wp-json\/wp\/v2\/pages\/257\/revisions\/488"}],"wp:featuredmedia":[{"embeddable":true,"href":"https:\/\/arganoils.com\/es\/wp-json\/wp\/v2\/media\/236"}],"wp:attachment":[{"href":"https:\/\/arganoils.com\/es\/wp-json\/wp\/v2\/media?parent=257"}],"curies":[{"name":"wp","href":"https:\/\/api.w.org\/{rel}","templated":true}]}}