{"id":262,"date":"2022-08-26T18:45:12","date_gmt":"2022-08-26T18:45:12","guid":{"rendered":"http:\/\/arganoils.com\/aceite-de-argan\/"},"modified":"2024-03-11T02:47:35","modified_gmt":"2024-03-11T02:47:35","slug":"aceite-de-argan","status":"publish","type":"page","link":"https:\/\/arganoils.com\/es\/aceite-de-argan\/","title":{"rendered":"Aceite de Arg\u00e1n"},"content":{"rendered":"\n<img loading=\"lazy\" decoding=\"async\" src=\"http:\/\/arganoils.com\/wp-content\/uploads\/2022\/08\/hero_argan.jpg\" alt=\"\u00c1rboles de aceite de arg\u00e1n Marruecos\" itemprop=\"image\" height=\"204\" width=\"760\" title=\"Aceite de arg\u00e1n \u00c1rbol de Marruecos\" onerror=\"this.style.display='none'\">\n\t<p><strong>El aceite de arg\u00e1n, que tambi\u00e9n puede reconocerse com\u00fanmente como aceite de arg\u00f3n o aceite de arg\u00e1n, se obtiene del \u00e1rbol Argania Spinosa, originario de Marruecos. Existen dos tipos de aceite de arg\u00e1n: el cosm\u00e9tico y el culinario.<\/strong><\/p>\n<p>&nbsp;<\/p>\n<h3>El aceite de arg\u00e1n cosm\u00e9tico es el alimento natural antienvejecimiento de la piel<\/h3>\n<p>Se ha demostrado que nuestro exclusivo producto reduce la aparici\u00f3n de l\u00edneas finas y arrugas, refuerza la elasticidad, protege contra las estr\u00edas y mejora la salud y vitalidad general de la piel. Tradicionalmente, las mujeres de Marruecos han utilizado el aceite de arg\u00e1n como base de su r\u00e9gimen de belleza, aplic\u00e1ndolo a su piel, cabello y u\u00f1as. Reconocido como un elemento fundamental en los cuidados cosm\u00e9ticos, el aceite de arg\u00e1n se utiliza actualmente en varios productos de belleza. La combinaci\u00f3n de los valores tradicionales y la experiencia cient\u00edfica ha dado lugar a un inventario de varios ingredientes activos sorprendentes de la planta de arg\u00e1n. Estos componentes no s\u00f3lo son beneficiosos para la estructura general y la elasticidad de la piel, sino tambi\u00e9n para el medio ambiente, ya que se producen de forma sostenible y son objeto de un comercio justo.<\/p>\n<p>El aceite de arg\u00e1n es un alimento para su piel. Al igual que el cuerpo necesita nutrirse, la piel debe reponerse y alimentarse para mantenerse sana. Debido al estr\u00e9s ambiental, su piel se ve constantemente privada de los nutrientes necesarios para mantener sus niveles necesarios de hidrataci\u00f3n y col\u00e1geno. El aceite de arg\u00e1n es una soluci\u00f3n natural para defender la piel del envejecimiento prematuro y de la exposici\u00f3n a los rayos UV.<\/p>\n<p>&nbsp;<\/p>\n<h3>El aceite de arg\u00e1n culinario es buscado por chefs de fama mundial<\/h3>\n<p>El aceite de arg\u00e1n culinario es conocido por su ligero aroma a nuez, su delicado sabor y sus documentadas propiedades saludables. Puede utilizarse como un suplemento diet\u00e9tico equilibrado y, al mismo tiempo, proteger el organismo contra las enfermedades cardiovasculares y los trastornos inflamatorios. Estudios cl\u00ednicos recientes han demostrado que el arg\u00e1n es un medio eficaz para reducir el colesterol. Cree comidas incre\u00edbles que alimenten las necesidades nutricionales del cuerpo y promuevan un estilo de vida cardiosaludable con nuestro aceite de arg\u00e1n culinario.<\/p>\n<p>&nbsp;<\/p>\n<h3>Composici\u00f3n del aceite de arg\u00e1n<\/h3>\n<p>El aceite de arg\u00e1n se ha ganado una reputaci\u00f3n internacional como producto natural antienvejecimiento para el cuidado de la piel. Es rico en antioxidantes naturales, \u00e1cidos grasos esenciales, carotenoides, \u00e1cido fer\u00falico, esteroles, polifenoles y contiene niveles notablemente altos de vitamina E. El aceite de arg\u00e1n contiene escualeno, un componente \u00fanico y poco frecuente que se sugiere que protege contra el c\u00e1ncer de piel. El incre\u00edble inventario de ingredientes activos del aceite de arg\u00e1n proporciona a su piel y a su cuerpo los nutrientes que necesita para mantener su saludable luminosidad.<\/p>\n<p>El aceite de arg\u00e1n se utiliza tradicionalmente para el cuidado de la piel, el cabello y las u\u00f1as, la cocina, el masaje, la prevenci\u00f3n de estr\u00edas y la curaci\u00f3n natural de trastornos dermatol\u00f3gicos. Extensas investigaciones han revelado que el aceite de arg\u00e1n: restaura la capa hidrolip\u00eddica de la piel y aumenta la cantidad de nutrientes y ox\u00edgeno en la c\u00e9lula cut\u00e1nea, neutraliza los radicales libres y protege el tejido conjuntivo. Su composici\u00f3n qu\u00edmica ha llevado a numerosos laboratorios a utilizarla en sus productos m\u00e1s vendidos.<\/p>\n<p>El aceite de arg\u00e1n contiene un 80% de \u00e1cidos grasos esenciales insaturados. Los m\u00e1s abundantes son el Omega 9 (\u00e1cido oleico) y el Omega 6 (\u00e1cido linoleico). El omega 6 es el m\u00e1s buscado de los \u00e1cidos grasos esenciales poliinsaturados. Los \u00e1cidos grasos esenciales protegen la integridad celular y afectan a la fluidez de las c\u00e9lulas, ayudando a prevenir la p\u00e9rdida de humedad de la piel. Desempe\u00f1an un papel vital en la formaci\u00f3n de prostaglandina, un antiinflamatorio natural que reduce el dolor, la hinchaz\u00f3n y la inflamaci\u00f3n, al tiempo que estimula la circulaci\u00f3n sangu\u00ednea. Este componente vital hace que Argan Oils\u2122 sea ideal para masajear las articulaciones r\u00edgidas y los m\u00fasculos doloridos.<\/p>\n<p>El aceite de arg\u00e1n es excepcionalmente rico en tocoferoles naturales (vitamina E), as\u00ed como en prote\u00ednas de alto peso molecular. La vitamina E contribuye al desarrollo constante de todos los sistemas corporales, protege las vitaminas liposolubles y los \u00e1cidos grasos esenciales, atrae y mantiene la hidrataci\u00f3n y es un potente antioxidante. La abundancia de prote\u00ednas de alto peso molecular que se encuentra en nuestro producto construye una red de mol\u00e9culas que crea un efecto tensor instant\u00e1neo y visible.<\/p>\n<p>Nuestro aceite de arg\u00e1n culinario tiene un sabor ligero y delicioso que promueve un estilo de vida saludable para el coraz\u00f3n. En recientes ensayos cl\u00ednicos, se ha demostrado que el consumo de aceite de arg\u00e1n disminuye el colesterol y reduce los factores de riesgo cardiovascular, defendiendo as\u00ed la aparici\u00f3n de la aterosclerosis. Los niveles extremadamente altos de \u00e1cidos grasos esenciales y el efecto antioxidante de la vitamina E, los esteroles y los polifenoles ayudan a proteger el coraz\u00f3n y contribuyen a un estilo de vida saludable.<\/p>\n<p>&nbsp;<\/p>\n<h3>Una descripci\u00f3n completa de los principales componentes<\/h3>\n<p>&nbsp;<\/p>\n<p><b>\u00c1cidos Grasos Esenciales<\/b>&nbsp;son grasas necesarias que el ser humano no puede sintetizar y que debe obtener a trav\u00e9s de la dieta o de tratamientos cut\u00e1neos como Argan Oils\u2122. Son compuestos que el organismo necesita para fabricar y reparar las membranas celulares, lo que permite a las c\u00e9lulas obtener una nutrici\u00f3n \u00f3ptima y expulsar los productos de desecho perjudiciales. Son necesarios para regular la salud de la piel y el envejecimiento prematuro. Estos \u00e1cidos desempe\u00f1an un papel importante en la gesti\u00f3n lip\u00eddica de la epidermis, la producci\u00f3n de sebo y son necesarios para la formaci\u00f3n de&nbsp;<b>prostaglandina<\/b>. Todos ellos tienen propiedades de retenci\u00f3n de agua, hidratantes y antioxidantes.<\/p>\n<p><b>La prostaglandina<\/b>&nbsp;es un compuesto lip\u00eddico derivado enzim\u00e1ticamente de los \u00e1cidos grasos esenciales dentro de la c\u00e9lula. Sirve de catalizador para un gran n\u00famero de procesos. Ayuda a regular funciones corporales como el ritmo card\u00edaco, la presi\u00f3n arterial, la contracci\u00f3n del m\u00fasculo liso, la circulaci\u00f3n y la funci\u00f3n inmunitaria. La prostaglandina es un antiinflamatorio natural y act\u00faa como factor de control del crecimiento y desarrollo celular en general.<\/p>\n<p><b>Carotenoides<\/b>&nbsp;son una clase de pigmentos naturales liposolubles que se encuentran en las plantas y sirven para proteger los ojos y la piel de la radiaci\u00f3n UV y de los da\u00f1os causados por los radicales libres; para ayudar a mantener nuestro sistema inmunol\u00f3gico; para promover una piel sana e inhibir el crecimiento de c\u00e9lulas cancerosas. Se ha demostrado que reducen el riesgo de artritis. La clase de carotenoides detectada en el aceite de arg\u00e1n es la de las xantofilas. Funcionan como antioxidantes y, tras su absorci\u00f3n de los alimentos, se convierten en vitamina A en el intestino delgado y se almacenan en el h\u00edgado. Los carotenoides tambi\u00e9n protegen las arterias y el coraz\u00f3n. Sus propiedades antioxidantes ayudan a inhibir la oxidaci\u00f3n del colesterol LDL, el &#8220;colesterol malo&#8221;, que puede provocar la acumulaci\u00f3n de placa en las arterias.<\/p>\n<p><b>Los polifenoles o compuestos polifen\u00f3licos<\/b>&nbsp;son componentes naturales de una gran variedad de plantas y tambi\u00e9n se conocen como metabolitos vegetales secundarios. Estos compuestos activos son conocidos por sus propiedades antis\u00e9pticas, antioxidantes, antiinflamatorias, antial\u00e9rgicas y antienvejecimiento. Potencian la respuesta inmunitaria, mejoran la comunicaci\u00f3n c\u00e9lula a c\u00e9lula, reparan los da\u00f1os en el ADN causados por el tabaquismo y otras exposiciones t\u00f3xicas, y ayudan al organismo a desintoxicar los carcin\u00f3genos mediante la activaci\u00f3n del sistema inmunitario del cuerpo.<\/p>\n<p><b>\u00c1cido Fer\u00falico&nbsp;<\/b>es el compuesto fen\u00f3lico m\u00e1s abundante que se encuentra en el Aceite de Arg\u00e1n. Este antioxidante ayuda a prevenir los da\u00f1os causados por la luz ultravioleta. La exposici\u00f3n a la luz ultravioleta aumenta la potencia antioxidante del \u00e1cido fer\u00falico. A menudo se a\u00f1ade como ingrediente de los suplementos antienvejecimiento. Los estudios han demostrado que el \u00e1cido fer\u00falico puede disminuir los niveles de glucosa en sangre y puede ser de ayuda para los pacientes con diabetes. Parece proteger contra muchos tipos de c\u00e1ncer, la degeneraci\u00f3n \u00f3sea y los s\u00edntomas de la menopausia, como los sofocos. Al igual que muchos otros antioxidantes, el \u00e1cido fer\u00falico reduce el nivel de colesterol y triglic\u00e9ridos, reduciendo as\u00ed el riesgo de enfermedades card\u00edacas.<\/p>\n<p><b>El escualeno<\/b>&nbsp;es un aceite rico en nutrientes. Es un antioxidante liposoluble con la capacidad \u00fanica de anclarse a la membrana celular del organismo. Puede desactivar el radical libre conocido como ox\u00edgeno singlete, el radical libre que se genera por la exposici\u00f3n a la radiaci\u00f3n UV del sol, y tambi\u00e9n puede absorber y aglutinar toxinas liposolubles, ayudando a excretarlas del organismo. El escualeno interviene en el proceso de crecimiento celular. Es capaz de penetrar m\u00e1s profundamente y con mayor facilidad que la mayor\u00eda de los otros aceites. Su compatibilidad con los l\u00edpidos de la piel puede atribuirse al hecho de que el sebo humano, el humectante propio de la piel, se compone de un 25% de escualeno. Est\u00e1 demostrado que tiene un efecto positivo en las pieles maduras y con ros\u00e1cea. Es un bactericida y cicatrizante natural, y se ha demostrado que tiene efectos en el tratamiento de la dermatitis y el c\u00e1ncer de piel.<\/p>\n<p><b>Esteroles (Fitoesteroles)<\/b>&nbsp;son una clase de compuestos similares a los l\u00edpidos que ayudan a prevenir el envejecimiento cut\u00e1neo mejorando el metabolismo de la piel y reduciendo la inflamaci\u00f3n. Favorecen una excelente retenci\u00f3n de la humedad y penetran r\u00e1pidamente. Son vitales para la integridad estructural de la membrana celular. Funcionan en armon\u00eda con la piel humana porque la estructura qu\u00edmica de los esteroles vegetales y los humanos es muy similar. En la piel, los esteroles humanos son el principal componente de su capa m\u00e1s externa y desempe\u00f1an un papel fundamental en la ayuda y el mantenimiento de una funci\u00f3n de barrera cut\u00e1nea \u00f3ptima. Dos de las familias de esteroles presentes en el aceite de arg\u00e1n, el schottenol y el spinasterol, son conocidos por sus propiedades anticancer\u00edgenas y rara vez se encuentran en los aceites vegetales. Adem\u00e1s, se sabe que los esteroles bloquean los lugares de absorci\u00f3n del colesterol en el intestino humano, ayudando as\u00ed a reducir la cantidad total absorbida por el organismo.<\/p>\n<p><b>Vitamina E (tocoferol)<\/b>&nbsp;es una vitamina liposoluble. Es un potente antioxidante y un excelente eliminador de radicales libres. La vitamina E protege los \u00e1cidos grasos esenciales y los niveles de vitamina A en el organismo. Se acumula en la epidermis y forma una barrera contra la evaporaci\u00f3n de la humedad de la piel. La vitamina E previene el envejecimiento celular debido a la oxidaci\u00f3n, ayuda a nutrir las c\u00e9lulas y disminuye la inflamaci\u00f3n y refuerza las paredes capilares. Se ha demostrado que ayuda significativamente a reducir las cicatrices de las heridas y la aparici\u00f3n de estr\u00edas. Las propiedades antioxidantes de la vitamina E ayudan a prevenir la oxidaci\u00f3n del colesterol LDL, el llamado &#8220;colesterol malo&#8221;. Esto puede reducir el riesgo de sufrir enfermedades card\u00edacas y accidentes cerebrovasculares. Las investigaciones han sugerido una relaci\u00f3n entre la vitamina E y la prevenci\u00f3n de ciertos c\u00e1nceres y enfermedades degenerativas.<\/p>\n\n\t<p><img loading=\"lazy\" decoding=\"async\" src=\"http:\/\/arganoils.com\/wp-content\/uploads\/2022\/08\/CartonBottle-142x300.jpg\" alt=\"\" width=\"142\" height=\"300\"><\/p>\n<p><img loading=\"lazy\" decoding=\"async\" src=\"http:\/\/arganoils.com\/wp-content\/uploads\/2022\/08\/culinary_logo.jpg\" alt=\"\" width=\"168\" height=\"91\"><\/p>\n<p>&#8220;Afortunadamente, el \u00faltimo fen\u00f3meno bot\u00e1nico, el aceite de arg\u00e1n antioxidante, no s\u00f3lo rivaliza con todos los dem\u00e1s combatientes de los radicales libres hasta la fecha, sino que su gran demanda tambi\u00e9n ayudar\u00e1 al medio ambiente&#8221;.<\/p>\n<p><img loading=\"lazy\" decoding=\"async\" src=\"http:\/\/arganoils.com\/wp-content\/uploads\/2022\/08\/elle_logo.gif\" alt=\"\" width=\"47\" height=\"15\"><\/p>\n<p>&nbsp;<\/p>\n<p><img loading=\"lazy\" decoding=\"async\" src=\"http:\/\/arganoils.com\/wp-content\/uploads\/2022\/08\/argan_seed.jpg\" alt=\"\" width=\"121\" height=\"110\"><\/p>\n<p><strong>Tratamiento del aceite de arg\u00e1n<\/strong><\/p>\n<p>&#8220;El aceite de arg\u00e1n se obtiene de la nuez de un \u00e1rbol de arg\u00e1n de la regi\u00f3n suroeste de Marruecos. Con un alto contenido en antioxidantes y vitaminas A y D, este tratamiento previene la rotura y favorece un cabello suave e hidratado. Los antioxidantes frenan los efectos negativos que pueden tener la rotura y el da\u00f1o&#8221;<\/p>\n<p><a title=\"Dr. Oz Aceite de Arg\u00e1n  \" href=\"http:\/\/www.doctoroz.com\/videos\/revolutionary-ways-repair-your-hair\" target=\"_blank\" rel=\"noopener\"><b>El Show del Dr. Oz<\/b><\/a><\/p>\n<p><img loading=\"lazy\" decoding=\"async\" src=\"http:\/\/arganoils.com\/wp-content\/uploads\/2022\/08\/ozlogo-header.png\" alt=\"\" width=\"100\" height=\"60\"><\/p>\n<p>&nbsp;<\/p>\n<p><img loading=\"lazy\" decoding=\"async\" src=\"http:\/\/arganoils.com\/wp-content\/uploads\/2022\/08\/Argan_Oil_Man_in_towel-154x300.jpg\" alt=\"\" width=\"154\" height=\"300\"><\/p>\n<p>&nbsp;<\/p>\n<p>&nbsp;<\/p>\n","protected":false},"excerpt":{"rendered":"","protected":false},"author":1,"featured_media":214,"parent":0,"menu_order":0,"comment_status":"closed","ping_status":"closed","template":"","meta":{"footnotes":""},"class_list":["post-262","page","type-page","status-publish","has-post-thumbnail","hentry"],"yoast_head":"<!-- This site is optimized with the Yoast SEO plugin v22.2 - https:\/\/yoast.com\/wordpress\/plugins\/seo\/ -->\n<title>Aceite de Arg\u00e1n - Argan Oils<\/title>\n<meta name=\"description\" content=\"Aceite de Arg\u00e1n Ecol\u00f3gico para la piel y el cabello: Nuestro Aceite de Arg\u00e1n Ecol\u00f3gico es prensado en fr\u00edo, rico en antioxidantes y \u00e1cidos grasos, proporcionando una intensa hidrataci\u00f3n y nutrici\u00f3n a su piel y cabello. Nuestro aceite de arg\u00e1n ecol\u00f3gico se obtiene de forma \u00e9tica y sostenible, lo que garantiza una elecci\u00f3n responsable tanto para su cuerpo como para el planeta. Pruebe nuestro Aceite de Arg\u00e1n Ecol\u00f3gico hoy mismo y experimente los incre\u00edbles beneficios de este aceite milagroso.\" \/>\n<meta name=\"robots\" content=\"index, follow, max-snippet:-1, max-image-preview:large, max-video-preview:-1\" \/>\n<link rel=\"canonical\" href=\"https:\/\/arganoils.com\/es\/aceite-de-argan\/\" \/>\n<meta property=\"og:locale\" content=\"es_ES\" \/>\n<meta property=\"og:type\" content=\"article\" \/>\n<meta property=\"og:title\" content=\"Aceite de Arg\u00e1n - Argan Oils\" \/>\n<meta property=\"og:description\" content=\"Aceite de Arg\u00e1n Ecol\u00f3gico para la piel y el cabello: Nuestro Aceite de Arg\u00e1n Ecol\u00f3gico es prensado en fr\u00edo, rico en antioxidantes y \u00e1cidos grasos, proporcionando una intensa hidrataci\u00f3n y nutrici\u00f3n a su piel y cabello. Nuestro aceite de arg\u00e1n ecol\u00f3gico se obtiene de forma \u00e9tica y sostenible, lo que garantiza una elecci\u00f3n responsable tanto para su cuerpo como para el planeta. Pruebe nuestro Aceite de Arg\u00e1n Ecol\u00f3gico hoy mismo y experimente los incre\u00edbles beneficios de este aceite milagroso.\" \/>\n<meta property=\"og:url\" content=\"https:\/\/arganoils.com\/es\/aceite-de-argan\/\" \/>\n<meta property=\"og:site_name\" content=\"Argan Oils\" \/>\n<meta property=\"article:modified_time\" content=\"2024-03-11T02:47:35+00:00\" \/>\n<meta property=\"og:image\" content=\"https:\/\/arganoils.com\/wp-content\/uploads\/2022\/08\/hero_argan.jpg\" \/>\n\t<meta property=\"og:image:width\" content=\"760\" \/>\n\t<meta property=\"og:image:height\" content=\"204\" \/>\n\t<meta property=\"og:image:type\" content=\"image\/jpeg\" \/>\n<meta name=\"twitter:card\" content=\"summary_large_image\" \/>\n<meta name=\"twitter:label1\" content=\"Est. reading time\" \/>\n\t<meta name=\"twitter:data1\" content=\"10 minutes\" \/>\n<script type=\"application\/ld+json\" class=\"yoast-schema-graph\">{\"@context\":\"https:\/\/schema.org\",\"@graph\":[{\"@type\":\"WebPage\",\"@id\":\"https:\/\/arganoils.com\/es\/aceite-de-argan\/\",\"url\":\"https:\/\/arganoils.com\/es\/aceite-de-argan\/\",\"name\":\"Aceite de Arg\u00e1n - Argan Oils\",\"isPartOf\":{\"@id\":\"https:\/\/arganoils.com\/#website\"},\"primaryImageOfPage\":{\"@id\":\"https:\/\/arganoils.com\/es\/aceite-de-argan\/#primaryimage\"},\"image\":{\"@id\":\"https:\/\/arganoils.com\/es\/aceite-de-argan\/#primaryimage\"},\"thumbnailUrl\":\"https:\/\/arganoils.com\/wp-content\/uploads\/2022\/08\/hero_argan.jpg\",\"datePublished\":\"2022-08-26T18:45:12+00:00\",\"dateModified\":\"2024-03-11T02:47:35+00:00\",\"description\":\"Aceite de Arg\u00e1n Ecol\u00f3gico para la piel y el cabello: Nuestro Aceite de Arg\u00e1n Ecol\u00f3gico es prensado en fr\u00edo, rico en antioxidantes y \u00e1cidos grasos, proporcionando una intensa hidrataci\u00f3n y nutrici\u00f3n a su piel y cabello. Nuestro aceite de arg\u00e1n ecol\u00f3gico se obtiene de forma \u00e9tica y sostenible, lo que garantiza una elecci\u00f3n responsable tanto para su cuerpo como para el planeta. Pruebe nuestro Aceite de Arg\u00e1n Ecol\u00f3gico hoy mismo y experimente los incre\u00edbles beneficios de este aceite milagroso.\",\"breadcrumb\":{\"@id\":\"https:\/\/arganoils.com\/es\/aceite-de-argan\/#breadcrumb\"},\"inLanguage\":\"es-ES\",\"potentialAction\":[{\"@type\":\"ReadAction\",\"target\":[\"https:\/\/arganoils.com\/es\/aceite-de-argan\/\"]}]},{\"@type\":\"ImageObject\",\"inLanguage\":\"es-ES\",\"@id\":\"https:\/\/arganoils.com\/es\/aceite-de-argan\/#primaryimage\",\"url\":\"https:\/\/arganoils.com\/wp-content\/uploads\/2022\/08\/hero_argan.jpg\",\"contentUrl\":\"https:\/\/arganoils.com\/wp-content\/uploads\/2022\/08\/hero_argan.jpg\",\"width\":760,\"height\":204,\"caption\":\"Argan Oil Tree Morocco\"},{\"@type\":\"BreadcrumbList\",\"@id\":\"https:\/\/arganoils.com\/es\/aceite-de-argan\/#breadcrumb\",\"itemListElement\":[{\"@type\":\"ListItem\",\"position\":1,\"name\":\"Home\",\"item\":\"https:\/\/arganoils.com\/es\/\"},{\"@type\":\"ListItem\",\"position\":2,\"name\":\"Aceite de Arg\u00e1n\"}]},{\"@type\":\"WebSite\",\"@id\":\"https:\/\/arganoils.com\/#website\",\"url\":\"https:\/\/arganoils.com\/\",\"name\":\"Argan Oils\",\"description\":\"Empower. Protect. Preserve.\",\"publisher\":{\"@id\":\"https:\/\/arganoils.com\/#organization\"},\"potentialAction\":[{\"@type\":\"SearchAction\",\"target\":{\"@type\":\"EntryPoint\",\"urlTemplate\":\"https:\/\/arganoils.com\/?s={search_term_string}\"},\"query-input\":\"required name=search_term_string\"}],\"inLanguage\":\"es-ES\"},{\"@type\":\"Organization\",\"@id\":\"https:\/\/arganoils.com\/#organization\",\"name\":\"Argan Oils\",\"url\":\"https:\/\/arganoils.com\/\",\"logo\":{\"@type\":\"ImageObject\",\"inLanguage\":\"es-ES\",\"@id\":\"https:\/\/arganoils.com\/#\/schema\/logo\/image\/\",\"url\":\"http:\/\/arganoils.com\/wp-content\/uploads\/2022\/08\/home_logo.gif\",\"contentUrl\":\"http:\/\/arganoils.com\/wp-content\/uploads\/2022\/08\/home_logo.gif\",\"width\":242,\"height\":64,\"caption\":\"Argan Oils\"},\"image\":{\"@id\":\"https:\/\/arganoils.com\/#\/schema\/logo\/image\/\"}}]}<\/script>\n<!-- \/ Yoast SEO plugin. -->","yoast_head_json":{"title":"Aceite de Arg\u00e1n - Argan Oils","description":"Aceite de Arg\u00e1n Ecol\u00f3gico para la piel y el cabello: Nuestro Aceite de Arg\u00e1n Ecol\u00f3gico es prensado en fr\u00edo, rico en antioxidantes y \u00e1cidos grasos, proporcionando una intensa hidrataci\u00f3n y nutrici\u00f3n a su piel y cabello. Nuestro aceite de arg\u00e1n ecol\u00f3gico se obtiene de forma \u00e9tica y sostenible, lo que garantiza una elecci\u00f3n responsable tanto para su cuerpo como para el planeta. Pruebe nuestro Aceite de Arg\u00e1n Ecol\u00f3gico hoy mismo y experimente los incre\u00edbles beneficios de este aceite milagroso.","robots":{"index":"index","follow":"follow","max-snippet":"max-snippet:-1","max-image-preview":"max-image-preview:large","max-video-preview":"max-video-preview:-1"},"canonical":"https:\/\/arganoils.com\/es\/aceite-de-argan\/","og_locale":"es_ES","og_type":"article","og_title":"Aceite de Arg\u00e1n - Argan Oils","og_description":"Aceite de Arg\u00e1n Ecol\u00f3gico para la piel y el cabello: Nuestro Aceite de Arg\u00e1n Ecol\u00f3gico es prensado en fr\u00edo, rico en antioxidantes y \u00e1cidos grasos, proporcionando una intensa hidrataci\u00f3n y nutrici\u00f3n a su piel y cabello. Nuestro aceite de arg\u00e1n ecol\u00f3gico se obtiene de forma \u00e9tica y sostenible, lo que garantiza una elecci\u00f3n responsable tanto para su cuerpo como para el planeta. Pruebe nuestro Aceite de Arg\u00e1n Ecol\u00f3gico hoy mismo y experimente los incre\u00edbles beneficios de este aceite milagroso.","og_url":"https:\/\/arganoils.com\/es\/aceite-de-argan\/","og_site_name":"Argan Oils","article_modified_time":"2024-03-11T02:47:35+00:00","og_image":[{"width":760,"height":204,"url":"https:\/\/arganoils.com\/wp-content\/uploads\/2022\/08\/hero_argan.jpg","type":"image\/jpeg"}],"twitter_card":"summary_large_image","twitter_misc":{"Est. reading time":"10 minutes"},"schema":{"@context":"https:\/\/schema.org","@graph":[{"@type":"WebPage","@id":"https:\/\/arganoils.com\/es\/aceite-de-argan\/","url":"https:\/\/arganoils.com\/es\/aceite-de-argan\/","name":"Aceite de Arg\u00e1n - Argan Oils","isPartOf":{"@id":"https:\/\/arganoils.com\/#website"},"primaryImageOfPage":{"@id":"https:\/\/arganoils.com\/es\/aceite-de-argan\/#primaryimage"},"image":{"@id":"https:\/\/arganoils.com\/es\/aceite-de-argan\/#primaryimage"},"thumbnailUrl":"https:\/\/arganoils.com\/wp-content\/uploads\/2022\/08\/hero_argan.jpg","datePublished":"2022-08-26T18:45:12+00:00","dateModified":"2024-03-11T02:47:35+00:00","description":"Aceite de Arg\u00e1n Ecol\u00f3gico para la piel y el cabello: Nuestro Aceite de Arg\u00e1n Ecol\u00f3gico es prensado en fr\u00edo, rico en antioxidantes y \u00e1cidos grasos, proporcionando una intensa hidrataci\u00f3n y nutrici\u00f3n a su piel y cabello. Nuestro aceite de arg\u00e1n ecol\u00f3gico se obtiene de forma \u00e9tica y sostenible, lo que garantiza una elecci\u00f3n responsable tanto para su cuerpo como para el planeta. Pruebe nuestro Aceite de Arg\u00e1n Ecol\u00f3gico hoy mismo y experimente los incre\u00edbles beneficios de este aceite milagroso.","breadcrumb":{"@id":"https:\/\/arganoils.com\/es\/aceite-de-argan\/#breadcrumb"},"inLanguage":"es-ES","potentialAction":[{"@type":"ReadAction","target":["https:\/\/arganoils.com\/es\/aceite-de-argan\/"]}]},{"@type":"ImageObject","inLanguage":"es-ES","@id":"https:\/\/arganoils.com\/es\/aceite-de-argan\/#primaryimage","url":"https:\/\/arganoils.com\/wp-content\/uploads\/2022\/08\/hero_argan.jpg","contentUrl":"https:\/\/arganoils.com\/wp-content\/uploads\/2022\/08\/hero_argan.jpg","width":760,"height":204,"caption":"Argan Oil Tree Morocco"},{"@type":"BreadcrumbList","@id":"https:\/\/arganoils.com\/es\/aceite-de-argan\/#breadcrumb","itemListElement":[{"@type":"ListItem","position":1,"name":"Home","item":"https:\/\/arganoils.com\/es\/"},{"@type":"ListItem","position":2,"name":"Aceite de Arg\u00e1n"}]},{"@type":"WebSite","@id":"https:\/\/arganoils.com\/#website","url":"https:\/\/arganoils.com\/","name":"Argan Oils","description":"Empower. Protect. Preserve.","publisher":{"@id":"https:\/\/arganoils.com\/#organization"},"potentialAction":[{"@type":"SearchAction","target":{"@type":"EntryPoint","urlTemplate":"https:\/\/arganoils.com\/?s={search_term_string}"},"query-input":"required name=search_term_string"}],"inLanguage":"es-ES"},{"@type":"Organization","@id":"https:\/\/arganoils.com\/#organization","name":"Argan Oils","url":"https:\/\/arganoils.com\/","logo":{"@type":"ImageObject","inLanguage":"es-ES","@id":"https:\/\/arganoils.com\/#\/schema\/logo\/image\/","url":"http:\/\/arganoils.com\/wp-content\/uploads\/2022\/08\/home_logo.gif","contentUrl":"http:\/\/arganoils.com\/wp-content\/uploads\/2022\/08\/home_logo.gif","width":242,"height":64,"caption":"Argan Oils"},"image":{"@id":"https:\/\/arganoils.com\/#\/schema\/logo\/image\/"}}]}},"_links":{"self":[{"href":"https:\/\/arganoils.com\/es\/wp-json\/wp\/v2\/pages\/262","targetHints":{"allow":["GET"]}}],"collection":[{"href":"https:\/\/arganoils.com\/es\/wp-json\/wp\/v2\/pages"}],"about":[{"href":"https:\/\/arganoils.com\/es\/wp-json\/wp\/v2\/types\/page"}],"author":[{"embeddable":true,"href":"https:\/\/arganoils.com\/es\/wp-json\/wp\/v2\/users\/1"}],"replies":[{"embeddable":true,"href":"https:\/\/arganoils.com\/es\/wp-json\/wp\/v2\/comments?post=262"}],"version-history":[{"count":4,"href":"https:\/\/arganoils.com\/es\/wp-json\/wp\/v2\/pages\/262\/revisions"}],"predecessor-version":[{"id":480,"href":"https:\/\/arganoils.com\/es\/wp-json\/wp\/v2\/pages\/262\/revisions\/480"}],"wp:featuredmedia":[{"embeddable":true,"href":"https:\/\/arganoils.com\/es\/wp-json\/wp\/v2\/media\/214"}],"wp:attachment":[{"href":"https:\/\/arganoils.com\/es\/wp-json\/wp\/v2\/media?parent=262"}],"curies":[{"name":"wp","href":"https:\/\/api.w.org\/{rel}","templated":true}]}}