{"id":305,"date":"2022-08-28T18:36:22","date_gmt":"2022-08-28T18:36:22","guid":{"rendered":"http:\/\/arganoils.com\/noticias-investigacion\/"},"modified":"2024-03-11T02:53:09","modified_gmt":"2024-03-11T02:53:09","slug":"noticias-investigacion","status":"publish","type":"page","link":"https:\/\/arganoils.com\/es\/noticias-investigacion\/","title":{"rendered":"Noticias\/Investigaci\u00f3n"},"content":{"rendered":"\n<img loading=\"lazy\" decoding=\"async\" src=\"http:\/\/arganoils.com\/wp-content\/uploads\/2022\/08\/hero_tubes.jpg\" alt=\"Investigaci\u00f3n sobre el aceite de arg\u00e1n\" itemprop=\"image\" height=\"204\" width=\"760\" title=\"Investigaci\u00f3n sobre el aceite de arg\u00e1n\" onerror=\"this.style.display='none'\">\n\t<h3>Art\u00edculos de investigaci\u00f3n publicados en ingl\u00e9s<\/h3>\n<p>Un agradecimiento especial a la Dra. Zoubida Charrouf, al profesor Ahmed Adlouni y a otros investigadores por facilitar la investigaci\u00f3n.<\/p>\n<ul>\n<li><a href=\"http:\/\/www.arganoils.com\/articles\/en\/Antiproliferative%20effect%20of%20polyphenols%20and%20sterols%20of%20virgin%20argan%20oil%20on%20human%20cancer%20cell%20line.pdf\" target=\"_blank\" rel=\"noopener\">Efecto antiproliferativo de los polifenoles y esteroles del aceite de arg\u00e1n virgen sobre la l\u00ednea celular del c\u00e1ncer de pr\u00f3stata humano.<\/a><\/li>\n<li><a href=\"http:\/\/www.arganoils.com\/articles\/en\/Argan%20Oil%20Which%20Benefit%20on%20Cardioviscular%20Diseases.pdf\">Aceite de Arg\u00e1n: Qu\u00e9 beneficio en las enfermedades cardiovisculares.<\/a><\/li>\n<li><a href=\"http:\/\/www.arganoils.com\/articles\/en\/argan%20oils%20production%20process%20&amp;%20composition.pdf\">Proceso de producci\u00f3n y composici\u00f3n del aceite de arg\u00e1n.<\/a><\/li>\n<li><a href=\"http:\/\/www.arganoils.com\/articles\/en\/Cancer%20chemopreventive%20effects%20of%20argan%20oil.pdf\">Efectos quimiopreventivos del aceite de arg\u00e1n contra el c\u00e1ncer.<\/a><\/li>\n<li><a href=\"http:\/\/www.arganoils.com\/articles\/en\/Colorimetric%20Evaluation%20of%20Phenolic%20Content%20and%20GC-MS%20Characterization%20of%20%20phenolic%20composition%20alimentary%20and%20cosmetic%20Argan%20Oil.pdf\">Evaluaci\u00f3n colorim\u00e9trica del contenido fen\u00f3lico y caracterizaci\u00f3n por GC-MS de la composici\u00f3n fen\u00f3lica del aceite de arg\u00e1n alimentario y cosm\u00e9tico.<\/a><\/li>\n<li><a href=\"http:\/\/www.arganoils.com\/articles\/en\/Consumption%20of%20argan%20oil%20may%20have%20an%20antiatherogenic%20%20effect%20by%20improving%20%20Paraoxonase%20activities%20&amp;%20Antioxidant%20Status.pdf\">El consumo de aceite de arg\u00e1n puede tener un efecto antiaterog\u00e9nico al mejorar las actividades de la paraoxonasa y el estado antioxidante.<\/a><\/li>\n<li><a href=\"http:\/\/www.arganoils.com\/articles\/en\/Disease%20preventioSecondary%20metabolites%20of%20the%20argan%20tree%20(Morocco)%20mayn.pdf\">Los metabolitos secundarios del \u00e1rbol de arg\u00e1n (Marruecos) pueden tener propiedades de prevenci\u00f3n de enfermedades.<\/a><\/li>\n<li><a href=\"http:\/\/www.arganoils.com\/articles\/en\/Ecological%20farming%20&amp;%20Argan.pdf\">Agricultura ecol\u00f3gica y Arg\u00e1n.<\/a><\/li>\n<li><a href=\"http:\/\/www.arganoils.com\/articles\/en\/Ethnoeconomical,%20Ethnomedical,%20and.pdf\">Estudio etnoecon\u00f3mico, etnom\u00e9dico y fitoqu\u00edmico de Argania spinosa.<\/a><\/li>\n<li><a href=\"http:\/\/www.arganoils.com\/articles\/en\/Evidence%20of%20hypolipemiant%20and%20antioxidant.pdf\">Evidencia de las propiedades hipolipemiantes y antioxidantes del aceite de arg\u00e1n derivado del \u00e1rbol de arg\u00e1n.<\/a><\/li>\n<li><a href=\"http:\/\/www.arganoils.com\/articles\/en\/How%20Ecological%20Farming,%20Fair%20Trade%20and%20Sustainability%20Can%20Drive%20research%20for%20new%20cosmetic%20ingredients.pdf\">C\u00f3mo la agricultura ecol\u00f3gica, el comercio justo y la sostenibilidad pueden impulsar la investigaci\u00f3n de nuevos ingredientes cosm\u00e9ticos.<\/a><\/li>\n<li><a href=\"http:\/\/www.arganoils.com\/articles\/en\/Influence%20of%20Origin%20version%20finale.pdf\">Influencia del origen y del m\u00e9todo de extracci\u00f3n en las caracter\u00edsticas fisicoqu\u00edmicas y la composici\u00f3n del aceite de arg\u00e1n.<\/a><\/li>\n<li><a href=\"http:\/\/www.arganoils.com\/articles\/en\/Insulin-sensitizing%20and%20Anti-proliferative%20Effects%20of.pdf\">Efectos sensibilizadores de la insulina y antiproliferativos de los extractos de semillas de Arania spinosa.<\/a><\/li>\n<li><a href=\"http:\/\/www.arganoils.com\/articles\/en\/Nutritional%20Intervention%20Study%20with%20Argan%20oil%20in%20man%20effect%20of%20lipids%20&amp;%20Apolipoproteins.pdf\">Estudio de intervenci\u00f3n nutricional con aceite de arg\u00e1n en el hombre: Efecto de los l\u00edpidos y las apolipoprote\u00ednas.<\/a><\/li>\n<li><a href=\"http:\/\/www.arganoils.com\/articles\/en\/Phenolic-extract%20from%20argan%20oil%20(Argania%20spinosa%20L.)%20inhibits%20human.pdf\">El extracto fen\u00f3lico del aceite de arg\u00e1n inhibe la oxidaci\u00f3n de las lipoprote\u00ednas de baja densidad (LDL) humanas y mejora el flujo de colesterol de los macr\u00f3fagos THP-1 humanos.<\/a><\/li>\n<li><a href=\"http:\/\/www.arganoils.com\/articles\/en\/Secondary%20metabolites%20from%20argania%20spinosa.pdf\">Metabolitos secundarios de Argania spinosa.<\/a><\/li>\n<li><a href=\"http:\/\/www.arganoils.com\/articles\/en\/Tocopherols%20&amp;%20Saponins%20Derived%20From%20Argania%20Spinosa%20Exert%20an%20Antiproliferative%20Effect%20on%20Human%20Prostate%20Cancer.pdf\">Los tocoferoles y las saponinas derivados de la Argania spinosa ejercen un efecto antiproliferativo en el c\u00e1ncer de pr\u00f3stata humano.<\/a><\/li>\n<\/ul>\n\t<h3>Art\u00edculos de investigaci\u00f3n publicados en franc\u00e9s<\/h3>\nMerci a Dr. Zoubida Charrouf, Prof. Ahmed Adlouni,<br>\ny otros investigadores para realizar las investigaciones.\n<ul>\n<li><a href=\"http:\/\/www.arganoils.com\/articles\/fr\/AFSSA%20certification.pdf\" target=\"_blank\" rel=\"noopener\">Certificaci\u00f3n AFSSA.<\/a><\/li>\n<li><a href=\"http:\/\/www.arganoils.com\/articles\/fr\/Argan%20Oil%20Un%20Produit%20De%20Terroir.pdf\" target=\"_blank\" rel=\"noopener\">Argan Oil Un Produit De Terroir.<\/a><\/li>\n<li><a href=\"http:\/\/www.arganoils.com\/articles\/fr\/Arganier%20Marocaine%20Histoire,%20Heritage%20&amp;%20Patrimoine.pdf\" target=\"_blank\" rel=\"noopener\">Arganier Marocaine Histoire, Heritage &amp; Patrimoine.<\/a><\/li>\n<li><a href=\"http:\/\/www.arganoils.com\/articles\/fr\/Arganier%20particularite%20Ecologique%20importance%20socio-economic.pdf\" target=\"_blank\" rel=\"noopener\">Arganier particularite Ecologique importance socio-economic.<\/a><\/li>\n<li><a href=\"http:\/\/www.arganoils.com\/articles\/fr\/Arganier,%20huile%20d'argan%20et%20d%C3%83%E2%80%A1riv%C3%83%E2%80%A1s.%20Une%20esp%C3%83%C2%A4ce%20end%C3%83%E2%80%A1mique%20marocaine%20(du%20site%20GreenHealth).pdf\" target=\"_blank\" rel=\"noopener\">Arganier, huile d&#8217;argan et d\u00e8riv\u00e8s. Una especie end\u00e9mica marroqu\u00ed (del sitio GreenHealth).<\/a><\/li>\n<li><a href=\"http:\/\/www.arganoils.com\/articles\/fr\/Hormones%20thyro%C3%83%C2%A3diennes%20et%20bilan%20lipidique%20de%20deux.pdf\" target=\"_blank\" rel=\"noopener\">Hormonas tiroideas y balance lip\u00eddico de dos.<\/a><\/li>\n<li><a href=\"http:\/\/www.arganoils.com\/articles\/fr\/L%60Arganier.pdf\" target=\"_blank\" rel=\"noopener\">L`Arganier.<\/a><\/li>\n<li><a href=\"http:\/\/www.arganoils.com\/articles\/fr\/L'Arganier%20Levier%20Du%20Developpment%20Humain%20de%20Milieu%20Rural%20Marocain.pdf\" target=\"_blank\" rel=\"noopener\">L&#8217;Arganier Levier Du Developpment Humain de Milieu Rural Marocain.<\/a><\/li>\n<li><a href=\"http:\/\/www.arganoils.com\/articles\/fr\/Rapport%20relatif%20%C3%83%E2%80%93%20l'%C3%83%E2%80%A1quivalence%20en%20substance%20de.pdf\" target=\"_blank\" rel=\"noopener\">Informe relativo a la equivalencia en sustancia de.<\/a><\/li>\n<li><a href=\"http:\/\/www.arganoils.com\/articles\/fr\/these_arganeraie.pdf\" target=\"_blank\" rel=\"noopener\">Estos_arganeraie.<\/a><\/li>\n<li><a href=\"http:\/\/www.arganoils.com\/articles\/fr\/Valorisation%20de%20L%60Arganier%20Resultats%20et%20prespectives.pdf\" target=\"_blank\" rel=\"noopener\">Valorisation de L`Arganier Resultats et prespectives.<\/a><\/li>\n<\/ul>\n<h2>\n Noticias\n\t<\/h2>\n","protected":false},"excerpt":{"rendered":"","protected":false},"author":1,"featured_media":0,"parent":0,"menu_order":0,"comment_status":"closed","ping_status":"closed","template":"","meta":{"footnotes":""},"class_list":["post-305","page","type-page","status-publish","hentry"],"yoast_head":"<!-- This site is optimized with the Yoast SEO plugin v22.2 - https:\/\/yoast.com\/wordpress\/plugins\/seo\/ -->\n<title>Noticias\/Investigaci\u00f3n - Argan Oils<\/title>\n<meta name=\"description\" content=\"Art\u00edculos de investigaci\u00f3n sobre el aceite de arg\u00e1n publicados.\" \/>\n<meta name=\"robots\" content=\"index, follow, max-snippet:-1, max-image-preview:large, max-video-preview:-1\" \/>\n<link rel=\"canonical\" href=\"https:\/\/arganoils.com\/es\/noticias-investigacion\/\" \/>\n<meta property=\"og:locale\" content=\"es_ES\" \/>\n<meta property=\"og:type\" content=\"article\" \/>\n<meta property=\"og:title\" content=\"Noticias\/Investigaci\u00f3n - Argan Oils\" \/>\n<meta property=\"og:description\" content=\"Art\u00edculos de investigaci\u00f3n sobre el aceite de arg\u00e1n publicados.\" \/>\n<meta property=\"og:url\" content=\"https:\/\/arganoils.com\/es\/noticias-investigacion\/\" \/>\n<meta property=\"og:site_name\" content=\"Argan Oils\" \/>\n<meta property=\"article:modified_time\" content=\"2024-03-11T02:53:09+00:00\" \/>\n<meta property=\"og:image\" content=\"http:\/\/arganoils.com\/wp-content\/uploads\/2022\/08\/hero_tubes.jpg\" \/>\n<meta name=\"twitter:card\" content=\"summary_large_image\" \/>\n<meta name=\"twitter:label1\" content=\"Est. reading time\" \/>\n\t<meta name=\"twitter:data1\" content=\"2 minutes\" \/>\n<script type=\"application\/ld+json\" class=\"yoast-schema-graph\">{\"@context\":\"https:\/\/schema.org\",\"@graph\":[{\"@type\":\"WebPage\",\"@id\":\"https:\/\/arganoils.com\/es\/noticias-investigacion\/\",\"url\":\"https:\/\/arganoils.com\/es\/noticias-investigacion\/\",\"name\":\"Noticias\/Investigaci\u00f3n - Argan Oils\",\"isPartOf\":{\"@id\":\"https:\/\/arganoils.com\/#website\"},\"primaryImageOfPage\":{\"@id\":\"https:\/\/arganoils.com\/es\/noticias-investigacion\/#primaryimage\"},\"image\":{\"@id\":\"https:\/\/arganoils.com\/es\/noticias-investigacion\/#primaryimage\"},\"thumbnailUrl\":\"http:\/\/arganoils.com\/wp-content\/uploads\/2022\/08\/hero_tubes.jpg\",\"datePublished\":\"2022-08-28T18:36:22+00:00\",\"dateModified\":\"2024-03-11T02:53:09+00:00\",\"description\":\"Art\u00edculos de investigaci\u00f3n sobre el aceite de arg\u00e1n publicados.\",\"breadcrumb\":{\"@id\":\"https:\/\/arganoils.com\/es\/noticias-investigacion\/#breadcrumb\"},\"inLanguage\":\"es-ES\",\"potentialAction\":[{\"@type\":\"ReadAction\",\"target\":[\"https:\/\/arganoils.com\/es\/noticias-investigacion\/\"]}]},{\"@type\":\"ImageObject\",\"inLanguage\":\"es-ES\",\"@id\":\"https:\/\/arganoils.com\/es\/noticias-investigacion\/#primaryimage\",\"url\":\"https:\/\/arganoils.com\/wp-content\/uploads\/2022\/08\/hero_tubes.jpg\",\"contentUrl\":\"https:\/\/arganoils.com\/wp-content\/uploads\/2022\/08\/hero_tubes.jpg\",\"width\":760,\"height\":204,\"caption\":\"Argan Oil Research\"},{\"@type\":\"BreadcrumbList\",\"@id\":\"https:\/\/arganoils.com\/es\/noticias-investigacion\/#breadcrumb\",\"itemListElement\":[{\"@type\":\"ListItem\",\"position\":1,\"name\":\"Home\",\"item\":\"https:\/\/arganoils.com\/es\/\"},{\"@type\":\"ListItem\",\"position\":2,\"name\":\"Noticias\/Investigaci\u00f3n\"}]},{\"@type\":\"WebSite\",\"@id\":\"https:\/\/arganoils.com\/#website\",\"url\":\"https:\/\/arganoils.com\/\",\"name\":\"Argan Oils\",\"description\":\"Empower. Protect. Preserve.\",\"publisher\":{\"@id\":\"https:\/\/arganoils.com\/#organization\"},\"potentialAction\":[{\"@type\":\"SearchAction\",\"target\":{\"@type\":\"EntryPoint\",\"urlTemplate\":\"https:\/\/arganoils.com\/?s={search_term_string}\"},\"query-input\":\"required name=search_term_string\"}],\"inLanguage\":\"es-ES\"},{\"@type\":\"Organization\",\"@id\":\"https:\/\/arganoils.com\/#organization\",\"name\":\"Argan Oils\",\"url\":\"https:\/\/arganoils.com\/\",\"logo\":{\"@type\":\"ImageObject\",\"inLanguage\":\"es-ES\",\"@id\":\"https:\/\/arganoils.com\/#\/schema\/logo\/image\/\",\"url\":\"http:\/\/arganoils.com\/wp-content\/uploads\/2022\/08\/home_logo.gif\",\"contentUrl\":\"http:\/\/arganoils.com\/wp-content\/uploads\/2022\/08\/home_logo.gif\",\"width\":242,\"height\":64,\"caption\":\"Argan Oils\"},\"image\":{\"@id\":\"https:\/\/arganoils.com\/#\/schema\/logo\/image\/\"}}]}<\/script>\n<!-- \/ Yoast SEO plugin. -->","yoast_head_json":{"title":"Noticias\/Investigaci\u00f3n - Argan Oils","description":"Art\u00edculos de investigaci\u00f3n sobre el aceite de arg\u00e1n publicados.","robots":{"index":"index","follow":"follow","max-snippet":"max-snippet:-1","max-image-preview":"max-image-preview:large","max-video-preview":"max-video-preview:-1"},"canonical":"https:\/\/arganoils.com\/es\/noticias-investigacion\/","og_locale":"es_ES","og_type":"article","og_title":"Noticias\/Investigaci\u00f3n - Argan Oils","og_description":"Art\u00edculos de investigaci\u00f3n sobre el aceite de arg\u00e1n publicados.","og_url":"https:\/\/arganoils.com\/es\/noticias-investigacion\/","og_site_name":"Argan Oils","article_modified_time":"2024-03-11T02:53:09+00:00","og_image":[{"url":"http:\/\/arganoils.com\/wp-content\/uploads\/2022\/08\/hero_tubes.jpg"}],"twitter_card":"summary_large_image","twitter_misc":{"Est. reading time":"2 minutes"},"schema":{"@context":"https:\/\/schema.org","@graph":[{"@type":"WebPage","@id":"https:\/\/arganoils.com\/es\/noticias-investigacion\/","url":"https:\/\/arganoils.com\/es\/noticias-investigacion\/","name":"Noticias\/Investigaci\u00f3n - Argan Oils","isPartOf":{"@id":"https:\/\/arganoils.com\/#website"},"primaryImageOfPage":{"@id":"https:\/\/arganoils.com\/es\/noticias-investigacion\/#primaryimage"},"image":{"@id":"https:\/\/arganoils.com\/es\/noticias-investigacion\/#primaryimage"},"thumbnailUrl":"http:\/\/arganoils.com\/wp-content\/uploads\/2022\/08\/hero_tubes.jpg","datePublished":"2022-08-28T18:36:22+00:00","dateModified":"2024-03-11T02:53:09+00:00","description":"Art\u00edculos de investigaci\u00f3n sobre el aceite de arg\u00e1n publicados.","breadcrumb":{"@id":"https:\/\/arganoils.com\/es\/noticias-investigacion\/#breadcrumb"},"inLanguage":"es-ES","potentialAction":[{"@type":"ReadAction","target":["https:\/\/arganoils.com\/es\/noticias-investigacion\/"]}]},{"@type":"ImageObject","inLanguage":"es-ES","@id":"https:\/\/arganoils.com\/es\/noticias-investigacion\/#primaryimage","url":"https:\/\/arganoils.com\/wp-content\/uploads\/2022\/08\/hero_tubes.jpg","contentUrl":"https:\/\/arganoils.com\/wp-content\/uploads\/2022\/08\/hero_tubes.jpg","width":760,"height":204,"caption":"Argan Oil Research"},{"@type":"BreadcrumbList","@id":"https:\/\/arganoils.com\/es\/noticias-investigacion\/#breadcrumb","itemListElement":[{"@type":"ListItem","position":1,"name":"Home","item":"https:\/\/arganoils.com\/es\/"},{"@type":"ListItem","position":2,"name":"Noticias\/Investigaci\u00f3n"}]},{"@type":"WebSite","@id":"https:\/\/arganoils.com\/#website","url":"https:\/\/arganoils.com\/","name":"Argan Oils","description":"Empower. Protect. Preserve.","publisher":{"@id":"https:\/\/arganoils.com\/#organization"},"potentialAction":[{"@type":"SearchAction","target":{"@type":"EntryPoint","urlTemplate":"https:\/\/arganoils.com\/?s={search_term_string}"},"query-input":"required name=search_term_string"}],"inLanguage":"es-ES"},{"@type":"Organization","@id":"https:\/\/arganoils.com\/#organization","name":"Argan Oils","url":"https:\/\/arganoils.com\/","logo":{"@type":"ImageObject","inLanguage":"es-ES","@id":"https:\/\/arganoils.com\/#\/schema\/logo\/image\/","url":"http:\/\/arganoils.com\/wp-content\/uploads\/2022\/08\/home_logo.gif","contentUrl":"http:\/\/arganoils.com\/wp-content\/uploads\/2022\/08\/home_logo.gif","width":242,"height":64,"caption":"Argan Oils"},"image":{"@id":"https:\/\/arganoils.com\/#\/schema\/logo\/image\/"}}]}},"_links":{"self":[{"href":"https:\/\/arganoils.com\/es\/wp-json\/wp\/v2\/pages\/305","targetHints":{"allow":["GET"]}}],"collection":[{"href":"https:\/\/arganoils.com\/es\/wp-json\/wp\/v2\/pages"}],"about":[{"href":"https:\/\/arganoils.com\/es\/wp-json\/wp\/v2\/types\/page"}],"author":[{"embeddable":true,"href":"https:\/\/arganoils.com\/es\/wp-json\/wp\/v2\/users\/1"}],"replies":[{"embeddable":true,"href":"https:\/\/arganoils.com\/es\/wp-json\/wp\/v2\/comments?post=305"}],"version-history":[{"count":4,"href":"https:\/\/arganoils.com\/es\/wp-json\/wp\/v2\/pages\/305\/revisions"}],"predecessor-version":[{"id":500,"href":"https:\/\/arganoils.com\/es\/wp-json\/wp\/v2\/pages\/305\/revisions\/500"}],"wp:attachment":[{"href":"https:\/\/arganoils.com\/es\/wp-json\/wp\/v2\/media?parent=305"}],"curies":[{"name":"wp","href":"https:\/\/api.w.org\/{rel}","templated":true}]}}