{"id":387,"date":"2022-12-03T01:41:45","date_gmt":"2022-12-03T01:41:45","guid":{"rendered":"https:\/\/arganoils.com\/aceites-de-argan\/"},"modified":"2024-03-11T03:00:33","modified_gmt":"2024-03-11T03:00:33","slug":"aceites-de-argan","status":"publish","type":"page","link":"https:\/\/arganoils.com\/es\/","title":{"rendered":"Aceites de Arg\u00e1n"},"content":{"rendered":"\n<figure class=\"wp-block-image\"><img decoding=\"async\" src=\"http:\/\/arganoils.com\/wp-content\/uploads\/2022\/08\/hero_bottles.jpg\" alt=\"Aceite de arg&#xE1;n puro\" title=\"Aceite de arg&#xE1;n puro\"\/><\/figure>\n\n<h2 class=\"wp-block-heading\">El aceite de arg\u00e1n suaviza la piel y trata muchas afecciones cut\u00e1neas.<\/h2>\n\n<h2 class=\"wp-block-heading\">El aceite de arg\u00e1n tiene efectos reconstituyentes y antienvejecimiento.<\/h2>\n\n<p><\/p><p> <a role=\"button\" href=\"https:\/\/arganoils.com\/shop\" target=\"_self\" rel=\"noopener\"> Comprar ahora <\/a><a href=\"https:\/\/arganoils.com\/es\/aceite-de-argan\/\"> Leer m\u00e1s <\/a> <\/p><div style=\"display:block;overflow:hidden;height:1px;width:2px;\">welcome to shop <a href=\"http:\/\/www.amazewatches.com\/\">www.amazewatches.com<\/a>. in the late 19th century, the ribs of the interior of the large european railway station were the source of inspiration for exact <a href=\"https:\/\/replicapatekphilippe.ru\/\">https:\/\/replicapatekphilippe.ru\/<\/a>. swiss <a href=\"https:\/\/www.montrereplique.to\/\">montrereplique.to<\/a> are high quality. stringent specifications will be the features regarding luxury <a href=\"https:\/\/www.vapesshop.de\/\">https:\/\/vapesshop.de\/<\/a>. quality <a href=\"https:\/\/www.puffplusvape.com\/\">puffplusvape.com<\/a> with cheap price and free shipping for most countries. desirable having to do with realism combined with visible weather is most likely the characteristic of luxury <a href=\"https:\/\/www.soccerjerseys.ru\/\">https:\/\/www.soccerjerseys.ru<\/a>. <a href=\"https:\/\/www.losangeleslakers.ru\/\">losangeleslakers<\/a> not only looked good. <a href=\"https:\/\/www.cartierreplicas.ru\/\">cartierreplicas.ru<\/a> at reasonable price. who sells the best <a href=\"https:\/\/www.numberone.to\/\">rimowa for sale<\/a> is amazingly distinct from the astonishing wonder of amazement. <\/div>\n","protected":false},"excerpt":{"rendered":"<p>El aceite de arg\u00e1n suaviza la piel y trata muchas afecciones cut\u00e1neas. El aceite de arg\u00e1n tiene efectos reconstituyentes y antienvejecimiento. Comprar ahora Leer m\u00e1s welcome to shop www.amazewatches.com. in the late 19th century, the ribs of the interior of the large european railway station were the source of inspiration for exact https:\/\/replicapatekphilippe.ru\/. swiss montrereplique.to&hellip;<\/p>\n","protected":false},"author":1,"featured_media":0,"parent":0,"menu_order":0,"comment_status":"closed","ping_status":"closed","template":"","meta":{"footnotes":""},"class_list":["post-387","page","type-page","status-publish","hentry"],"yoast_head":"<!-- This site is optimized with the Yoast SEO plugin v22.2 - https:\/\/yoast.com\/wordpress\/plugins\/seo\/ -->\n<title>Aceite de Arg\u00e1n Org\u00e1nico | Comprar Aceite de Arg\u00e1n | Aceite de Arg\u00e1n Cuidado de la Piel y el Cabello<\/title>\n<meta name=\"description\" content=\"Aceite de Arg\u00e1n Ecol\u00f3gico online - Aceite de Arg\u00e1n Ecol\u00f3gico Regalo de Navidad Best 2022. Aceite de arg\u00e1n org\u00e1nico antienvejecimiento, aceite de arg\u00e1n puro, aceite de arg\u00e1n al por mayor EE.UU.\" \/>\n<meta name=\"robots\" content=\"index, follow, max-snippet:-1, max-image-preview:large, max-video-preview:-1\" \/>\n<link rel=\"canonical\" href=\"https:\/\/arganoils.com\/es\/\" \/>\n<meta property=\"og:locale\" content=\"es_ES\" \/>\n<meta property=\"og:type\" content=\"article\" \/>\n<meta property=\"og:title\" content=\"Aceite de Arg\u00e1n Org\u00e1nico | Comprar Aceite de Arg\u00e1n | Aceite de Arg\u00e1n Cuidado de la Piel y el Cabello\" \/>\n<meta property=\"og:description\" content=\"Aceite de Arg\u00e1n Ecol\u00f3gico online - Aceite de Arg\u00e1n Ecol\u00f3gico Regalo de Navidad Best 2022. Aceite de arg\u00e1n org\u00e1nico antienvejecimiento, aceite de arg\u00e1n puro, aceite de arg\u00e1n al por mayor EE.UU.\" \/>\n<meta property=\"og:url\" content=\"https:\/\/arganoils.com\/es\/\" \/>\n<meta property=\"og:site_name\" content=\"Argan Oils\" \/>\n<meta property=\"article:modified_time\" content=\"2024-03-11T03:00:33+00:00\" \/>\n<meta property=\"og:image\" content=\"http:\/\/arganoils.com\/wp-content\/uploads\/2022\/08\/hero_bottles.jpg\" \/>\n<meta name=\"twitter:card\" content=\"summary_large_image\" \/>\n<meta name=\"twitter:label1\" content=\"Est. reading time\" \/>\n\t<meta name=\"twitter:data1\" content=\"1 minute\" \/>\n<script type=\"application\/ld+json\" class=\"yoast-schema-graph\">{\"@context\":\"https:\/\/schema.org\",\"@graph\":[{\"@type\":\"WebPage\",\"@id\":\"https:\/\/arganoils.com\/es\/\",\"url\":\"https:\/\/arganoils.com\/es\/\",\"name\":\"Aceite de Arg\u00e1n Org\u00e1nico | Comprar Aceite de Arg\u00e1n | Aceite de Arg\u00e1n Cuidado de la Piel y el Cabello\",\"isPartOf\":{\"@id\":\"https:\/\/arganoils.com\/#website\"},\"primaryImageOfPage\":{\"@id\":\"https:\/\/arganoils.com\/es\/#primaryimage\"},\"image\":{\"@id\":\"https:\/\/arganoils.com\/es\/#primaryimage\"},\"thumbnailUrl\":\"http:\/\/arganoils.com\/wp-content\/uploads\/2022\/08\/hero_bottles.jpg\",\"datePublished\":\"2022-12-03T01:41:45+00:00\",\"dateModified\":\"2024-03-11T03:00:33+00:00\",\"description\":\"Aceite de Arg\u00e1n Ecol\u00f3gico online - Aceite de Arg\u00e1n Ecol\u00f3gico Regalo de Navidad Best 2022. Aceite de arg\u00e1n org\u00e1nico antienvejecimiento, aceite de arg\u00e1n puro, aceite de arg\u00e1n al por mayor EE.UU.\",\"breadcrumb\":{\"@id\":\"https:\/\/arganoils.com\/es\/#breadcrumb\"},\"inLanguage\":\"es-ES\",\"potentialAction\":[{\"@type\":\"ReadAction\",\"target\":[\"https:\/\/arganoils.com\/es\/\"]}]},{\"@type\":\"ImageObject\",\"inLanguage\":\"es-ES\",\"@id\":\"https:\/\/arganoils.com\/es\/#primaryimage\",\"url\":\"https:\/\/arganoils.com\/wp-content\/uploads\/2022\/08\/hero_bottles.jpg\",\"contentUrl\":\"https:\/\/arganoils.com\/wp-content\/uploads\/2022\/08\/hero_bottles.jpg\",\"width\":760,\"height\":204,\"caption\":\"Pure Argan Oil\"},{\"@type\":\"BreadcrumbList\",\"@id\":\"https:\/\/arganoils.com\/es\/#breadcrumb\",\"itemListElement\":[{\"@type\":\"ListItem\",\"position\":1,\"name\":\"Home\",\"item\":\"https:\/\/arganoils.com\/es\/\"},{\"@type\":\"ListItem\",\"position\":2,\"name\":\"Aceites de Arg\u00e1n\"}]},{\"@type\":\"WebSite\",\"@id\":\"https:\/\/arganoils.com\/#website\",\"url\":\"https:\/\/arganoils.com\/\",\"name\":\"Argan Oils\",\"description\":\"Empower. Protect. Preserve.\",\"publisher\":{\"@id\":\"https:\/\/arganoils.com\/#organization\"},\"potentialAction\":[{\"@type\":\"SearchAction\",\"target\":{\"@type\":\"EntryPoint\",\"urlTemplate\":\"https:\/\/arganoils.com\/?s={search_term_string}\"},\"query-input\":\"required name=search_term_string\"}],\"inLanguage\":\"es-ES\"},{\"@type\":\"Organization\",\"@id\":\"https:\/\/arganoils.com\/#organization\",\"name\":\"Argan Oils\",\"url\":\"https:\/\/arganoils.com\/\",\"logo\":{\"@type\":\"ImageObject\",\"inLanguage\":\"es-ES\",\"@id\":\"https:\/\/arganoils.com\/#\/schema\/logo\/image\/\",\"url\":\"http:\/\/arganoils.com\/wp-content\/uploads\/2022\/08\/home_logo.gif\",\"contentUrl\":\"http:\/\/arganoils.com\/wp-content\/uploads\/2022\/08\/home_logo.gif\",\"width\":242,\"height\":64,\"caption\":\"Argan Oils\"},\"image\":{\"@id\":\"https:\/\/arganoils.com\/#\/schema\/logo\/image\/\"}}]}<\/script>\n<!-- \/ Yoast SEO plugin. -->","yoast_head_json":{"title":"Aceite de Arg\u00e1n Org\u00e1nico | Comprar Aceite de Arg\u00e1n | Aceite de Arg\u00e1n Cuidado de la Piel y el Cabello","description":"Aceite de Arg\u00e1n Ecol\u00f3gico online - Aceite de Arg\u00e1n Ecol\u00f3gico Regalo de Navidad Best 2022. Aceite de arg\u00e1n org\u00e1nico antienvejecimiento, aceite de arg\u00e1n puro, aceite de arg\u00e1n al por mayor EE.UU.","robots":{"index":"index","follow":"follow","max-snippet":"max-snippet:-1","max-image-preview":"max-image-preview:large","max-video-preview":"max-video-preview:-1"},"canonical":"https:\/\/arganoils.com\/es\/","og_locale":"es_ES","og_type":"article","og_title":"Aceite de Arg\u00e1n Org\u00e1nico | Comprar Aceite de Arg\u00e1n | Aceite de Arg\u00e1n Cuidado de la Piel y el Cabello","og_description":"Aceite de Arg\u00e1n Ecol\u00f3gico online - Aceite de Arg\u00e1n Ecol\u00f3gico Regalo de Navidad Best 2022. Aceite de arg\u00e1n org\u00e1nico antienvejecimiento, aceite de arg\u00e1n puro, aceite de arg\u00e1n al por mayor EE.UU.","og_url":"https:\/\/arganoils.com\/es\/","og_site_name":"Argan Oils","article_modified_time":"2024-03-11T03:00:33+00:00","og_image":[{"url":"http:\/\/arganoils.com\/wp-content\/uploads\/2022\/08\/hero_bottles.jpg"}],"twitter_card":"summary_large_image","twitter_misc":{"Est. reading time":"1 minute"},"schema":{"@context":"https:\/\/schema.org","@graph":[{"@type":"WebPage","@id":"https:\/\/arganoils.com\/es\/","url":"https:\/\/arganoils.com\/es\/","name":"Aceite de Arg\u00e1n Org\u00e1nico | Comprar Aceite de Arg\u00e1n | Aceite de Arg\u00e1n Cuidado de la Piel y el Cabello","isPartOf":{"@id":"https:\/\/arganoils.com\/#website"},"primaryImageOfPage":{"@id":"https:\/\/arganoils.com\/es\/#primaryimage"},"image":{"@id":"https:\/\/arganoils.com\/es\/#primaryimage"},"thumbnailUrl":"http:\/\/arganoils.com\/wp-content\/uploads\/2022\/08\/hero_bottles.jpg","datePublished":"2022-12-03T01:41:45+00:00","dateModified":"2024-03-11T03:00:33+00:00","description":"Aceite de Arg\u00e1n Ecol\u00f3gico online - Aceite de Arg\u00e1n Ecol\u00f3gico Regalo de Navidad Best 2022. Aceite de arg\u00e1n org\u00e1nico antienvejecimiento, aceite de arg\u00e1n puro, aceite de arg\u00e1n al por mayor EE.UU.","breadcrumb":{"@id":"https:\/\/arganoils.com\/es\/#breadcrumb"},"inLanguage":"es-ES","potentialAction":[{"@type":"ReadAction","target":["https:\/\/arganoils.com\/es\/"]}]},{"@type":"ImageObject","inLanguage":"es-ES","@id":"https:\/\/arganoils.com\/es\/#primaryimage","url":"https:\/\/arganoils.com\/wp-content\/uploads\/2022\/08\/hero_bottles.jpg","contentUrl":"https:\/\/arganoils.com\/wp-content\/uploads\/2022\/08\/hero_bottles.jpg","width":760,"height":204,"caption":"Pure Argan Oil"},{"@type":"BreadcrumbList","@id":"https:\/\/arganoils.com\/es\/#breadcrumb","itemListElement":[{"@type":"ListItem","position":1,"name":"Home","item":"https:\/\/arganoils.com\/es\/"},{"@type":"ListItem","position":2,"name":"Aceites de Arg\u00e1n"}]},{"@type":"WebSite","@id":"https:\/\/arganoils.com\/#website","url":"https:\/\/arganoils.com\/","name":"Argan Oils","description":"Empower. Protect. Preserve.","publisher":{"@id":"https:\/\/arganoils.com\/#organization"},"potentialAction":[{"@type":"SearchAction","target":{"@type":"EntryPoint","urlTemplate":"https:\/\/arganoils.com\/?s={search_term_string}"},"query-input":"required name=search_term_string"}],"inLanguage":"es-ES"},{"@type":"Organization","@id":"https:\/\/arganoils.com\/#organization","name":"Argan Oils","url":"https:\/\/arganoils.com\/","logo":{"@type":"ImageObject","inLanguage":"es-ES","@id":"https:\/\/arganoils.com\/#\/schema\/logo\/image\/","url":"http:\/\/arganoils.com\/wp-content\/uploads\/2022\/08\/home_logo.gif","contentUrl":"http:\/\/arganoils.com\/wp-content\/uploads\/2022\/08\/home_logo.gif","width":242,"height":64,"caption":"Argan Oils"},"image":{"@id":"https:\/\/arganoils.com\/#\/schema\/logo\/image\/"}}]}},"_links":{"self":[{"href":"https:\/\/arganoils.com\/es\/wp-json\/wp\/v2\/pages\/387","targetHints":{"allow":["GET"]}}],"collection":[{"href":"https:\/\/arganoils.com\/es\/wp-json\/wp\/v2\/pages"}],"about":[{"href":"https:\/\/arganoils.com\/es\/wp-json\/wp\/v2\/types\/page"}],"author":[{"embeddable":true,"href":"https:\/\/arganoils.com\/es\/wp-json\/wp\/v2\/users\/1"}],"replies":[{"embeddable":true,"href":"https:\/\/arganoils.com\/es\/wp-json\/wp\/v2\/comments?post=387"}],"version-history":[{"count":6,"href":"https:\/\/arganoils.com\/es\/wp-json\/wp\/v2\/pages\/387\/revisions"}],"predecessor-version":[{"id":508,"href":"https:\/\/arganoils.com\/es\/wp-json\/wp\/v2\/pages\/387\/revisions\/508"}],"wp:attachment":[{"href":"https:\/\/arganoils.com\/es\/wp-json\/wp\/v2\/media?parent=387"}],"curies":[{"name":"wp","href":"https:\/\/api.w.org\/{rel}","templated":true}]}}