{"id":415,"date":"2022-12-03T01:08:50","date_gmt":"2022-12-03T01:08:50","guid":{"rendered":"https:\/\/arganoils.com\/product\/acondicionador-de-labios-ecologico-de-15oz\/"},"modified":"2024-07-07T21:36:24","modified_gmt":"2024-07-07T21:36:24","slug":"acondicionador-de-labios-organico-15oz","status":"publish","type":"product","link":"https:\/\/arganoils.com\/es\/producto\/acondicionador-de-labios-organico-15oz\/","title":{"rendered":"Acondicionador de labios ecol\u00f3gico de 15oz"},"content":{"rendered":"<p>Este acondicionador labial Original Argan Oils\u2122\ufe0f proporciona una hidrataci\u00f3n esencial de larga duraci\u00f3n para ayudar a acondicionar y proteger los labios secos y agrietados. Con una f\u00f3rmula \u00fanica y una combinaci\u00f3n exclusiva de aceite de arg\u00e1n org\u00e1nico, aceite de flor de sol org\u00e1nico, cera de abeja org\u00e1nica, vitamina E (tocoferol), extracto de romero y extracto de cal\u00e9ndula.<\/p>\n<p>Argan Oils \u2122 Organic Lip Conditioner restaura la humedad y la bloquea mucho despu\u00e9s de aplicarlo. Las propiedades antiinflamatorias \u00fanicas de<br \/>\nEl aceite de arg\u00e1n previene la inflamaci\u00f3n y acelera la recuperaci\u00f3n natural de los labios sensibles.<\/p>\n<ul>\n<li>Acondiciona los labios y restaura la humedad<\/li>\n<li>Trata los labios y previene la sequedad labial<\/li>\n<li>Restablece la hidrataci\u00f3n natural de los labios<\/li>\n<li>Previene la inflamaci\u00f3n de los labios.<\/li>\n<li>Acelera la recuperaci\u00f3n natural de los labios sensibles.<\/li>\n<\/ul>\n<p>Ingredientes: Aceite de arg\u00e1n org\u00e1nico, aceite de girasol org\u00e1nico, cera de abeja org\u00e1nica, vitamina E [Tocopherol], extracto de romero, extracto de cal\u00e9ndula.<\/p>\n","protected":false},"excerpt":{"rendered":"<p>Este acondicionador labial Original Argan Oils\u2122\ufe0f proporciona una hidrataci\u00f3n esencial de larga duraci\u00f3n para ayudar a acondicionar y proteger los labios secos y agrietados. Con una f\u00f3rmula \u00fanica y una combinaci\u00f3n exclusiva de aceite de arg\u00e1n org\u00e1nico, aceite de flor de sol org\u00e1nico, cera de abeja org\u00e1nica, vitamina E (tocoferol), extracto de romero y extracto de cal\u00e9ndula.<\/p>\n","protected":false},"featured_media":376,"comment_status":"open","ping_status":"closed","template":"","meta":[],"product_cat":[39],"product_tag":[36],"class_list":{"0":"post-415","1":"product","2":"type-product","3":"status-publish","4":"has-post-thumbnail","6":"product_cat-aceite-de-argan","7":"product_tag-cosmetica","9":"first","10":"instock","11":"shipping-taxable","12":"purchasable","13":"product-type-simple"},"yoast_head":"<!-- This site is optimized with the Yoast SEO plugin v22.2 - https:\/\/yoast.com\/wordpress\/plugins\/seo\/ -->\n<title>Acondicionador de labios ecol\u00f3gico de 15oz - Argan Oils<\/title>\n<meta name=\"robots\" content=\"index, follow, max-snippet:-1, max-image-preview:large, max-video-preview:-1\" \/>\n<link rel=\"canonical\" href=\"https:\/\/arganoils.com\/es\/producto\/acondicionador-de-labios-organico-15oz\/\" \/>\n<meta property=\"og:locale\" content=\"es_ES\" \/>\n<meta property=\"og:type\" content=\"article\" \/>\n<meta property=\"og:title\" content=\"Acondicionador de labios ecol\u00f3gico de 15oz - Argan Oils\" \/>\n<meta property=\"og:description\" content=\"Este acondicionador labial Original Argan Oils\u2122\ufe0f proporciona una hidrataci\u00f3n esencial de larga duraci\u00f3n para ayudar a acondicionar y proteger los labios secos y agrietados. Con una f\u00f3rmula \u00fanica y una combinaci\u00f3n exclusiva de aceite de arg\u00e1n org\u00e1nico, aceite de flor de sol org\u00e1nico, cera de abeja org\u00e1nica, vitamina E (tocoferol), extracto de romero y extracto de cal\u00e9ndula.\" \/>\n<meta property=\"og:url\" content=\"https:\/\/arganoils.com\/es\/producto\/acondicionador-de-labios-organico-15oz\/\" \/>\n<meta property=\"og:site_name\" content=\"Argan Oils\" \/>\n<meta property=\"article:modified_time\" content=\"2024-07-07T21:36:24+00:00\" \/>\n<meta property=\"og:image\" content=\"https:\/\/arganoils.com\/wp-content\/uploads\/2022\/12\/2.png\" \/>\n\t<meta property=\"og:image:width\" content=\"1080\" \/>\n\t<meta property=\"og:image:height\" content=\"1080\" \/>\n\t<meta property=\"og:image:type\" content=\"image\/png\" \/>\n<meta name=\"twitter:card\" content=\"summary_large_image\" \/>\n<meta name=\"twitter:label1\" content=\"Est. reading time\" \/>\n\t<meta name=\"twitter:data1\" content=\"1 minute\" \/>\n<script type=\"application\/ld+json\" class=\"yoast-schema-graph\">{\"@context\":\"https:\/\/schema.org\",\"@graph\":[{\"@type\":\"WebPage\",\"@id\":\"https:\/\/arganoils.com\/es\/producto\/acondicionador-de-labios-organico-15oz\/\",\"url\":\"https:\/\/arganoils.com\/es\/producto\/acondicionador-de-labios-organico-15oz\/\",\"name\":\"Acondicionador de labios ecol\u00f3gico de 15oz - Argan Oils\",\"isPartOf\":{\"@id\":\"https:\/\/arganoils.com\/#website\"},\"primaryImageOfPage\":{\"@id\":\"https:\/\/arganoils.com\/es\/producto\/acondicionador-de-labios-organico-15oz\/#primaryimage\"},\"image\":{\"@id\":\"https:\/\/arganoils.com\/es\/producto\/acondicionador-de-labios-organico-15oz\/#primaryimage\"},\"thumbnailUrl\":\"https:\/\/arganoils.com\/wp-content\/uploads\/2022\/12\/2.png\",\"datePublished\":\"2022-12-03T01:08:50+00:00\",\"dateModified\":\"2024-07-07T21:36:24+00:00\",\"breadcrumb\":{\"@id\":\"https:\/\/arganoils.com\/es\/producto\/acondicionador-de-labios-organico-15oz\/#breadcrumb\"},\"inLanguage\":\"es-ES\",\"potentialAction\":[{\"@type\":\"ReadAction\",\"target\":[\"https:\/\/arganoils.com\/es\/producto\/acondicionador-de-labios-organico-15oz\/\"]}]},{\"@type\":\"ImageObject\",\"inLanguage\":\"es-ES\",\"@id\":\"https:\/\/arganoils.com\/es\/producto\/acondicionador-de-labios-organico-15oz\/#primaryimage\",\"url\":\"https:\/\/arganoils.com\/wp-content\/uploads\/2022\/12\/2.png\",\"contentUrl\":\"https:\/\/arganoils.com\/wp-content\/uploads\/2022\/12\/2.png\",\"width\":1080,\"height\":1080},{\"@type\":\"BreadcrumbList\",\"@id\":\"https:\/\/arganoils.com\/es\/producto\/acondicionador-de-labios-organico-15oz\/#breadcrumb\",\"itemListElement\":[{\"@type\":\"ListItem\",\"position\":1,\"name\":\"Home\",\"item\":\"https:\/\/arganoils.com\/es\/\"},{\"@type\":\"ListItem\",\"position\":2,\"name\":\"Tienda\",\"item\":\"https:\/\/arganoils.com\/es\/tienda-2\/\"},{\"@type\":\"ListItem\",\"position\":3,\"name\":\"Acondicionador de labios ecol\u00f3gico de 15oz\"}]},{\"@type\":\"WebSite\",\"@id\":\"https:\/\/arganoils.com\/#website\",\"url\":\"https:\/\/arganoils.com\/\",\"name\":\"Argan Oils\",\"description\":\"Empower. Protect. Preserve.\",\"publisher\":{\"@id\":\"https:\/\/arganoils.com\/#organization\"},\"potentialAction\":[{\"@type\":\"SearchAction\",\"target\":{\"@type\":\"EntryPoint\",\"urlTemplate\":\"https:\/\/arganoils.com\/?s={search_term_string}\"},\"query-input\":\"required name=search_term_string\"}],\"inLanguage\":\"es-ES\"},{\"@type\":\"Organization\",\"@id\":\"https:\/\/arganoils.com\/#organization\",\"name\":\"Argan Oils\",\"url\":\"https:\/\/arganoils.com\/\",\"logo\":{\"@type\":\"ImageObject\",\"inLanguage\":\"es-ES\",\"@id\":\"https:\/\/arganoils.com\/#\/schema\/logo\/image\/\",\"url\":\"http:\/\/arganoils.com\/wp-content\/uploads\/2022\/08\/home_logo.gif\",\"contentUrl\":\"http:\/\/arganoils.com\/wp-content\/uploads\/2022\/08\/home_logo.gif\",\"width\":242,\"height\":64,\"caption\":\"Argan Oils\"},\"image\":{\"@id\":\"https:\/\/arganoils.com\/#\/schema\/logo\/image\/\"}}]}<\/script>\n<!-- \/ Yoast SEO plugin. -->","yoast_head_json":{"title":"Acondicionador de labios ecol\u00f3gico de 15oz - Argan Oils","robots":{"index":"index","follow":"follow","max-snippet":"max-snippet:-1","max-image-preview":"max-image-preview:large","max-video-preview":"max-video-preview:-1"},"canonical":"https:\/\/arganoils.com\/es\/producto\/acondicionador-de-labios-organico-15oz\/","og_locale":"es_ES","og_type":"article","og_title":"Acondicionador de labios ecol\u00f3gico de 15oz - Argan Oils","og_description":"Este acondicionador labial Original Argan Oils\u2122\ufe0f proporciona una hidrataci\u00f3n esencial de larga duraci\u00f3n para ayudar a acondicionar y proteger los labios secos y agrietados. Con una f\u00f3rmula \u00fanica y una combinaci\u00f3n exclusiva de aceite de arg\u00e1n org\u00e1nico, aceite de flor de sol org\u00e1nico, cera de abeja org\u00e1nica, vitamina E (tocoferol), extracto de romero y extracto de cal\u00e9ndula.","og_url":"https:\/\/arganoils.com\/es\/producto\/acondicionador-de-labios-organico-15oz\/","og_site_name":"Argan Oils","article_modified_time":"2024-07-07T21:36:24+00:00","og_image":[{"width":1080,"height":1080,"url":"https:\/\/arganoils.com\/wp-content\/uploads\/2022\/12\/2.png","type":"image\/png"}],"twitter_card":"summary_large_image","twitter_misc":{"Est. reading time":"1 minute"},"schema":{"@context":"https:\/\/schema.org","@graph":[{"@type":"WebPage","@id":"https:\/\/arganoils.com\/es\/producto\/acondicionador-de-labios-organico-15oz\/","url":"https:\/\/arganoils.com\/es\/producto\/acondicionador-de-labios-organico-15oz\/","name":"Acondicionador de labios ecol\u00f3gico de 15oz - Argan Oils","isPartOf":{"@id":"https:\/\/arganoils.com\/#website"},"primaryImageOfPage":{"@id":"https:\/\/arganoils.com\/es\/producto\/acondicionador-de-labios-organico-15oz\/#primaryimage"},"image":{"@id":"https:\/\/arganoils.com\/es\/producto\/acondicionador-de-labios-organico-15oz\/#primaryimage"},"thumbnailUrl":"https:\/\/arganoils.com\/wp-content\/uploads\/2022\/12\/2.png","datePublished":"2022-12-03T01:08:50+00:00","dateModified":"2024-07-07T21:36:24+00:00","breadcrumb":{"@id":"https:\/\/arganoils.com\/es\/producto\/acondicionador-de-labios-organico-15oz\/#breadcrumb"},"inLanguage":"es-ES","potentialAction":[{"@type":"ReadAction","target":["https:\/\/arganoils.com\/es\/producto\/acondicionador-de-labios-organico-15oz\/"]}]},{"@type":"ImageObject","inLanguage":"es-ES","@id":"https:\/\/arganoils.com\/es\/producto\/acondicionador-de-labios-organico-15oz\/#primaryimage","url":"https:\/\/arganoils.com\/wp-content\/uploads\/2022\/12\/2.png","contentUrl":"https:\/\/arganoils.com\/wp-content\/uploads\/2022\/12\/2.png","width":1080,"height":1080},{"@type":"BreadcrumbList","@id":"https:\/\/arganoils.com\/es\/producto\/acondicionador-de-labios-organico-15oz\/#breadcrumb","itemListElement":[{"@type":"ListItem","position":1,"name":"Home","item":"https:\/\/arganoils.com\/es\/"},{"@type":"ListItem","position":2,"name":"Tienda","item":"https:\/\/arganoils.com\/es\/tienda-2\/"},{"@type":"ListItem","position":3,"name":"Acondicionador de labios ecol\u00f3gico de 15oz"}]},{"@type":"WebSite","@id":"https:\/\/arganoils.com\/#website","url":"https:\/\/arganoils.com\/","name":"Argan Oils","description":"Empower. Protect. Preserve.","publisher":{"@id":"https:\/\/arganoils.com\/#organization"},"potentialAction":[{"@type":"SearchAction","target":{"@type":"EntryPoint","urlTemplate":"https:\/\/arganoils.com\/?s={search_term_string}"},"query-input":"required name=search_term_string"}],"inLanguage":"es-ES"},{"@type":"Organization","@id":"https:\/\/arganoils.com\/#organization","name":"Argan Oils","url":"https:\/\/arganoils.com\/","logo":{"@type":"ImageObject","inLanguage":"es-ES","@id":"https:\/\/arganoils.com\/#\/schema\/logo\/image\/","url":"http:\/\/arganoils.com\/wp-content\/uploads\/2022\/08\/home_logo.gif","contentUrl":"http:\/\/arganoils.com\/wp-content\/uploads\/2022\/08\/home_logo.gif","width":242,"height":64,"caption":"Argan Oils"},"image":{"@id":"https:\/\/arganoils.com\/#\/schema\/logo\/image\/"}}]}},"_links":{"self":[{"href":"https:\/\/arganoils.com\/es\/wp-json\/wp\/v2\/product\/415","targetHints":{"allow":["GET"]}}],"collection":[{"href":"https:\/\/arganoils.com\/es\/wp-json\/wp\/v2\/product"}],"about":[{"href":"https:\/\/arganoils.com\/es\/wp-json\/wp\/v2\/types\/product"}],"replies":[{"embeddable":true,"href":"https:\/\/arganoils.com\/es\/wp-json\/wp\/v2\/comments?post=415"}],"wp:featuredmedia":[{"embeddable":true,"href":"https:\/\/arganoils.com\/es\/wp-json\/wp\/v2\/media\/376"}],"wp:attachment":[{"href":"https:\/\/arganoils.com\/es\/wp-json\/wp\/v2\/media?parent=415"}],"wp:term":[{"taxonomy":"product_cat","embeddable":true,"href":"https:\/\/arganoils.com\/es\/wp-json\/wp\/v2\/product_cat?post=415"},{"taxonomy":"product_tag","embeddable":true,"href":"https:\/\/arganoils.com\/es\/wp-json\/wp\/v2\/product_tag?post=415"}],"curies":[{"name":"wp","href":"https:\/\/api.w.org\/{rel}","templated":true}]}}