{"id":417,"date":"2022-12-03T00:59:31","date_gmt":"2022-12-03T00:59:31","guid":{"rendered":"https:\/\/arganoils.com\/product\/50ml-aceite-de-argan-cosmetico\/"},"modified":"2024-03-15T05:48:50","modified_gmt":"2024-03-15T05:48:50","slug":"50ml-aceite-de-argan-cosmetico","status":"publish","type":"product","link":"https:\/\/arganoils.com\/es\/producto\/50ml-aceite-de-argan-cosmetico\/","title":{"rendered":"50ml Aceite de Arg\u00e1n Cosm\u00e9tico"},"content":{"rendered":"<p>El aceite de arg\u00e1n suaviza la piel y trata muchas afecciones cut\u00e1neas.<br \/>\nEl aceite de arg\u00e1n, del que se dice que tiene efectos restauradores y antienvejecimiento, se ha convertido en uno de los \u00faltimos ingredientes milagrosos de la industria de la belleza.<\/p>\n<ul>\n<li>Con un alto contenido en vitamina E y \u00e1cidos grasos esenciales, se cree que ayuda a todo tipo de afecciones cut\u00e1neas: piel seca, acn\u00e9, psoriasis, eczema y arrugas.  <em>New York Times Magazine. 18 de noviembre de 2007<\/em><\/li>\n<li>Reduce las arrugas, trata el acn\u00e9 y suaviza la piel Regenera la piel reiniciando las funciones vitales de las c\u00e9lulas para prevenir el envejecimiento prematuro debido a las agresiones externas (sol, mal tiempo, contaminaci\u00f3n, estr\u00e9s, tabaco&#8230;<\/li>\n<li>Previene las estr\u00edas causadas por el embarazo o la p\u00e9rdida de peso. Reduce la irritaci\u00f3n e inflamaci\u00f3n de la piel.<\/li>\n<li>Posee una acci\u00f3n seborreguladora para las pieles grasas, tensa la piel y protege su elasticidad.<\/li>\n<li>Reduce notablemente las manchas y retrasa la aparici\u00f3n de arrugas.<\/li>\n<li>Reduce r\u00e1pidamente la irritaci\u00f3n e inflamaci\u00f3n de la piel.<\/li>\n<li>Ingrediente: Aceite de Arg\u00e1n 100 % puro y ecol\u00f3gico<\/li>\n<\/ul>\n","protected":false},"excerpt":{"rendered":"<p>El aceite de arg\u00e1n suaviza la piel y trata muchas afecciones cut\u00e1neas.<br \/>\nEl aceite de arg\u00e1n, del que se dice que tiene efectos restauradores y antienvejecimiento, se ha convertido en uno de los \u00faltimos ingredientes milagrosos de la industria de la belleza.<\/p>\n","protected":false},"featured_media":373,"comment_status":"open","ping_status":"closed","template":"","meta":[],"product_cat":[39],"product_tag":[36],"class_list":{"0":"post-417","1":"product","2":"type-product","3":"status-publish","4":"has-post-thumbnail","6":"product_cat-aceite-de-argan","7":"product_tag-cosmetica","9":"first","10":"instock","11":"shipping-taxable","12":"purchasable","13":"product-type-simple"},"yoast_head":"<!-- This site is optimized with the Yoast SEO plugin v22.2 - https:\/\/yoast.com\/wordpress\/plugins\/seo\/ -->\n<title>50ml Aceite de Arg\u00e1n Cosm\u00e9tico - Argan Oils<\/title>\n<meta name=\"robots\" content=\"index, follow, max-snippet:-1, max-image-preview:large, max-video-preview:-1\" \/>\n<link rel=\"canonical\" href=\"https:\/\/arganoils.com\/es\/producto\/50ml-aceite-de-argan-cosmetico\/\" \/>\n<meta property=\"og:locale\" content=\"es_ES\" \/>\n<meta property=\"og:type\" content=\"article\" \/>\n<meta property=\"og:title\" content=\"50ml Aceite de Arg\u00e1n Cosm\u00e9tico - Argan Oils\" \/>\n<meta property=\"og:description\" content=\"El aceite de arg\u00e1n suaviza la piel y trata muchas afecciones cut\u00e1neas. El aceite de arg\u00e1n, del que se dice que tiene efectos restauradores y antienvejecimiento, se ha convertido en uno de los \u00faltimos ingredientes milagrosos de la industria de la belleza.\" \/>\n<meta property=\"og:url\" content=\"https:\/\/arganoils.com\/es\/producto\/50ml-aceite-de-argan-cosmetico\/\" \/>\n<meta property=\"og:site_name\" content=\"Argan Oils\" \/>\n<meta property=\"article:modified_time\" content=\"2024-03-15T05:48:50+00:00\" \/>\n<meta property=\"og:image\" content=\"https:\/\/arganoils.com\/wp-content\/uploads\/2022\/12\/1.png\" \/>\n\t<meta property=\"og:image:width\" content=\"1080\" \/>\n\t<meta property=\"og:image:height\" content=\"1080\" \/>\n\t<meta property=\"og:image:type\" content=\"image\/png\" \/>\n<meta name=\"twitter:card\" content=\"summary_large_image\" \/>\n<meta name=\"twitter:label1\" content=\"Est. reading time\" \/>\n\t<meta name=\"twitter:data1\" content=\"1 minute\" \/>\n<script type=\"application\/ld+json\" class=\"yoast-schema-graph\">{\"@context\":\"https:\/\/schema.org\",\"@graph\":[{\"@type\":\"WebPage\",\"@id\":\"https:\/\/arganoils.com\/es\/producto\/50ml-aceite-de-argan-cosmetico\/\",\"url\":\"https:\/\/arganoils.com\/es\/producto\/50ml-aceite-de-argan-cosmetico\/\",\"name\":\"50ml Aceite de Arg\u00e1n Cosm\u00e9tico - Argan Oils\",\"isPartOf\":{\"@id\":\"https:\/\/arganoils.com\/#website\"},\"primaryImageOfPage\":{\"@id\":\"https:\/\/arganoils.com\/es\/producto\/50ml-aceite-de-argan-cosmetico\/#primaryimage\"},\"image\":{\"@id\":\"https:\/\/arganoils.com\/es\/producto\/50ml-aceite-de-argan-cosmetico\/#primaryimage\"},\"thumbnailUrl\":\"https:\/\/arganoils.com\/wp-content\/uploads\/2022\/12\/1.png\",\"datePublished\":\"2022-12-03T00:59:31+00:00\",\"dateModified\":\"2024-03-15T05:48:50+00:00\",\"breadcrumb\":{\"@id\":\"https:\/\/arganoils.com\/es\/producto\/50ml-aceite-de-argan-cosmetico\/#breadcrumb\"},\"inLanguage\":\"es-ES\",\"potentialAction\":[{\"@type\":\"ReadAction\",\"target\":[\"https:\/\/arganoils.com\/es\/producto\/50ml-aceite-de-argan-cosmetico\/\"]}]},{\"@type\":\"ImageObject\",\"inLanguage\":\"es-ES\",\"@id\":\"https:\/\/arganoils.com\/es\/producto\/50ml-aceite-de-argan-cosmetico\/#primaryimage\",\"url\":\"https:\/\/arganoils.com\/wp-content\/uploads\/2022\/12\/1.png\",\"contentUrl\":\"https:\/\/arganoils.com\/wp-content\/uploads\/2022\/12\/1.png\",\"width\":1080,\"height\":1080},{\"@type\":\"BreadcrumbList\",\"@id\":\"https:\/\/arganoils.com\/es\/producto\/50ml-aceite-de-argan-cosmetico\/#breadcrumb\",\"itemListElement\":[{\"@type\":\"ListItem\",\"position\":1,\"name\":\"Home\",\"item\":\"https:\/\/arganoils.com\/es\/\"},{\"@type\":\"ListItem\",\"position\":2,\"name\":\"Tienda\",\"item\":\"https:\/\/arganoils.com\/es\/tienda-2\/\"},{\"@type\":\"ListItem\",\"position\":3,\"name\":\"50ml Aceite de Arg\u00e1n Cosm\u00e9tico\"}]},{\"@type\":\"WebSite\",\"@id\":\"https:\/\/arganoils.com\/#website\",\"url\":\"https:\/\/arganoils.com\/\",\"name\":\"Argan Oils\",\"description\":\"Empower. Protect. Preserve.\",\"publisher\":{\"@id\":\"https:\/\/arganoils.com\/#organization\"},\"potentialAction\":[{\"@type\":\"SearchAction\",\"target\":{\"@type\":\"EntryPoint\",\"urlTemplate\":\"https:\/\/arganoils.com\/?s={search_term_string}\"},\"query-input\":\"required name=search_term_string\"}],\"inLanguage\":\"es-ES\"},{\"@type\":\"Organization\",\"@id\":\"https:\/\/arganoils.com\/#organization\",\"name\":\"Argan Oils\",\"url\":\"https:\/\/arganoils.com\/\",\"logo\":{\"@type\":\"ImageObject\",\"inLanguage\":\"es-ES\",\"@id\":\"https:\/\/arganoils.com\/#\/schema\/logo\/image\/\",\"url\":\"http:\/\/arganoils.com\/wp-content\/uploads\/2022\/08\/home_logo.gif\",\"contentUrl\":\"http:\/\/arganoils.com\/wp-content\/uploads\/2022\/08\/home_logo.gif\",\"width\":242,\"height\":64,\"caption\":\"Argan Oils\"},\"image\":{\"@id\":\"https:\/\/arganoils.com\/#\/schema\/logo\/image\/\"}}]}<\/script>\n<!-- \/ Yoast SEO plugin. -->","yoast_head_json":{"title":"50ml Aceite de Arg\u00e1n Cosm\u00e9tico - Argan Oils","robots":{"index":"index","follow":"follow","max-snippet":"max-snippet:-1","max-image-preview":"max-image-preview:large","max-video-preview":"max-video-preview:-1"},"canonical":"https:\/\/arganoils.com\/es\/producto\/50ml-aceite-de-argan-cosmetico\/","og_locale":"es_ES","og_type":"article","og_title":"50ml Aceite de Arg\u00e1n Cosm\u00e9tico - Argan Oils","og_description":"El aceite de arg\u00e1n suaviza la piel y trata muchas afecciones cut\u00e1neas. El aceite de arg\u00e1n, del que se dice que tiene efectos restauradores y antienvejecimiento, se ha convertido en uno de los \u00faltimos ingredientes milagrosos de la industria de la belleza.","og_url":"https:\/\/arganoils.com\/es\/producto\/50ml-aceite-de-argan-cosmetico\/","og_site_name":"Argan Oils","article_modified_time":"2024-03-15T05:48:50+00:00","og_image":[{"width":1080,"height":1080,"url":"https:\/\/arganoils.com\/wp-content\/uploads\/2022\/12\/1.png","type":"image\/png"}],"twitter_card":"summary_large_image","twitter_misc":{"Est. reading time":"1 minute"},"schema":{"@context":"https:\/\/schema.org","@graph":[{"@type":"WebPage","@id":"https:\/\/arganoils.com\/es\/producto\/50ml-aceite-de-argan-cosmetico\/","url":"https:\/\/arganoils.com\/es\/producto\/50ml-aceite-de-argan-cosmetico\/","name":"50ml Aceite de Arg\u00e1n Cosm\u00e9tico - Argan Oils","isPartOf":{"@id":"https:\/\/arganoils.com\/#website"},"primaryImageOfPage":{"@id":"https:\/\/arganoils.com\/es\/producto\/50ml-aceite-de-argan-cosmetico\/#primaryimage"},"image":{"@id":"https:\/\/arganoils.com\/es\/producto\/50ml-aceite-de-argan-cosmetico\/#primaryimage"},"thumbnailUrl":"https:\/\/arganoils.com\/wp-content\/uploads\/2022\/12\/1.png","datePublished":"2022-12-03T00:59:31+00:00","dateModified":"2024-03-15T05:48:50+00:00","breadcrumb":{"@id":"https:\/\/arganoils.com\/es\/producto\/50ml-aceite-de-argan-cosmetico\/#breadcrumb"},"inLanguage":"es-ES","potentialAction":[{"@type":"ReadAction","target":["https:\/\/arganoils.com\/es\/producto\/50ml-aceite-de-argan-cosmetico\/"]}]},{"@type":"ImageObject","inLanguage":"es-ES","@id":"https:\/\/arganoils.com\/es\/producto\/50ml-aceite-de-argan-cosmetico\/#primaryimage","url":"https:\/\/arganoils.com\/wp-content\/uploads\/2022\/12\/1.png","contentUrl":"https:\/\/arganoils.com\/wp-content\/uploads\/2022\/12\/1.png","width":1080,"height":1080},{"@type":"BreadcrumbList","@id":"https:\/\/arganoils.com\/es\/producto\/50ml-aceite-de-argan-cosmetico\/#breadcrumb","itemListElement":[{"@type":"ListItem","position":1,"name":"Home","item":"https:\/\/arganoils.com\/es\/"},{"@type":"ListItem","position":2,"name":"Tienda","item":"https:\/\/arganoils.com\/es\/tienda-2\/"},{"@type":"ListItem","position":3,"name":"50ml Aceite de Arg\u00e1n Cosm\u00e9tico"}]},{"@type":"WebSite","@id":"https:\/\/arganoils.com\/#website","url":"https:\/\/arganoils.com\/","name":"Argan Oils","description":"Empower. Protect. Preserve.","publisher":{"@id":"https:\/\/arganoils.com\/#organization"},"potentialAction":[{"@type":"SearchAction","target":{"@type":"EntryPoint","urlTemplate":"https:\/\/arganoils.com\/?s={search_term_string}"},"query-input":"required name=search_term_string"}],"inLanguage":"es-ES"},{"@type":"Organization","@id":"https:\/\/arganoils.com\/#organization","name":"Argan Oils","url":"https:\/\/arganoils.com\/","logo":{"@type":"ImageObject","inLanguage":"es-ES","@id":"https:\/\/arganoils.com\/#\/schema\/logo\/image\/","url":"http:\/\/arganoils.com\/wp-content\/uploads\/2022\/08\/home_logo.gif","contentUrl":"http:\/\/arganoils.com\/wp-content\/uploads\/2022\/08\/home_logo.gif","width":242,"height":64,"caption":"Argan Oils"},"image":{"@id":"https:\/\/arganoils.com\/#\/schema\/logo\/image\/"}}]}},"_links":{"self":[{"href":"https:\/\/arganoils.com\/es\/wp-json\/wp\/v2\/product\/417","targetHints":{"allow":["GET"]}}],"collection":[{"href":"https:\/\/arganoils.com\/es\/wp-json\/wp\/v2\/product"}],"about":[{"href":"https:\/\/arganoils.com\/es\/wp-json\/wp\/v2\/types\/product"}],"replies":[{"embeddable":true,"href":"https:\/\/arganoils.com\/es\/wp-json\/wp\/v2\/comments?post=417"}],"wp:featuredmedia":[{"embeddable":true,"href":"https:\/\/arganoils.com\/es\/wp-json\/wp\/v2\/media\/373"}],"wp:attachment":[{"href":"https:\/\/arganoils.com\/es\/wp-json\/wp\/v2\/media?parent=417"}],"wp:term":[{"taxonomy":"product_cat","embeddable":true,"href":"https:\/\/arganoils.com\/es\/wp-json\/wp\/v2\/product_cat?post=417"},{"taxonomy":"product_tag","embeddable":true,"href":"https:\/\/arganoils.com\/es\/wp-json\/wp\/v2\/product_tag?post=417"}],"curies":[{"name":"wp","href":"https:\/\/api.w.org\/{rel}","templated":true}]}}