{"id":250,"date":"2022-08-26T17:48:12","date_gmt":"2022-08-26T17:48:12","guid":{"rendered":"http:\/\/arganoils.com\/a-propos-de-nous\/"},"modified":"2024-03-11T02:46:33","modified_gmt":"2024-03-11T02:46:33","slug":"a-propos-de-nous","status":"publish","type":"page","link":"https:\/\/arganoils.com\/fr\/a-propos-de-nous\/","title":{"rendered":"A propos de nous"},"content":{"rendered":"\n<figure class=\"wp-block-image\"><img decoding=\"async\" src=\"http:\/\/arganoils.com\/wp-content\/uploads\/2022\/08\/hero_about.jpg\" alt=\"100% huile d'argan pure\" title=\"100% huile d'argan pure\"\/><\/figure>\n\n<p>L&#8217;<strong>huile d&#8217;argan<\/strong> est l&#8217;aliment naturel anti-\u00e2ge pour la peau et un d\u00e9lice culinaire. Elle est utilis\u00e9e pour les soins de la peau par les femmes berb\u00e8res du Maroc depuis des milliers d&#8217;ann\u00e9es. La recherche r\u00e9cemment publi\u00e9e sur le prouve ses anciens secrets de beaut\u00e9. Avec des bureaux au Maroc, en France et aux Etats-Unis, nous pouvons distribuer de l&#8217;huile d&#8217;argan press\u00e9e \u00e0 froid 100% biologique vers n&#8217;importe quelle destination dans le monde. Nous nous effor\u00e7ons de promouvoir un produit auquel nous croyons vraiment tout en soutenant une cause louable : la protection de la for\u00eat d&#8217;arganiers menac\u00e9e et l&#8217;autonomisation des coop\u00e9ratives f\u00e9minines. Notre entreprise soutient directement des projets de reforestation et, en traitant exclusivement avec les femmes qui produisent l&#8217;huile d&#8217;argan, nous aspirons \u00e0 consolider leur place dans leur \u00e9conomie et leur soci\u00e9t\u00e9. Il est prouv\u00e9 que les propri\u00e9t\u00e9s \u00e9tonnantes et polyvalentes de l&#8217;huile d&#8217;argan am\u00e9liorent la sant\u00e9 globale et la vitalit\u00e9 de votre peau et de votre corps, et contribuent \u00e0 un mode de vie sain pour le c\u0153ur.<\/p>\n\n<p>En tant que leader aux Etats-Unis et au Canada, nous sommes fiers d&#8217;offrir la meilleure qualit\u00e9 d&#8217;huile d&#8217;argan biologique sur le march\u00e9, que ce soit pour la vente au d\u00e9tail, la vente en gros ou les quantit\u00e9s en vrac. Notre produit est press\u00e9 \u00e0 froid \u00e0 partir des noix de l&#8217;arganier et est riche en antioxydants, en vitamine E et en acides gras, ce qui en fait la solution naturelle parfaite pour votre peau et vos cheveux.<\/p>\n\n<p>Notre huile d&#8217;argan biologique est 100% pure et naturelle, sans aucun additif ni conservateur. Il convient \u00e0 tous les types de peau, y compris les peaux sensibles, et peut \u00eatre utilis\u00e9 \u00e0 diverses fins telles que l&#8217;hydratation, le conditionnement et la r\u00e9paration des peaux et des cheveux ab\u00eem\u00e9s.<\/p>\n\n<p>Nous sommes fiers de l&#8217;approvisionnement \u00e9thique et durable de notre huile d&#8217;argan, en soutenant les communaut\u00e9s locales et en promouvant des pratiques responsables. Commandez votre huile d&#8217;argan biologique d\u00e8s aujourd&#8217;hui et d\u00e9couvrez les bienfaits de cette huile miracle par vous-m\u00eame !<\/p>\n\n<p>En nous soutenant, vous contribuez \u00e0 l&#8217;\u00e9mancipation des femmes, \u00e0 la protection de la for\u00eat d&#8217;argan, tout en pr\u00e9servant votre jeunesse.<\/p>\n","protected":false},"excerpt":{"rendered":"<p>L&#8217;huile d&#8217;argan est l&#8217;aliment naturel anti-\u00e2ge pour la peau et un d\u00e9lice culinaire. Elle est utilis\u00e9e pour les soins de la peau par les femmes berb\u00e8res du Maroc depuis des milliers d&#8217;ann\u00e9es. La recherche r\u00e9cemment publi\u00e9e sur le prouve ses anciens secrets de beaut\u00e9. Avec des bureaux au Maroc, en France et aux Etats-Unis, nous&hellip;<\/p>\n","protected":false},"author":1,"featured_media":203,"parent":0,"menu_order":0,"comment_status":"closed","ping_status":"closed","template":"","meta":{"footnotes":""},"class_list":["post-250","page","type-page","status-publish","has-post-thumbnail","hentry"],"yoast_head":"<!-- This site is optimized with the Yoast SEO plugin v22.2 - https:\/\/yoast.com\/wordpress\/plugins\/seo\/ -->\n<title>Huile d&#039;argan - Argan Oils<\/title>\n<meta name=\"description\" content=\"L&#039;huile d&#039;argan est utilis\u00e9e pour les soins de la peau par les femmes au Maroc depuis des milliers d&#039;ann\u00e9es. Les recherches publi\u00e9es sur l&#039;huile d&#039;argan prouvent ses anciens secrets de beaut\u00e9\" \/>\n<meta name=\"robots\" content=\"index, follow, max-snippet:-1, max-image-preview:large, max-video-preview:-1\" \/>\n<link rel=\"canonical\" href=\"https:\/\/arganoils.com\/fr\/a-propos-de-nous\/\" \/>\n<meta property=\"og:locale\" content=\"fr_FR\" \/>\n<meta property=\"og:type\" content=\"article\" \/>\n<meta property=\"og:title\" content=\"Huile d&#039;argan - Argan Oils\" \/>\n<meta property=\"og:description\" content=\"L&#039;huile d&#039;argan est utilis\u00e9e pour les soins de la peau par les femmes au Maroc depuis des milliers d&#039;ann\u00e9es. Les recherches publi\u00e9es sur l&#039;huile d&#039;argan prouvent ses anciens secrets de beaut\u00e9\" \/>\n<meta property=\"og:url\" content=\"https:\/\/arganoils.com\/fr\/a-propos-de-nous\/\" \/>\n<meta property=\"og:site_name\" content=\"Argan Oils\" \/>\n<meta property=\"article:modified_time\" content=\"2024-03-11T02:46:33+00:00\" \/>\n<meta property=\"og:image\" content=\"https:\/\/arganoils.com\/wp-content\/uploads\/2022\/08\/hero_about.jpg\" \/>\n\t<meta property=\"og:image:width\" content=\"760\" \/>\n\t<meta property=\"og:image:height\" content=\"204\" \/>\n\t<meta property=\"og:image:type\" content=\"image\/jpeg\" \/>\n<meta name=\"twitter:card\" content=\"summary_large_image\" \/>\n<meta name=\"twitter:label1\" content=\"Est. reading time\" \/>\n\t<meta name=\"twitter:data1\" content=\"2 minutes\" \/>\n<script type=\"application\/ld+json\" class=\"yoast-schema-graph\">{\"@context\":\"https:\/\/schema.org\",\"@graph\":[{\"@type\":\"WebPage\",\"@id\":\"https:\/\/arganoils.com\/fr\/a-propos-de-nous\/\",\"url\":\"https:\/\/arganoils.com\/fr\/a-propos-de-nous\/\",\"name\":\"Huile d'argan - Argan Oils\",\"isPartOf\":{\"@id\":\"https:\/\/arganoils.com\/#website\"},\"primaryImageOfPage\":{\"@id\":\"https:\/\/arganoils.com\/fr\/a-propos-de-nous\/#primaryimage\"},\"image\":{\"@id\":\"https:\/\/arganoils.com\/fr\/a-propos-de-nous\/#primaryimage\"},\"thumbnailUrl\":\"https:\/\/arganoils.com\/wp-content\/uploads\/2022\/08\/hero_about.jpg\",\"datePublished\":\"2022-08-26T17:48:12+00:00\",\"dateModified\":\"2024-03-11T02:46:33+00:00\",\"description\":\"L'huile d'argan est utilis\u00e9e pour les soins de la peau par les femmes au Maroc depuis des milliers d'ann\u00e9es. Les recherches publi\u00e9es sur l'huile d'argan prouvent ses anciens secrets de beaut\u00e9\",\"breadcrumb\":{\"@id\":\"https:\/\/arganoils.com\/fr\/a-propos-de-nous\/#breadcrumb\"},\"inLanguage\":\"fr-FR\",\"potentialAction\":[{\"@type\":\"ReadAction\",\"target\":[\"https:\/\/arganoils.com\/fr\/a-propos-de-nous\/\"]}]},{\"@type\":\"ImageObject\",\"inLanguage\":\"fr-FR\",\"@id\":\"https:\/\/arganoils.com\/fr\/a-propos-de-nous\/#primaryimage\",\"url\":\"https:\/\/arganoils.com\/wp-content\/uploads\/2022\/08\/hero_about.jpg\",\"contentUrl\":\"https:\/\/arganoils.com\/wp-content\/uploads\/2022\/08\/hero_about.jpg\",\"width\":760,\"height\":204,\"caption\":\"100% Pure Argan oil\"},{\"@type\":\"BreadcrumbList\",\"@id\":\"https:\/\/arganoils.com\/fr\/a-propos-de-nous\/#breadcrumb\",\"itemListElement\":[{\"@type\":\"ListItem\",\"position\":1,\"name\":\"Home\",\"item\":\"https:\/\/arganoils.com\/fr\/\"},{\"@type\":\"ListItem\",\"position\":2,\"name\":\"A propos de nous\"}]},{\"@type\":\"WebSite\",\"@id\":\"https:\/\/arganoils.com\/#website\",\"url\":\"https:\/\/arganoils.com\/\",\"name\":\"Argan Oils\",\"description\":\"Empower. Protect. Preserve.\",\"publisher\":{\"@id\":\"https:\/\/arganoils.com\/#organization\"},\"potentialAction\":[{\"@type\":\"SearchAction\",\"target\":{\"@type\":\"EntryPoint\",\"urlTemplate\":\"https:\/\/arganoils.com\/?s={search_term_string}\"},\"query-input\":\"required name=search_term_string\"}],\"inLanguage\":\"fr-FR\"},{\"@type\":\"Organization\",\"@id\":\"https:\/\/arganoils.com\/#organization\",\"name\":\"Argan Oils\",\"url\":\"https:\/\/arganoils.com\/\",\"logo\":{\"@type\":\"ImageObject\",\"inLanguage\":\"fr-FR\",\"@id\":\"https:\/\/arganoils.com\/#\/schema\/logo\/image\/\",\"url\":\"http:\/\/arganoils.com\/wp-content\/uploads\/2022\/08\/home_logo.gif\",\"contentUrl\":\"http:\/\/arganoils.com\/wp-content\/uploads\/2022\/08\/home_logo.gif\",\"width\":242,\"height\":64,\"caption\":\"Argan Oils\"},\"image\":{\"@id\":\"https:\/\/arganoils.com\/#\/schema\/logo\/image\/\"}}]}<\/script>\n<!-- \/ Yoast SEO plugin. -->","yoast_head_json":{"title":"Huile d'argan - Argan Oils","description":"L'huile d'argan est utilis\u00e9e pour les soins de la peau par les femmes au Maroc depuis des milliers d'ann\u00e9es. Les recherches publi\u00e9es sur l'huile d'argan prouvent ses anciens secrets de beaut\u00e9","robots":{"index":"index","follow":"follow","max-snippet":"max-snippet:-1","max-image-preview":"max-image-preview:large","max-video-preview":"max-video-preview:-1"},"canonical":"https:\/\/arganoils.com\/fr\/a-propos-de-nous\/","og_locale":"fr_FR","og_type":"article","og_title":"Huile d'argan - Argan Oils","og_description":"L'huile d'argan est utilis\u00e9e pour les soins de la peau par les femmes au Maroc depuis des milliers d'ann\u00e9es. Les recherches publi\u00e9es sur l'huile d'argan prouvent ses anciens secrets de beaut\u00e9","og_url":"https:\/\/arganoils.com\/fr\/a-propos-de-nous\/","og_site_name":"Argan Oils","article_modified_time":"2024-03-11T02:46:33+00:00","og_image":[{"width":760,"height":204,"url":"https:\/\/arganoils.com\/wp-content\/uploads\/2022\/08\/hero_about.jpg","type":"image\/jpeg"}],"twitter_card":"summary_large_image","twitter_misc":{"Est. reading time":"2 minutes"},"schema":{"@context":"https:\/\/schema.org","@graph":[{"@type":"WebPage","@id":"https:\/\/arganoils.com\/fr\/a-propos-de-nous\/","url":"https:\/\/arganoils.com\/fr\/a-propos-de-nous\/","name":"Huile d'argan - Argan Oils","isPartOf":{"@id":"https:\/\/arganoils.com\/#website"},"primaryImageOfPage":{"@id":"https:\/\/arganoils.com\/fr\/a-propos-de-nous\/#primaryimage"},"image":{"@id":"https:\/\/arganoils.com\/fr\/a-propos-de-nous\/#primaryimage"},"thumbnailUrl":"https:\/\/arganoils.com\/wp-content\/uploads\/2022\/08\/hero_about.jpg","datePublished":"2022-08-26T17:48:12+00:00","dateModified":"2024-03-11T02:46:33+00:00","description":"L'huile d'argan est utilis\u00e9e pour les soins de la peau par les femmes au Maroc depuis des milliers d'ann\u00e9es. Les recherches publi\u00e9es sur l'huile d'argan prouvent ses anciens secrets de beaut\u00e9","breadcrumb":{"@id":"https:\/\/arganoils.com\/fr\/a-propos-de-nous\/#breadcrumb"},"inLanguage":"fr-FR","potentialAction":[{"@type":"ReadAction","target":["https:\/\/arganoils.com\/fr\/a-propos-de-nous\/"]}]},{"@type":"ImageObject","inLanguage":"fr-FR","@id":"https:\/\/arganoils.com\/fr\/a-propos-de-nous\/#primaryimage","url":"https:\/\/arganoils.com\/wp-content\/uploads\/2022\/08\/hero_about.jpg","contentUrl":"https:\/\/arganoils.com\/wp-content\/uploads\/2022\/08\/hero_about.jpg","width":760,"height":204,"caption":"100% Pure Argan oil"},{"@type":"BreadcrumbList","@id":"https:\/\/arganoils.com\/fr\/a-propos-de-nous\/#breadcrumb","itemListElement":[{"@type":"ListItem","position":1,"name":"Home","item":"https:\/\/arganoils.com\/fr\/"},{"@type":"ListItem","position":2,"name":"A propos de nous"}]},{"@type":"WebSite","@id":"https:\/\/arganoils.com\/#website","url":"https:\/\/arganoils.com\/","name":"Argan Oils","description":"Empower. Protect. Preserve.","publisher":{"@id":"https:\/\/arganoils.com\/#organization"},"potentialAction":[{"@type":"SearchAction","target":{"@type":"EntryPoint","urlTemplate":"https:\/\/arganoils.com\/?s={search_term_string}"},"query-input":"required name=search_term_string"}],"inLanguage":"fr-FR"},{"@type":"Organization","@id":"https:\/\/arganoils.com\/#organization","name":"Argan Oils","url":"https:\/\/arganoils.com\/","logo":{"@type":"ImageObject","inLanguage":"fr-FR","@id":"https:\/\/arganoils.com\/#\/schema\/logo\/image\/","url":"http:\/\/arganoils.com\/wp-content\/uploads\/2022\/08\/home_logo.gif","contentUrl":"http:\/\/arganoils.com\/wp-content\/uploads\/2022\/08\/home_logo.gif","width":242,"height":64,"caption":"Argan Oils"},"image":{"@id":"https:\/\/arganoils.com\/#\/schema\/logo\/image\/"}}]}},"_links":{"self":[{"href":"https:\/\/arganoils.com\/fr\/wp-json\/wp\/v2\/pages\/250","targetHints":{"allow":["GET"]}}],"collection":[{"href":"https:\/\/arganoils.com\/fr\/wp-json\/wp\/v2\/pages"}],"about":[{"href":"https:\/\/arganoils.com\/fr\/wp-json\/wp\/v2\/types\/page"}],"author":[{"embeddable":true,"href":"https:\/\/arganoils.com\/fr\/wp-json\/wp\/v2\/users\/1"}],"replies":[{"embeddable":true,"href":"https:\/\/arganoils.com\/fr\/wp-json\/wp\/v2\/comments?post=250"}],"version-history":[{"count":3,"href":"https:\/\/arganoils.com\/fr\/wp-json\/wp\/v2\/pages\/250\/revisions"}],"predecessor-version":[{"id":477,"href":"https:\/\/arganoils.com\/fr\/wp-json\/wp\/v2\/pages\/250\/revisions\/477"}],"wp:featuredmedia":[{"embeddable":true,"href":"https:\/\/arganoils.com\/fr\/wp-json\/wp\/v2\/media\/203"}],"wp:attachment":[{"href":"https:\/\/arganoils.com\/fr\/wp-json\/wp\/v2\/media?parent=250"}],"curies":[{"name":"wp","href":"https:\/\/api.w.org\/{rel}","templated":true}]}}