{"id":256,"date":"2022-08-28T18:18:32","date_gmt":"2022-08-28T18:18:32","guid":{"rendered":"http:\/\/arganoils.com\/donner-du-pouvoir-proteger-preserver\/"},"modified":"2024-03-11T02:49:43","modified_gmt":"2024-03-11T02:49:43","slug":"donner-du-pouvoir-proteger-preserver","status":"publish","type":"page","link":"https:\/\/arganoils.com\/fr\/donner-du-pouvoir-proteger-preserver\/","title":{"rendered":"Donner du pouvoir. Prot\u00e9ger. Pr\u00e9server."},"content":{"rendered":"\n<img loading=\"lazy\" decoding=\"async\" src=\"http:\/\/arganoils.com\/wp-content\/uploads\/2022\/08\/heros_women.jpg\" alt=\"Huile d'Argan Bio\" itemprop=\"image\" height=\"204\" width=\"760\" title=\"Huile d'Argan Bio\" onerror=\"this.style.display='none'\">\n\t<h3>Autonomiser<\/h3>\n\nLes coop\u00e9ratives de femmes ont \u00e9t\u00e9 sp\u00e9cifiquement d\u00e9velopp\u00e9es pour autonomiser les femmes des zones rurales du Maroc. L&#8217;objectif premier de ces femmes d\u00e9vou\u00e9es est de sauver et de prot\u00e9ger l&#8217;arganeraie. Les coop\u00e9ratives s&#8217;efforcent d&#8217;atteindre leur but en r\u00e9alisant trois objectifs. Le premier est la sensibilisation des populations locales \u00e0 l&#8217;importance de l&#8217;arganier et aux probl\u00e8mes li\u00e9s \u00e0 la fragilit\u00e9 de la for\u00eat d&#8217;arganiers. Le second consiste \u00e0 fournir les ressources n\u00e9cessaires pour organiser la production traditionnelle d&#8217;huile d&#8217;argan. Troisi\u00e8mement, les femmes d\u00e9veloppent des voies de commercialisation pour les produits \u00e0 base d&#8217;huile d&#8217;argan qui permettront de faire conna\u00eetre cette cause influente. Le commerce \u00e9quitable et le d\u00e9veloppement durable sont \u00e0 la base de ces initiatives. Gr\u00e2ce au commerce \u00e9quitable, les femmes ont la garantie d&#8217;un salaire comp\u00e9titif. Ce revenu fondamental renforce le statut social des femmes et les coop\u00e9ratives leur permettent d&#8217;\u00e9chapper \u00e0 l&#8217;isolement auquel elles sont confront\u00e9es. En plus de leurs revenus, les femmes ont la possibilit\u00e9 de s&#8217;\u00e9panouir gr\u00e2ce \u00e0 l&#8217;\u00e9ducation. Les coop\u00e9ratives font progresser les programmes d&#8217;alphab\u00e9tisation et d&#8217;\u00e9ducation environnementale, enseignent des comp\u00e9tences commerciales et les femmes participent activement aux processus d\u00e9cisionnels.\n<p>Un objectif secondaire des coop\u00e9ratives est que les femmes utilisent leurs connaissances pour r\u00e9colter les fruits de l&#8217;arganier de mani\u00e8re \u00e9cologique. La pr\u00e9servation et la r\u00e9g\u00e9n\u00e9ration de l&#8217;arganeraie sont au centre de chaque \u00e9tape du processus de r\u00e9colte. Chaque femme contribue aux projets de reforestation en plantant pas moins de 10 nouveaux arbres chaque ann\u00e9e.<\/p>\nOn estime que trois millions de personnes vivant dans les zones rurales d\u00e9pendent de l&#8217;huile d&#8217;argan pour leurs revenus. Parce que cela a un impact direct sur leur statut socio-\u00e9conomique, les femmes assument l&#8217;enti\u00e8re responsabilit\u00e9 de la r\u00e9colte et de la production de l&#8217;huile d&#8217;argan. En soutenant les huiles d&#8217;argan, vous ne faites pas que pr\u00e9server la sant\u00e9 de votre peau et de votre corps, vous contribuez \u00e0 la protection de l&#8217;arganier et \u00e0 l&#8217;autonomisation des femmes qui produisent cette huile remarquable.\n\n<p>&nbsp;<\/p>\n\t\t\t\t<img loading=\"lazy\" decoding=\"async\" src=\"http:\/\/arganoils.com\/wp-content\/uploads\/2022\/08\/CartonBottle.jpg\" alt=\"Bouteille d'huile d'argan biologique\" itemprop=\"image\" height=\"337\" width=\"160\" title=\"Bouteille d'huile d'argan biologique\" onerror=\"this.style.display='none'\">\n\t<h3>Prot\u00e9ger<\/h3>\n\nLe nom scientifiquement reconnu de l&#8217;arganier est Argania Spinosa, une race vieille de 1,5 million d&#8217;ann\u00e9es, indig\u00e8ne du sud-ouest du Maroc, dont la dur\u00e9e de vie est de 150 \u00e0 200 ans. La culture du fruit de l&#8217;arganier utilis\u00e9 pour produire l&#8217;huile d&#8217;argan n&#8217;est en aucun cas nuisible \u00e0 l&#8217;arbre ; au contraire, les recherches d\u00e9montrent que la commercialisation de l&#8217;huile d&#8217;argan le prot\u00e8ge r\u00e9ellement. Votre soutien \u00e0 l&#8217;huile d&#8217;argan permet d&#8217;augmenter le nombre d&#8217;arbres plant\u00e9s chaque ann\u00e9e afin de r\u00e9pondre \u00e0 la demande et de sensibiliser le public \u00e0 la valeur sanitaire, sociale, \u00e9conomique et environnementale de l&#8217;arganier. Elles prot\u00e8gent le sol contre les fortes pluies et l&#8217;\u00e9rosion due au vent, pr\u00e9servent la fertilit\u00e9 du sol et ont la capacit\u00e9 unique de puiser de l&#8217;eau \u00e0 30 m\u00e8tres de profondeur, permettant ainsi aux autres plantes situ\u00e9es \u00e0 proximit\u00e9 de se nourrir de leur r\u00e9serve. L&#8217;arganier constitue la derni\u00e8re barri\u00e8re contre l&#8217;avanc\u00e9e du d\u00e9sert. En 1998, l&#8217;Organisation des Nations unies pour l&#8217;\u00e9ducation, la science et la culture<a href=\"http:\/\/www.unesco.org\/mabdb\/br\/brdir\/directory\/biores.asp?mode=all&amp;code=MOR+01\" target=\"_blank\" rel=\"noopener\">(UNESCO)<\/a> a pris des mesures pour prot\u00e9ger la for\u00eat d&#8217;arganiers en la d\u00e9clarant &#8220;r\u00e9serve de biosph\u00e8re&#8221; internationale. Tragiquement, au cours des 40 derni\u00e8res ann\u00e9es, environ un tiers de la for\u00eat d&#8217;arganiers a disparu.\nL&#8217;arganier, Argania Spinosa, est l&#8217;un des joyaux naturels les plus pris\u00e9s du Maroc. Afin de pr\u00e9server ce tr\u00e9sor, nous adoptons une approche \u00e9thique pour utiliser les produits de l&#8217;arbre tout en soutenant les membres de la communaut\u00e9 dont la vie en d\u00e9pend. On estime que 90% de la population rurale de la r\u00e9gion d\u00e9pend de l&#8217;arbre pour des usages tels que l&#8217;alimentation humaine et animale, les mat\u00e9riaux de construction, le charbon de bois, l&#8217;ombre, la stabilit\u00e9 du sol pour les cultures, la m\u00e9decine traditionnelle et les applications cosm\u00e9tiques. En choisissant les produits d&#8217;huile d&#8217;argan biologique Argan Oils\u2122, vous enrichissez la sant\u00e9 de votre peau et de votre corps, ainsi que la vie et le bien-\u00eatre de l&#8217;environnement marocain et de la for\u00eat d&#8217;arganiers.\n\n\t\t\t\t<img loading=\"lazy\" decoding=\"async\" src=\"http:\/\/arganoils.com\/wp-content\/uploads\/2022\/08\/Tree_01.gif\" alt=\"Huile d'arbre ARGAN Huiles ARGAN\" itemprop=\"image\" height=\"112\" width=\"168\" title=\"Huile d'arbre ARGAN Huiles ARGAN\" onerror=\"this.style.display='none'\">\n\t<h3>Pr\u00e9server<\/h3>\n\nL&#8217;huile d&#8217;argan est une source riche d&#8217;aliments nourrissants pour la peau qui ne contient aucun colorant, parfum ou conservateur artificiel susceptible d&#8217;irriter la peau. Elle est id\u00e9ale pour les b\u00e9b\u00e9s, les enfants et les personnes qui cherchent \u00e0 pr\u00e9server leur jeunesse et leur vitalit\u00e9. L&#8217;huile d&#8217;argan n&#8217;obstrue pas les pores et poss\u00e8de une gamme \u00e9tonnamment diversifi\u00e9e de bienfaits cosm\u00e9tiques pour la peau, les cheveux et les ongles. Il poss\u00e8de un ensemble de propri\u00e9t\u00e9s anti-\u00e2ge qui ont d\u00e9montr\u00e9 leur capacit\u00e9 \u00e0 corriger les rides et \u00e0 raffermir la peau. Son maquillage riche en antioxydants et ses capacit\u00e9s ultra-hydratantes r\u00e9pondent aux besoins des consommateurs d&#8217;\u00e2ge m\u00fbr. Lorsqu&#8217;elle est appliqu\u00e9e, l&#8217;huile d&#8217;argan p\u00e9n\u00e8tre rapidement, laissant votre peau douce et lisse sans les restes de brillance comme les autres huiles.\n<p>L&#8217;huile d&#8217;argan est id\u00e9ale pour les peaux \u00e0 imperfections. Il a des propri\u00e9t\u00e9s antiseptiques et bact\u00e9ricides et aide \u00e0 r\u00e9guler les huiles naturelles de votre peau. Sa forte teneur en vitamine E r\u00e9duit le temps de r\u00e9cup\u00e9ration en cicatrisant et en pr\u00e9venant les cicatrices laiss\u00e9es par l&#8217;acn\u00e9 ou la chirurgie.<\/p>\n<p>L&#8217;huile d&#8217;argan a un effet significatif sur la sant\u00e9 et l&#8217;apparence des tissus cutan\u00e9s affect\u00e9s par des troubles tels que l&#8217;ecz\u00e9ma et le psoriasis. Il att\u00e9nue avec succ\u00e8s les sympt\u00f4mes inflammatoires associ\u00e9s \u00e0 ces troubles en traitant efficacement les rougeurs, l&#8217;inflammation et la perte d&#8217;hydratation associ\u00e9es \u00e0 la peau s\u00e8che.<\/p>\n<p>Comme votre peau subit constamment les effets n\u00e9gatifs de l&#8217;environnement, il est important de prendre des mesures pr\u00e9ventives. L&#8217;huile d&#8217;argan biologique prot\u00e8ge les cellules de la peau des rayons nocifs du soleil et son rare composant, le squal\u00e8ne, est consid\u00e9r\u00e9 comme une protection contre le cancer de la peau. En outre, il aide les cellules de collag\u00e8ne et d&#8217;\u00e9lastine dans leur lutte pour ne pas se s\u00e9parer pendant les p\u00e9riodes rapides de croissance ou de perte de poids qui provoquent des vergetures. Agissez pour nourrir votre peau et pr\u00e9server sa jeunesse et sa vitalit\u00e9 en utilisant l&#8217;huile d&#8217;argan biologique Argan Oils\u2122 enti\u00e8rement naturelle.<\/p>\n&nbsp;\n\n<p><b>Vous trouverez ci-dessous une liste des nombreux avantages de l&#8217;huile d&#8217;argan :<\/b><\/p>\n<ul>\n<li>L&#8217;huile d&#8217;argan r\u00e9duit sensiblement les rides et adoucit la peau.<\/li>\n<li>L&#8217;huile d&#8217;argan est riche en prot\u00e9ines qui resserrent la peau et prot\u00e8gent son \u00e9lasticit\u00e9.<\/li>\n<li>L&#8217;huile d&#8217;argan r\u00e9g\u00e9n\u00e8re rapidement la peau en relan\u00e7ant les fonctions vitales des cellules pour pr\u00e9venir le vieillissement pr\u00e9coce d\u00fb aux agressions ext\u00e9rieures (soleil, intemp\u00e9ries, pollution, stress, tabac, etc.).<\/li>\n<li>L&#8217;huile d&#8217;argan r\u00e9duit rapidement les irritations et les inflammations de la peau.<\/li>\n<li>L&#8217;huile d&#8217;argan r\u00e9duit notamment les imperfections et ralentit l&#8217;apparition des rides.<\/li>\n<li>L&#8217;huile d&#8217;argan poss\u00e8de une action s\u00e9bor\u00e9gulatrice pour les peaux grasses.<\/li>\n<li>L&#8217;huile d&#8217;argan r\u00e9duit les cicatrices visibles laiss\u00e9es par l&#8217;acn\u00e9 ou la varicelle.<\/li>\n<li>L&#8217;huile d&#8217;argan hydrate significativement la peau en restaurant sa barri\u00e8re naturelle et en neutralisant les radicaux libres.<\/li>\n<li>L&#8217;huile d&#8217;argan aide \u00e0 pr\u00e9venir les vergetures caus\u00e9es par la grossesse ou les fluctuations de poids.<\/li>\n<li>L&#8217;huile d&#8217;argan traite l&#8217;acn\u00e9, l&#8217;ecz\u00e9ma et le psoriasis.<\/li>\n<li>L&#8217;huile d&#8217;argan renforce les ongles fragiles.<\/li>\n<li>L&#8217;huile d&#8217;argan apaise les rhumatismes et les douleurs arthritiques.<\/li>\n<li>L&#8217;huile d&#8217;argan redonne une brillance remarquable aux cheveux, soigne le cuir chevelu pour favoriser la croissance des cheveux et aide \u00e0 r\u00e9parer les pointes fourchues.<\/li>\n<\/ul>\n\t<strong>&#8220;Pour certains experts, l&#8217;huile d&#8217;argan est un produit gagnant-gagnant&#8221;.<\/strong>\n<strong>&#8220;&#8230;C&#8217;est un anitager et c&#8217;est \u00e9cologique.&#8221;<\/strong>\n<img loading=\"lazy\" decoding=\"async\" src=\"http:\/\/arganoils.com\/wp-content\/uploads\/2022\/08\/elle_logo.gif\" alt=\"\" width=\"47\" height=\"15\">\n\t<p><strong>&#8220;L&#8217;huile d&#8217;argan, dont on dit qu&#8217;elle a des effets r\u00e9parateurs et anti-\u00e2ge, est devenue l&#8217;un des derniers ingr\u00e9dients miracles de l&#8217;industrie de la beaut\u00e9.&#8221;<\/strong><\/p>\n<p><img loading=\"lazy\" decoding=\"async\" src=\"http:\/\/arganoils.com\/wp-content\/uploads\/2022\/08\/ny_times_logo.gif\" alt=\"\" width=\"100\" height=\"20\"><\/p>\n<p>&nbsp;<\/p>\n\t<h3>Applications :<\/h3>\n<p>Pour nourrir et hydrater le visage, appliquer l&#8217;huile d&#8217;argan apr\u00e8s le nettoyage et laisser le temps de bien l&#8217;absorber avant de se maquiller. L&#8217;huile d&#8217;argan constitue une excellente barri\u00e8re entre votre peau et les polluants environnementaux et les conditions climatiques difficiles. Pour une utilisation nocturne, appliquez l&#8217;huile d&#8217;argan apr\u00e8s le nettoyage du soir pour renforcer le processus de rajeunissement de la peau pendant le repos.<\/p>\n<p>L&#8217;huile d&#8217;argan s&#8217;applique sur le corps \u00e0 tout moment. Depuis des si\u00e8cles, elle est traditionnellement utilis\u00e9e pour apaiser la peau s\u00e8che, les muscles endoloris, les rhumatismes et les douleurs arthritiques, et comme traitement ponctuel des cicatrices, de l&#8217;ecz\u00e9ma et du psoriasis.<\/p>\n<p>Pour renforcer les ongles faibles ou cassants, m\u00e9langez \u00e0 parts \u00e9gales de l&#8217;huile d&#8217;argan et du jus de citron et laissez tremper pendant 10 minutes.<\/p>\n<p>Pour revitaliser les cheveux, apaiser le cuir chevelu et corriger les pointes fourchues, appliquez l&#8217;huile d&#8217;argan directement sur le cuir chevelu et massez les cheveux avec l&#8217;huile. Attendez 30 minutes puis faites un shampooing. Pour ajouter de la brillance, s\u00e9chez avec une serviette et appliquez la quantit\u00e9 souhait\u00e9e d&#8217;huile d&#8217;argan.<\/p>\n\t\t\t\t<img loading=\"lazy\" decoding=\"async\" src=\"http:\/\/arganoils.com\/wp-content\/uploads\/2022\/08\/woman_apply_sml.jpg\" alt=\"Soins de la peau \u00e0 l'huile d'argan\" itemprop=\"image\" height=\"141\" width=\"200\" title=\"Soins de la peau \u00e0 l'huile d'argan\" onerror=\"this.style.display='none'\">\n","protected":false},"excerpt":{"rendered":"","protected":false},"author":1,"featured_media":235,"parent":0,"menu_order":0,"comment_status":"closed","ping_status":"closed","template":"","meta":{"footnotes":""},"class_list":["post-256","page","type-page","status-publish","has-post-thumbnail","hentry"],"yoast_head":"<!-- This site is optimized with the Yoast SEO plugin v22.2 - https:\/\/yoast.com\/wordpress\/plugins\/seo\/ -->\n<title>Donner du pouvoir. Prot\u00e9ger. Pr\u00e9server. - Argan Oils<\/title>\n<meta name=\"description\" content=\"L&#039;huile d&#039;argan, dont on dit qu&#039;elle a des effets r\u00e9parateurs et anti-\u00e2ge, est devenue l&#039;un des derniers ingr\u00e9dients miracles de l&#039;industrie de la beaut\u00e9.\" \/>\n<meta name=\"robots\" content=\"index, follow, max-snippet:-1, max-image-preview:large, max-video-preview:-1\" \/>\n<link rel=\"canonical\" href=\"https:\/\/arganoils.com\/fr\/donner-du-pouvoir-proteger-preserver\/\" \/>\n<meta property=\"og:locale\" content=\"fr_FR\" \/>\n<meta property=\"og:type\" content=\"article\" \/>\n<meta property=\"og:title\" content=\"Donner du pouvoir. Prot\u00e9ger. Pr\u00e9server. - Argan Oils\" \/>\n<meta property=\"og:description\" content=\"L&#039;huile d&#039;argan, dont on dit qu&#039;elle a des effets r\u00e9parateurs et anti-\u00e2ge, est devenue l&#039;un des derniers ingr\u00e9dients miracles de l&#039;industrie de la beaut\u00e9.\" \/>\n<meta property=\"og:url\" content=\"https:\/\/arganoils.com\/fr\/donner-du-pouvoir-proteger-preserver\/\" \/>\n<meta property=\"og:site_name\" content=\"Argan Oils\" \/>\n<meta property=\"article:modified_time\" content=\"2024-03-11T02:49:43+00:00\" \/>\n<meta property=\"og:image\" content=\"https:\/\/arganoils.com\/wp-content\/uploads\/2022\/08\/heros_women.jpg\" \/>\n\t<meta property=\"og:image:width\" content=\"760\" \/>\n\t<meta property=\"og:image:height\" content=\"204\" \/>\n\t<meta property=\"og:image:type\" content=\"image\/jpeg\" \/>\n<meta name=\"twitter:card\" content=\"summary_large_image\" \/>\n<meta name=\"twitter:label1\" content=\"Est. reading time\" \/>\n\t<meta name=\"twitter:data1\" content=\"8 minutes\" \/>\n<script type=\"application\/ld+json\" class=\"yoast-schema-graph\">{\"@context\":\"https:\/\/schema.org\",\"@graph\":[{\"@type\":\"WebPage\",\"@id\":\"https:\/\/arganoils.com\/fr\/donner-du-pouvoir-proteger-preserver\/\",\"url\":\"https:\/\/arganoils.com\/fr\/donner-du-pouvoir-proteger-preserver\/\",\"name\":\"Donner du pouvoir. Prot\u00e9ger. Pr\u00e9server. - Argan Oils\",\"isPartOf\":{\"@id\":\"https:\/\/arganoils.com\/#website\"},\"primaryImageOfPage\":{\"@id\":\"https:\/\/arganoils.com\/fr\/donner-du-pouvoir-proteger-preserver\/#primaryimage\"},\"image\":{\"@id\":\"https:\/\/arganoils.com\/fr\/donner-du-pouvoir-proteger-preserver\/#primaryimage\"},\"thumbnailUrl\":\"https:\/\/arganoils.com\/wp-content\/uploads\/2022\/08\/heros_women.jpg\",\"datePublished\":\"2022-08-28T18:18:32+00:00\",\"dateModified\":\"2024-03-11T02:49:43+00:00\",\"description\":\"L'huile d'argan, dont on dit qu'elle a des effets r\u00e9parateurs et anti-\u00e2ge, est devenue l'un des derniers ingr\u00e9dients miracles de l'industrie de la beaut\u00e9.\",\"breadcrumb\":{\"@id\":\"https:\/\/arganoils.com\/fr\/donner-du-pouvoir-proteger-preserver\/#breadcrumb\"},\"inLanguage\":\"fr-FR\",\"potentialAction\":[{\"@type\":\"ReadAction\",\"target\":[\"https:\/\/arganoils.com\/fr\/donner-du-pouvoir-proteger-preserver\/\"]}]},{\"@type\":\"ImageObject\",\"inLanguage\":\"fr-FR\",\"@id\":\"https:\/\/arganoils.com\/fr\/donner-du-pouvoir-proteger-preserver\/#primaryimage\",\"url\":\"https:\/\/arganoils.com\/wp-content\/uploads\/2022\/08\/heros_women.jpg\",\"contentUrl\":\"https:\/\/arganoils.com\/wp-content\/uploads\/2022\/08\/heros_women.jpg\",\"width\":760,\"height\":204,\"caption\":\"Argan Oil Organic\"},{\"@type\":\"BreadcrumbList\",\"@id\":\"https:\/\/arganoils.com\/fr\/donner-du-pouvoir-proteger-preserver\/#breadcrumb\",\"itemListElement\":[{\"@type\":\"ListItem\",\"position\":1,\"name\":\"Home\",\"item\":\"https:\/\/arganoils.com\/fr\/\"},{\"@type\":\"ListItem\",\"position\":2,\"name\":\"Donner du pouvoir. Prot\u00e9ger. Pr\u00e9server.\"}]},{\"@type\":\"WebSite\",\"@id\":\"https:\/\/arganoils.com\/#website\",\"url\":\"https:\/\/arganoils.com\/\",\"name\":\"Argan Oils\",\"description\":\"Empower. Protect. Preserve.\",\"publisher\":{\"@id\":\"https:\/\/arganoils.com\/#organization\"},\"potentialAction\":[{\"@type\":\"SearchAction\",\"target\":{\"@type\":\"EntryPoint\",\"urlTemplate\":\"https:\/\/arganoils.com\/?s={search_term_string}\"},\"query-input\":\"required name=search_term_string\"}],\"inLanguage\":\"fr-FR\"},{\"@type\":\"Organization\",\"@id\":\"https:\/\/arganoils.com\/#organization\",\"name\":\"Argan Oils\",\"url\":\"https:\/\/arganoils.com\/\",\"logo\":{\"@type\":\"ImageObject\",\"inLanguage\":\"fr-FR\",\"@id\":\"https:\/\/arganoils.com\/#\/schema\/logo\/image\/\",\"url\":\"http:\/\/arganoils.com\/wp-content\/uploads\/2022\/08\/home_logo.gif\",\"contentUrl\":\"http:\/\/arganoils.com\/wp-content\/uploads\/2022\/08\/home_logo.gif\",\"width\":242,\"height\":64,\"caption\":\"Argan Oils\"},\"image\":{\"@id\":\"https:\/\/arganoils.com\/#\/schema\/logo\/image\/\"}}]}<\/script>\n<!-- \/ Yoast SEO plugin. -->","yoast_head_json":{"title":"Donner du pouvoir. Prot\u00e9ger. Pr\u00e9server. - Argan Oils","description":"L'huile d'argan, dont on dit qu'elle a des effets r\u00e9parateurs et anti-\u00e2ge, est devenue l'un des derniers ingr\u00e9dients miracles de l'industrie de la beaut\u00e9.","robots":{"index":"index","follow":"follow","max-snippet":"max-snippet:-1","max-image-preview":"max-image-preview:large","max-video-preview":"max-video-preview:-1"},"canonical":"https:\/\/arganoils.com\/fr\/donner-du-pouvoir-proteger-preserver\/","og_locale":"fr_FR","og_type":"article","og_title":"Donner du pouvoir. Prot\u00e9ger. Pr\u00e9server. - Argan Oils","og_description":"L'huile d'argan, dont on dit qu'elle a des effets r\u00e9parateurs et anti-\u00e2ge, est devenue l'un des derniers ingr\u00e9dients miracles de l'industrie de la beaut\u00e9.","og_url":"https:\/\/arganoils.com\/fr\/donner-du-pouvoir-proteger-preserver\/","og_site_name":"Argan Oils","article_modified_time":"2024-03-11T02:49:43+00:00","og_image":[{"width":760,"height":204,"url":"https:\/\/arganoils.com\/wp-content\/uploads\/2022\/08\/heros_women.jpg","type":"image\/jpeg"}],"twitter_card":"summary_large_image","twitter_misc":{"Est. reading time":"8 minutes"},"schema":{"@context":"https:\/\/schema.org","@graph":[{"@type":"WebPage","@id":"https:\/\/arganoils.com\/fr\/donner-du-pouvoir-proteger-preserver\/","url":"https:\/\/arganoils.com\/fr\/donner-du-pouvoir-proteger-preserver\/","name":"Donner du pouvoir. Prot\u00e9ger. Pr\u00e9server. - Argan Oils","isPartOf":{"@id":"https:\/\/arganoils.com\/#website"},"primaryImageOfPage":{"@id":"https:\/\/arganoils.com\/fr\/donner-du-pouvoir-proteger-preserver\/#primaryimage"},"image":{"@id":"https:\/\/arganoils.com\/fr\/donner-du-pouvoir-proteger-preserver\/#primaryimage"},"thumbnailUrl":"https:\/\/arganoils.com\/wp-content\/uploads\/2022\/08\/heros_women.jpg","datePublished":"2022-08-28T18:18:32+00:00","dateModified":"2024-03-11T02:49:43+00:00","description":"L'huile d'argan, dont on dit qu'elle a des effets r\u00e9parateurs et anti-\u00e2ge, est devenue l'un des derniers ingr\u00e9dients miracles de l'industrie de la beaut\u00e9.","breadcrumb":{"@id":"https:\/\/arganoils.com\/fr\/donner-du-pouvoir-proteger-preserver\/#breadcrumb"},"inLanguage":"fr-FR","potentialAction":[{"@type":"ReadAction","target":["https:\/\/arganoils.com\/fr\/donner-du-pouvoir-proteger-preserver\/"]}]},{"@type":"ImageObject","inLanguage":"fr-FR","@id":"https:\/\/arganoils.com\/fr\/donner-du-pouvoir-proteger-preserver\/#primaryimage","url":"https:\/\/arganoils.com\/wp-content\/uploads\/2022\/08\/heros_women.jpg","contentUrl":"https:\/\/arganoils.com\/wp-content\/uploads\/2022\/08\/heros_women.jpg","width":760,"height":204,"caption":"Argan Oil Organic"},{"@type":"BreadcrumbList","@id":"https:\/\/arganoils.com\/fr\/donner-du-pouvoir-proteger-preserver\/#breadcrumb","itemListElement":[{"@type":"ListItem","position":1,"name":"Home","item":"https:\/\/arganoils.com\/fr\/"},{"@type":"ListItem","position":2,"name":"Donner du pouvoir. Prot\u00e9ger. Pr\u00e9server."}]},{"@type":"WebSite","@id":"https:\/\/arganoils.com\/#website","url":"https:\/\/arganoils.com\/","name":"Argan Oils","description":"Empower. Protect. Preserve.","publisher":{"@id":"https:\/\/arganoils.com\/#organization"},"potentialAction":[{"@type":"SearchAction","target":{"@type":"EntryPoint","urlTemplate":"https:\/\/arganoils.com\/?s={search_term_string}"},"query-input":"required name=search_term_string"}],"inLanguage":"fr-FR"},{"@type":"Organization","@id":"https:\/\/arganoils.com\/#organization","name":"Argan Oils","url":"https:\/\/arganoils.com\/","logo":{"@type":"ImageObject","inLanguage":"fr-FR","@id":"https:\/\/arganoils.com\/#\/schema\/logo\/image\/","url":"http:\/\/arganoils.com\/wp-content\/uploads\/2022\/08\/home_logo.gif","contentUrl":"http:\/\/arganoils.com\/wp-content\/uploads\/2022\/08\/home_logo.gif","width":242,"height":64,"caption":"Argan Oils"},"image":{"@id":"https:\/\/arganoils.com\/#\/schema\/logo\/image\/"}}]}},"_links":{"self":[{"href":"https:\/\/arganoils.com\/fr\/wp-json\/wp\/v2\/pages\/256","targetHints":{"allow":["GET"]}}],"collection":[{"href":"https:\/\/arganoils.com\/fr\/wp-json\/wp\/v2\/pages"}],"about":[{"href":"https:\/\/arganoils.com\/fr\/wp-json\/wp\/v2\/types\/page"}],"author":[{"embeddable":true,"href":"https:\/\/arganoils.com\/fr\/wp-json\/wp\/v2\/users\/1"}],"replies":[{"embeddable":true,"href":"https:\/\/arganoils.com\/fr\/wp-json\/wp\/v2\/comments?post=256"}],"version-history":[{"count":4,"href":"https:\/\/arganoils.com\/fr\/wp-json\/wp\/v2\/pages\/256\/revisions"}],"predecessor-version":[{"id":491,"href":"https:\/\/arganoils.com\/fr\/wp-json\/wp\/v2\/pages\/256\/revisions\/491"}],"wp:featuredmedia":[{"embeddable":true,"href":"https:\/\/arganoils.com\/fr\/wp-json\/wp\/v2\/media\/235"}],"wp:attachment":[{"href":"https:\/\/arganoils.com\/fr\/wp-json\/wp\/v2\/media?parent=256"}],"curies":[{"name":"wp","href":"https:\/\/api.w.org\/{rel}","templated":true}]}}