{"id":303,"date":"2022-08-28T18:36:22","date_gmt":"2022-08-28T18:36:22","guid":{"rendered":"http:\/\/arganoils.com\/actualites-recherche\/"},"modified":"2024-03-11T02:53:34","modified_gmt":"2024-03-11T02:53:34","slug":"actualites-recherche","status":"publish","type":"page","link":"https:\/\/arganoils.com\/fr\/actualites-recherche\/","title":{"rendered":"Actualit\u00e9s\/Recherche"},"content":{"rendered":"\n<img loading=\"lazy\" decoding=\"async\" src=\"http:\/\/arganoils.com\/wp-content\/uploads\/2022\/08\/hero_tubes.jpg\" alt=\"Recherche sur l'huile d'argan\" itemprop=\"image\" height=\"204\" width=\"760\" title=\"Recherche sur l'huile d'argan\" onerror=\"this.style.display='none'\">\n\t<h3>Articles de recherche publi\u00e9s en anglais<\/h3>\n<p>Nous remercions tout particuli\u00e8rement le Dr Zoubida Charrouf, le professeur Ahmed Adlouni et d&#8217;autres chercheurs pour avoir fourni les recherches.<\/p>\n<ul>\n<li><a href=\"http:\/\/www.arganoils.com\/articles\/en\/Antiproliferative%20effect%20of%20polyphenols%20and%20sterols%20of%20virgin%20argan%20oil%20on%20human%20cancer%20cell%20line.pdf\" target=\"_blank\" rel=\"noopener\">Effet antiprolif\u00e9ratif des polyph\u00e9nols et des st\u00e9rols de l&#8217;huile d&#8217;argan vierge sur la lign\u00e9e cellulaire du cancer de la prostate humain.<\/a><\/li>\n<li><a href=\"http:\/\/www.arganoils.com\/articles\/en\/Argan%20Oil%20Which%20Benefit%20on%20Cardioviscular%20Diseases.pdf\">Huile d&#8217;argan : Quel b\u00e9n\u00e9fice sur les maladies cardio-vasculaires.<\/a><\/li>\n<li><a href=\"http:\/\/www.arganoils.com\/articles\/en\/argan%20oils%20production%20process%20&amp;%20composition.pdf\">Processus de production et composition des huiles d&#8217;argan.<\/a><\/li>\n<li><a href=\"http:\/\/www.arganoils.com\/articles\/en\/Cancer%20chemopreventive%20effects%20of%20argan%20oil.pdf\">Effets chimiopr\u00e9ventifs de l&#8217;huile d&#8217;argan sur le cancer.<\/a><\/li>\n<li><a href=\"http:\/\/www.arganoils.com\/articles\/en\/Colorimetric%20Evaluation%20of%20Phenolic%20Content%20and%20GC-MS%20Characterization%20of%20%20phenolic%20composition%20alimentary%20and%20cosmetic%20Argan%20Oil.pdf\">\u00c9valuation colorim\u00e9trique du contenu ph\u00e9nolique et caract\u00e9risation par GC-MS de la composition ph\u00e9nolique de l&#8217;huile d&#8217;argan alimentaire et cosm\u00e9tique.<\/a><\/li>\n<li><a href=\"http:\/\/www.arganoils.com\/articles\/en\/Consumption%20of%20argan%20oil%20may%20have%20an%20antiatherogenic%20%20effect%20by%20improving%20%20Paraoxonase%20activities%20&amp;%20Antioxidant%20Status.pdf\">La consommation d&#8217;huile d&#8217;argan peut avoir un effet antiath\u00e9rog\u00e8ne en am\u00e9liorant les activit\u00e9s de la paraoxonase et le statut antioxydant.<\/a><\/li>\n<li><a href=\"http:\/\/www.arganoils.com\/articles\/en\/Disease%20preventioSecondary%20metabolites%20of%20the%20argan%20tree%20(Morocco)%20mayn.pdf\">Les m\u00e9tabolites secondaires de l&#8217;arganier (Maroc) peuvent avoir des propri\u00e9t\u00e9s de pr\u00e9vention des maladies.<\/a><\/li>\n<li><a href=\"http:\/\/www.arganoils.com\/articles\/en\/Ecological%20farming%20&amp;%20Argan.pdf\">Agriculture \u00e9cologique &amp; Argan.<\/a><\/li>\n<li><a href=\"http:\/\/www.arganoils.com\/articles\/en\/Ethnoeconomical,%20Ethnomedical,%20and.pdf\">\u00c9tude ethno\u00e9conomique, ethnom\u00e9dicale et phytochimique de l&#8217;Argania spinosa.<\/a><\/li>\n<li><a href=\"http:\/\/www.arganoils.com\/articles\/en\/Evidence%20of%20hypolipemiant%20and%20antioxidant.pdf\">Preuve des propri\u00e9t\u00e9s hypolip\u00e9miantes et antioxydantes de l&#8217;huile d&#8217;argan d\u00e9riv\u00e9e de l&#8217;arganier.<\/a><\/li>\n<li><a href=\"http:\/\/www.arganoils.com\/articles\/en\/How%20Ecological%20Farming,%20Fair%20Trade%20and%20Sustainability%20Can%20Drive%20research%20for%20new%20cosmetic%20ingredients.pdf\">Comment l&#8217;agriculture \u00e9cologique, le commerce \u00e9quitable et la durabilit\u00e9 peuvent stimuler la recherche de nouveaux ingr\u00e9dients cosm\u00e9tiques.<\/a><\/li>\n<li><a href=\"http:\/\/www.arganoils.com\/articles\/en\/Influence%20of%20Origin%20version%20finale.pdf\">Influence de l&#8217;origine et de la m\u00e9thode d&#8217;extraction sur les caract\u00e9ristiques physico-chimiques et la composition de l&#8217;huile d&#8217;argan.<\/a><\/li>\n<li><a href=\"http:\/\/www.arganoils.com\/articles\/en\/Insulin-sensitizing%20and%20Anti-proliferative%20Effects%20of.pdf\">Effets insulino-sensibilisants et anti-prolif\u00e9ratifs des extraits de graines d&#8217;Arania spinosa.<\/a><\/li>\n<li><a href=\"http:\/\/www.arganoils.com\/articles\/en\/Nutritional%20Intervention%20Study%20with%20Argan%20oil%20in%20man%20effect%20of%20lipids%20&amp;%20Apolipoproteins.pdf\">\u00c9tude d&#8217;intervention nutritionnelle avec l&#8217;huile d&#8217;argan chez l&#8217;homme : Effet des lipides et des apolipoprot\u00e9ines.<\/a><\/li>\n<li><a href=\"http:\/\/www.arganoils.com\/articles\/en\/Phenolic-extract%20from%20argan%20oil%20(Argania%20spinosa%20L.)%20inhibits%20human.pdf\">L&#8217;extrait ph\u00e9nolique de l&#8217;huile d&#8217;argan inhibe l&#8217;oxydation des lipoprot\u00e9ines de basse densit\u00e9 (LDL) humaines et augmente l&#8217;efflux de cholest\u00e9rol des macrophages humains THP-1.<\/a><\/li>\n<li><a href=\"http:\/\/www.arganoils.com\/articles\/en\/Secondary%20metabolites%20from%20argania%20spinosa.pdf\">M\u00e9tabolites secondaires d&#8217;Argania spinosa.<\/a><\/li>\n<li><a href=\"http:\/\/www.arganoils.com\/articles\/en\/Tocopherols%20&amp;%20Saponins%20Derived%20From%20Argania%20Spinosa%20Exert%20an%20Antiproliferative%20Effect%20on%20Human%20Prostate%20Cancer.pdf\">Les tocoph\u00e9rols et les saponines d\u00e9riv\u00e9s de l&#8217;Argania spinosa exercent un effet antiprolif\u00e9ratif sur le cancer de la prostate humaine.<\/a><\/li>\n<\/ul>\n\t<h3>Articles de recherche publi\u00e9s en fran\u00e7ais<\/h3>\nMerci \u00e0 Dr. Zoubida Charrouf, Prof. Ahmed Adlouni,<br>\net autres Chercheurs pour fournir les recherches.\n<ul>\n<li><a href=\"http:\/\/www.arganoils.com\/articles\/fr\/AFSSA%20certification.pdf\" target=\"_blank\" rel=\"noopener\">Certification AFSSA.<\/a><\/li>\n<li><a href=\"http:\/\/www.arganoils.com\/articles\/fr\/Argan%20Oil%20Un%20Produit%20De%20Terroir.pdf\" target=\"_blank\" rel=\"noopener\">Huile d&#8217;argan Un Produit De Terroir.<\/a><\/li>\n<li><a href=\"http:\/\/www.arganoils.com\/articles\/fr\/Arganier%20Marocaine%20Histoire,%20Heritage%20&amp;%20Patrimoine.pdf\" target=\"_blank\" rel=\"noopener\">Arganier Marocaine Histoire, Heritage &amp; Patrimoine.<\/a><\/li>\n<li><a href=\"http:\/\/www.arganoils.com\/articles\/fr\/Arganier%20particularite%20Ecologique%20importance%20socio-economic.pdf\" target=\"_blank\" rel=\"noopener\">Arganier particularit\u00e9 Ecologique importance socio-\u00e9conomique.<\/a><\/li>\n<li><a href=\"http:\/\/www.arganoils.com\/articles\/fr\/Arganier,%20huile%20d'argan%20et%20d%C3%83%E2%80%A1riv%C3%83%E2%80%A1s.%20Une%20esp%C3%83%C2%A4ce%20end%C3%83%E2%80%A1mique%20marocaine%20(du%20site%20GreenHealth).pdf\" target=\"_blank\" rel=\"noopener\">Arganier, huile d&#8217;argan et d\u00e8riv\u00e8s. Une esp\u00e4ce end\u00e9mique marocaine (du site GreenHealth).<\/a><\/li>\n<li><a href=\"http:\/\/www.arganoils.com\/articles\/fr\/Hormones%20thyro%C3%83%C2%A3diennes%20et%20bilan%20lipidique%20de%20deux.pdf\" target=\"_blank\" rel=\"noopener\">Hormones thyro\u00e3diennes et bilan lipidique de deux.<\/a><\/li>\n<li><a href=\"http:\/\/www.arganoils.com\/articles\/fr\/L%60Arganier.pdf\" target=\"_blank\" rel=\"noopener\">L`Arganier.<\/a><\/li>\n<li><a href=\"http:\/\/www.arganoils.com\/articles\/fr\/L'Arganier%20Levier%20Du%20Developpment%20Humain%20de%20Milieu%20Rural%20Marocain.pdf\" target=\"_blank\" rel=\"noopener\">L&#8217;Arganier Levier Du Developpment Humain De Milieu Rural Marocain.<\/a><\/li>\n<li><a href=\"http:\/\/www.arganoils.com\/articles\/fr\/Rapport%20relatif%20%C3%83%E2%80%93%20l'%C3%83%E2%80%A1quivalence%20en%20substance%20de.pdf\" target=\"_blank\" rel=\"noopener\">Rapport relatif \u00d6 l&#8217;\u00c8quivalence en substance de.<\/a><\/li>\n<li><a href=\"http:\/\/www.arganoils.com\/articles\/fr\/these_arganeraie.pdf\" target=\"_blank\" rel=\"noopener\">Ces_arganeraie.<\/a><\/li>\n<li><a href=\"http:\/\/www.arganoils.com\/articles\/fr\/Valorisation%20de%20L%60Arganier%20Resultats%20et%20prespectives.pdf\" target=\"_blank\" rel=\"noopener\">Valorisation de L`Arganier R\u00e9sultats et prespectives.<\/a><\/li>\n<\/ul>\n<h2>\n Nouvelles\n\t<\/h2>\n","protected":false},"excerpt":{"rendered":"","protected":false},"author":1,"featured_media":0,"parent":0,"menu_order":0,"comment_status":"closed","ping_status":"closed","template":"","meta":{"footnotes":""},"class_list":["post-303","page","type-page","status-publish","hentry"],"yoast_head":"<!-- This site is optimized with the Yoast SEO plugin v22.2 - https:\/\/yoast.com\/wordpress\/plugins\/seo\/ -->\n<title>Actualit\u00e9s\/Recherche - Argan Oils<\/title>\n<meta name=\"description\" content=\"Articles de recherche sur les huiles d&#039;argan publi\u00e9s.\" \/>\n<meta name=\"robots\" content=\"index, follow, max-snippet:-1, max-image-preview:large, max-video-preview:-1\" \/>\n<link rel=\"canonical\" href=\"https:\/\/arganoils.com\/fr\/actualites-recherche\/\" \/>\n<meta property=\"og:locale\" content=\"fr_FR\" \/>\n<meta property=\"og:type\" content=\"article\" \/>\n<meta property=\"og:title\" content=\"Actualit\u00e9s\/Recherche - Argan Oils\" \/>\n<meta property=\"og:description\" content=\"Articles de recherche sur les huiles d&#039;argan publi\u00e9s.\" \/>\n<meta property=\"og:url\" content=\"https:\/\/arganoils.com\/fr\/actualites-recherche\/\" \/>\n<meta property=\"og:site_name\" content=\"Argan Oils\" \/>\n<meta property=\"article:modified_time\" content=\"2024-03-11T02:53:34+00:00\" \/>\n<meta property=\"og:image\" content=\"http:\/\/arganoils.com\/wp-content\/uploads\/2022\/08\/hero_tubes.jpg\" \/>\n<meta name=\"twitter:card\" content=\"summary_large_image\" \/>\n<meta name=\"twitter:label1\" content=\"Est. reading time\" \/>\n\t<meta name=\"twitter:data1\" content=\"2 minutes\" \/>\n<script type=\"application\/ld+json\" class=\"yoast-schema-graph\">{\"@context\":\"https:\/\/schema.org\",\"@graph\":[{\"@type\":\"WebPage\",\"@id\":\"https:\/\/arganoils.com\/fr\/actualites-recherche\/\",\"url\":\"https:\/\/arganoils.com\/fr\/actualites-recherche\/\",\"name\":\"Actualit\u00e9s\/Recherche - Argan Oils\",\"isPartOf\":{\"@id\":\"https:\/\/arganoils.com\/#website\"},\"primaryImageOfPage\":{\"@id\":\"https:\/\/arganoils.com\/fr\/actualites-recherche\/#primaryimage\"},\"image\":{\"@id\":\"https:\/\/arganoils.com\/fr\/actualites-recherche\/#primaryimage\"},\"thumbnailUrl\":\"http:\/\/arganoils.com\/wp-content\/uploads\/2022\/08\/hero_tubes.jpg\",\"datePublished\":\"2022-08-28T18:36:22+00:00\",\"dateModified\":\"2024-03-11T02:53:34+00:00\",\"description\":\"Articles de recherche sur les huiles d'argan publi\u00e9s.\",\"breadcrumb\":{\"@id\":\"https:\/\/arganoils.com\/fr\/actualites-recherche\/#breadcrumb\"},\"inLanguage\":\"fr-FR\",\"potentialAction\":[{\"@type\":\"ReadAction\",\"target\":[\"https:\/\/arganoils.com\/fr\/actualites-recherche\/\"]}]},{\"@type\":\"ImageObject\",\"inLanguage\":\"fr-FR\",\"@id\":\"https:\/\/arganoils.com\/fr\/actualites-recherche\/#primaryimage\",\"url\":\"https:\/\/arganoils.com\/wp-content\/uploads\/2022\/08\/hero_tubes.jpg\",\"contentUrl\":\"https:\/\/arganoils.com\/wp-content\/uploads\/2022\/08\/hero_tubes.jpg\",\"width\":760,\"height\":204,\"caption\":\"Argan Oil Research\"},{\"@type\":\"BreadcrumbList\",\"@id\":\"https:\/\/arganoils.com\/fr\/actualites-recherche\/#breadcrumb\",\"itemListElement\":[{\"@type\":\"ListItem\",\"position\":1,\"name\":\"Home\",\"item\":\"https:\/\/arganoils.com\/fr\/\"},{\"@type\":\"ListItem\",\"position\":2,\"name\":\"Actualit\u00e9s\/Recherche\"}]},{\"@type\":\"WebSite\",\"@id\":\"https:\/\/arganoils.com\/#website\",\"url\":\"https:\/\/arganoils.com\/\",\"name\":\"Argan Oils\",\"description\":\"Empower. Protect. Preserve.\",\"publisher\":{\"@id\":\"https:\/\/arganoils.com\/#organization\"},\"potentialAction\":[{\"@type\":\"SearchAction\",\"target\":{\"@type\":\"EntryPoint\",\"urlTemplate\":\"https:\/\/arganoils.com\/?s={search_term_string}\"},\"query-input\":\"required name=search_term_string\"}],\"inLanguage\":\"fr-FR\"},{\"@type\":\"Organization\",\"@id\":\"https:\/\/arganoils.com\/#organization\",\"name\":\"Argan Oils\",\"url\":\"https:\/\/arganoils.com\/\",\"logo\":{\"@type\":\"ImageObject\",\"inLanguage\":\"fr-FR\",\"@id\":\"https:\/\/arganoils.com\/#\/schema\/logo\/image\/\",\"url\":\"http:\/\/arganoils.com\/wp-content\/uploads\/2022\/08\/home_logo.gif\",\"contentUrl\":\"http:\/\/arganoils.com\/wp-content\/uploads\/2022\/08\/home_logo.gif\",\"width\":242,\"height\":64,\"caption\":\"Argan Oils\"},\"image\":{\"@id\":\"https:\/\/arganoils.com\/#\/schema\/logo\/image\/\"}}]}<\/script>\n<!-- \/ Yoast SEO plugin. -->","yoast_head_json":{"title":"Actualit\u00e9s\/Recherche - Argan Oils","description":"Articles de recherche sur les huiles d'argan publi\u00e9s.","robots":{"index":"index","follow":"follow","max-snippet":"max-snippet:-1","max-image-preview":"max-image-preview:large","max-video-preview":"max-video-preview:-1"},"canonical":"https:\/\/arganoils.com\/fr\/actualites-recherche\/","og_locale":"fr_FR","og_type":"article","og_title":"Actualit\u00e9s\/Recherche - Argan Oils","og_description":"Articles de recherche sur les huiles d'argan publi\u00e9s.","og_url":"https:\/\/arganoils.com\/fr\/actualites-recherche\/","og_site_name":"Argan Oils","article_modified_time":"2024-03-11T02:53:34+00:00","og_image":[{"url":"http:\/\/arganoils.com\/wp-content\/uploads\/2022\/08\/hero_tubes.jpg"}],"twitter_card":"summary_large_image","twitter_misc":{"Est. reading time":"2 minutes"},"schema":{"@context":"https:\/\/schema.org","@graph":[{"@type":"WebPage","@id":"https:\/\/arganoils.com\/fr\/actualites-recherche\/","url":"https:\/\/arganoils.com\/fr\/actualites-recherche\/","name":"Actualit\u00e9s\/Recherche - Argan Oils","isPartOf":{"@id":"https:\/\/arganoils.com\/#website"},"primaryImageOfPage":{"@id":"https:\/\/arganoils.com\/fr\/actualites-recherche\/#primaryimage"},"image":{"@id":"https:\/\/arganoils.com\/fr\/actualites-recherche\/#primaryimage"},"thumbnailUrl":"http:\/\/arganoils.com\/wp-content\/uploads\/2022\/08\/hero_tubes.jpg","datePublished":"2022-08-28T18:36:22+00:00","dateModified":"2024-03-11T02:53:34+00:00","description":"Articles de recherche sur les huiles d'argan publi\u00e9s.","breadcrumb":{"@id":"https:\/\/arganoils.com\/fr\/actualites-recherche\/#breadcrumb"},"inLanguage":"fr-FR","potentialAction":[{"@type":"ReadAction","target":["https:\/\/arganoils.com\/fr\/actualites-recherche\/"]}]},{"@type":"ImageObject","inLanguage":"fr-FR","@id":"https:\/\/arganoils.com\/fr\/actualites-recherche\/#primaryimage","url":"https:\/\/arganoils.com\/wp-content\/uploads\/2022\/08\/hero_tubes.jpg","contentUrl":"https:\/\/arganoils.com\/wp-content\/uploads\/2022\/08\/hero_tubes.jpg","width":760,"height":204,"caption":"Argan Oil Research"},{"@type":"BreadcrumbList","@id":"https:\/\/arganoils.com\/fr\/actualites-recherche\/#breadcrumb","itemListElement":[{"@type":"ListItem","position":1,"name":"Home","item":"https:\/\/arganoils.com\/fr\/"},{"@type":"ListItem","position":2,"name":"Actualit\u00e9s\/Recherche"}]},{"@type":"WebSite","@id":"https:\/\/arganoils.com\/#website","url":"https:\/\/arganoils.com\/","name":"Argan Oils","description":"Empower. Protect. Preserve.","publisher":{"@id":"https:\/\/arganoils.com\/#organization"},"potentialAction":[{"@type":"SearchAction","target":{"@type":"EntryPoint","urlTemplate":"https:\/\/arganoils.com\/?s={search_term_string}"},"query-input":"required name=search_term_string"}],"inLanguage":"fr-FR"},{"@type":"Organization","@id":"https:\/\/arganoils.com\/#organization","name":"Argan Oils","url":"https:\/\/arganoils.com\/","logo":{"@type":"ImageObject","inLanguage":"fr-FR","@id":"https:\/\/arganoils.com\/#\/schema\/logo\/image\/","url":"http:\/\/arganoils.com\/wp-content\/uploads\/2022\/08\/home_logo.gif","contentUrl":"http:\/\/arganoils.com\/wp-content\/uploads\/2022\/08\/home_logo.gif","width":242,"height":64,"caption":"Argan Oils"},"image":{"@id":"https:\/\/arganoils.com\/#\/schema\/logo\/image\/"}}]}},"_links":{"self":[{"href":"https:\/\/arganoils.com\/fr\/wp-json\/wp\/v2\/pages\/303","targetHints":{"allow":["GET"]}}],"collection":[{"href":"https:\/\/arganoils.com\/fr\/wp-json\/wp\/v2\/pages"}],"about":[{"href":"https:\/\/arganoils.com\/fr\/wp-json\/wp\/v2\/types\/page"}],"author":[{"embeddable":true,"href":"https:\/\/arganoils.com\/fr\/wp-json\/wp\/v2\/users\/1"}],"replies":[{"embeddable":true,"href":"https:\/\/arganoils.com\/fr\/wp-json\/wp\/v2\/comments?post=303"}],"version-history":[{"count":4,"href":"https:\/\/arganoils.com\/fr\/wp-json\/wp\/v2\/pages\/303\/revisions"}],"predecessor-version":[{"id":503,"href":"https:\/\/arganoils.com\/fr\/wp-json\/wp\/v2\/pages\/303\/revisions\/503"}],"wp:attachment":[{"href":"https:\/\/arganoils.com\/fr\/wp-json\/wp\/v2\/media?parent=303"}],"curies":[{"name":"wp","href":"https:\/\/api.w.org\/{rel}","templated":true}]}}