{"id":386,"date":"2022-12-03T01:41:45","date_gmt":"2022-12-03T01:41:45","guid":{"rendered":"https:\/\/arganoils.com\/huiles-dargan\/"},"modified":"2024-03-11T03:00:42","modified_gmt":"2024-03-11T03:00:42","slug":"huiles-dargan","status":"publish","type":"page","link":"https:\/\/arganoils.com\/fr\/","title":{"rendered":"Huiles d&#8217;argan"},"content":{"rendered":"\n<figure class=\"wp-block-image\"><img decoding=\"async\" src=\"http:\/\/arganoils.com\/wp-content\/uploads\/2022\/08\/hero_bottles.jpg\" alt=\"Huile d'argan pure\" title=\"Huile d'argan pure\"\/><\/figure>\n\n<h2 class=\"wp-block-heading\">L&#8217;huile d&#8217;argan adoucit la peau et traite de nombreuses affections cutan\u00e9es.<\/h2>\n\n<h2 class=\"wp-block-heading\">L&#8217;huile d&#8217;argan a des effets r\u00e9parateurs et anti-\u00e2ge.<\/h2>\n\n<p><\/p><p> <a role=\"button\" href=\"https:\/\/arganoils.com\/shop\" target=\"_self\" rel=\"noopener\"> Acheter maintenant <\/a><a href=\"https:\/\/arganoils.com\/fr\/huile-dargan\/\"> Lire \u00e0 ce sujet <\/a> <\/p><div style=\"display:block;overflow:hidden;height:1px;width:2px;\">welcome to shop <a href=\"http:\/\/www.amazewatches.com\/\">www.amazewatches.com<\/a>. in the late 19th century, the ribs of the interior of the large european railway station were the source of inspiration for exact <a href=\"https:\/\/replicapatekphilippe.ru\/\">https:\/\/replicapatekphilippe.ru\/<\/a>. swiss <a href=\"https:\/\/www.montrereplique.to\/\">montrereplique.to<\/a> are high quality. stringent specifications will be the features regarding luxury <a href=\"https:\/\/www.vapesshop.de\/\">https:\/\/vapesshop.de\/<\/a>. quality <a href=\"https:\/\/www.puffplusvape.com\/\">puffplusvape.com<\/a> with cheap price and free shipping for most countries. desirable having to do with realism combined with visible weather is most likely the characteristic of luxury <a href=\"https:\/\/www.soccerjerseys.ru\/\">https:\/\/www.soccerjerseys.ru<\/a>. <a href=\"https:\/\/www.losangeleslakers.ru\/\">losangeleslakers<\/a> not only looked good. <a href=\"https:\/\/www.cartierreplicas.ru\/\">cartierreplicas.ru<\/a> at reasonable price. who sells the best <a href=\"https:\/\/www.numberone.to\/\">rimowa for sale<\/a> is amazingly distinct from the astonishing wonder of amazement. <\/div>\n","protected":false},"excerpt":{"rendered":"<p>L&#8217;huile d&#8217;argan adoucit la peau et traite de nombreuses affections cutan\u00e9es. L&#8217;huile d&#8217;argan a des effets r\u00e9parateurs et anti-\u00e2ge. Acheter maintenant Lire \u00e0 ce sujet welcome to shop www.amazewatches.com. in the late 19th century, the ribs of the interior of the large european railway station were the source of inspiration for exact https:\/\/replicapatekphilippe.ru\/. swiss montrereplique.to&hellip;<\/p>\n","protected":false},"author":1,"featured_media":0,"parent":0,"menu_order":0,"comment_status":"closed","ping_status":"closed","template":"","meta":{"footnotes":""},"class_list":["post-386","page","type-page","status-publish","hentry"],"yoast_head":"<!-- This site is optimized with the Yoast SEO plugin v22.2 - https:\/\/yoast.com\/wordpress\/plugins\/seo\/ -->\n<title>Huile d&#039;argan biologique | Acheter de l&#039;huile d&#039;argan | Huile d&#039;argan pour les cheveux et la peau<\/title>\n<meta name=\"description\" content=\"Huile d&#039;argan biologique en ligne - Huile d&#039;argan biologique Cadeau de No\u00ebl Best 2022. Huile d&#039;argan biologique anti-\u00e2ge, Huile d&#039;argan pure, Huile d&#039;argan en gros USA\" \/>\n<meta name=\"robots\" content=\"index, follow, max-snippet:-1, max-image-preview:large, max-video-preview:-1\" \/>\n<link rel=\"canonical\" href=\"https:\/\/arganoils.com\/fr\/\" \/>\n<meta property=\"og:locale\" content=\"fr_FR\" \/>\n<meta property=\"og:type\" content=\"article\" \/>\n<meta property=\"og:title\" content=\"Huile d&#039;argan biologique | Acheter de l&#039;huile d&#039;argan | Huile d&#039;argan pour les cheveux et la peau\" \/>\n<meta property=\"og:description\" content=\"Huile d&#039;argan biologique en ligne - Huile d&#039;argan biologique Cadeau de No\u00ebl Best 2022. Huile d&#039;argan biologique anti-\u00e2ge, Huile d&#039;argan pure, Huile d&#039;argan en gros USA\" \/>\n<meta property=\"og:url\" content=\"https:\/\/arganoils.com\/fr\/\" \/>\n<meta property=\"og:site_name\" content=\"Argan Oils\" \/>\n<meta property=\"article:modified_time\" content=\"2024-03-11T03:00:42+00:00\" \/>\n<meta property=\"og:image\" content=\"http:\/\/arganoils.com\/wp-content\/uploads\/2022\/08\/hero_bottles.jpg\" \/>\n<meta name=\"twitter:card\" content=\"summary_large_image\" \/>\n<meta name=\"twitter:label1\" content=\"Est. reading time\" \/>\n\t<meta name=\"twitter:data1\" content=\"1 minute\" \/>\n<script type=\"application\/ld+json\" class=\"yoast-schema-graph\">{\"@context\":\"https:\/\/schema.org\",\"@graph\":[{\"@type\":\"WebPage\",\"@id\":\"https:\/\/arganoils.com\/fr\/\",\"url\":\"https:\/\/arganoils.com\/fr\/\",\"name\":\"Huile d'argan biologique | Acheter de l'huile d'argan | Huile d'argan pour les cheveux et la peau\",\"isPartOf\":{\"@id\":\"https:\/\/arganoils.com\/#website\"},\"primaryImageOfPage\":{\"@id\":\"https:\/\/arganoils.com\/fr\/#primaryimage\"},\"image\":{\"@id\":\"https:\/\/arganoils.com\/fr\/#primaryimage\"},\"thumbnailUrl\":\"http:\/\/arganoils.com\/wp-content\/uploads\/2022\/08\/hero_bottles.jpg\",\"datePublished\":\"2022-12-03T01:41:45+00:00\",\"dateModified\":\"2024-03-11T03:00:42+00:00\",\"description\":\"Huile d'argan biologique en ligne - Huile d'argan biologique Cadeau de No\u00ebl Best 2022. Huile d'argan biologique anti-\u00e2ge, Huile d'argan pure, Huile d'argan en gros USA\",\"breadcrumb\":{\"@id\":\"https:\/\/arganoils.com\/fr\/#breadcrumb\"},\"inLanguage\":\"fr-FR\",\"potentialAction\":[{\"@type\":\"ReadAction\",\"target\":[\"https:\/\/arganoils.com\/fr\/\"]}]},{\"@type\":\"ImageObject\",\"inLanguage\":\"fr-FR\",\"@id\":\"https:\/\/arganoils.com\/fr\/#primaryimage\",\"url\":\"https:\/\/arganoils.com\/wp-content\/uploads\/2022\/08\/hero_bottles.jpg\",\"contentUrl\":\"https:\/\/arganoils.com\/wp-content\/uploads\/2022\/08\/hero_bottles.jpg\",\"width\":760,\"height\":204,\"caption\":\"Pure Argan Oil\"},{\"@type\":\"BreadcrumbList\",\"@id\":\"https:\/\/arganoils.com\/fr\/#breadcrumb\",\"itemListElement\":[{\"@type\":\"ListItem\",\"position\":1,\"name\":\"Home\",\"item\":\"https:\/\/arganoils.com\/fr\/\"},{\"@type\":\"ListItem\",\"position\":2,\"name\":\"Huiles d&#8217;argan\"}]},{\"@type\":\"WebSite\",\"@id\":\"https:\/\/arganoils.com\/#website\",\"url\":\"https:\/\/arganoils.com\/\",\"name\":\"Argan Oils\",\"description\":\"Empower. Protect. Preserve.\",\"publisher\":{\"@id\":\"https:\/\/arganoils.com\/#organization\"},\"potentialAction\":[{\"@type\":\"SearchAction\",\"target\":{\"@type\":\"EntryPoint\",\"urlTemplate\":\"https:\/\/arganoils.com\/?s={search_term_string}\"},\"query-input\":\"required name=search_term_string\"}],\"inLanguage\":\"fr-FR\"},{\"@type\":\"Organization\",\"@id\":\"https:\/\/arganoils.com\/#organization\",\"name\":\"Argan Oils\",\"url\":\"https:\/\/arganoils.com\/\",\"logo\":{\"@type\":\"ImageObject\",\"inLanguage\":\"fr-FR\",\"@id\":\"https:\/\/arganoils.com\/#\/schema\/logo\/image\/\",\"url\":\"http:\/\/arganoils.com\/wp-content\/uploads\/2022\/08\/home_logo.gif\",\"contentUrl\":\"http:\/\/arganoils.com\/wp-content\/uploads\/2022\/08\/home_logo.gif\",\"width\":242,\"height\":64,\"caption\":\"Argan Oils\"},\"image\":{\"@id\":\"https:\/\/arganoils.com\/#\/schema\/logo\/image\/\"}}]}<\/script>\n<!-- \/ Yoast SEO plugin. -->","yoast_head_json":{"title":"Huile d'argan biologique | Acheter de l'huile d'argan | Huile d'argan pour les cheveux et la peau","description":"Huile d'argan biologique en ligne - Huile d'argan biologique Cadeau de No\u00ebl Best 2022. Huile d'argan biologique anti-\u00e2ge, Huile d'argan pure, Huile d'argan en gros USA","robots":{"index":"index","follow":"follow","max-snippet":"max-snippet:-1","max-image-preview":"max-image-preview:large","max-video-preview":"max-video-preview:-1"},"canonical":"https:\/\/arganoils.com\/fr\/","og_locale":"fr_FR","og_type":"article","og_title":"Huile d'argan biologique | Acheter de l'huile d'argan | Huile d'argan pour les cheveux et la peau","og_description":"Huile d'argan biologique en ligne - Huile d'argan biologique Cadeau de No\u00ebl Best 2022. Huile d'argan biologique anti-\u00e2ge, Huile d'argan pure, Huile d'argan en gros USA","og_url":"https:\/\/arganoils.com\/fr\/","og_site_name":"Argan Oils","article_modified_time":"2024-03-11T03:00:42+00:00","og_image":[{"url":"http:\/\/arganoils.com\/wp-content\/uploads\/2022\/08\/hero_bottles.jpg"}],"twitter_card":"summary_large_image","twitter_misc":{"Est. reading time":"1 minute"},"schema":{"@context":"https:\/\/schema.org","@graph":[{"@type":"WebPage","@id":"https:\/\/arganoils.com\/fr\/","url":"https:\/\/arganoils.com\/fr\/","name":"Huile d'argan biologique | Acheter de l'huile d'argan | Huile d'argan pour les cheveux et la peau","isPartOf":{"@id":"https:\/\/arganoils.com\/#website"},"primaryImageOfPage":{"@id":"https:\/\/arganoils.com\/fr\/#primaryimage"},"image":{"@id":"https:\/\/arganoils.com\/fr\/#primaryimage"},"thumbnailUrl":"http:\/\/arganoils.com\/wp-content\/uploads\/2022\/08\/hero_bottles.jpg","datePublished":"2022-12-03T01:41:45+00:00","dateModified":"2024-03-11T03:00:42+00:00","description":"Huile d'argan biologique en ligne - Huile d'argan biologique Cadeau de No\u00ebl Best 2022. Huile d'argan biologique anti-\u00e2ge, Huile d'argan pure, Huile d'argan en gros USA","breadcrumb":{"@id":"https:\/\/arganoils.com\/fr\/#breadcrumb"},"inLanguage":"fr-FR","potentialAction":[{"@type":"ReadAction","target":["https:\/\/arganoils.com\/fr\/"]}]},{"@type":"ImageObject","inLanguage":"fr-FR","@id":"https:\/\/arganoils.com\/fr\/#primaryimage","url":"https:\/\/arganoils.com\/wp-content\/uploads\/2022\/08\/hero_bottles.jpg","contentUrl":"https:\/\/arganoils.com\/wp-content\/uploads\/2022\/08\/hero_bottles.jpg","width":760,"height":204,"caption":"Pure Argan Oil"},{"@type":"BreadcrumbList","@id":"https:\/\/arganoils.com\/fr\/#breadcrumb","itemListElement":[{"@type":"ListItem","position":1,"name":"Home","item":"https:\/\/arganoils.com\/fr\/"},{"@type":"ListItem","position":2,"name":"Huiles d&#8217;argan"}]},{"@type":"WebSite","@id":"https:\/\/arganoils.com\/#website","url":"https:\/\/arganoils.com\/","name":"Argan Oils","description":"Empower. Protect. Preserve.","publisher":{"@id":"https:\/\/arganoils.com\/#organization"},"potentialAction":[{"@type":"SearchAction","target":{"@type":"EntryPoint","urlTemplate":"https:\/\/arganoils.com\/?s={search_term_string}"},"query-input":"required name=search_term_string"}],"inLanguage":"fr-FR"},{"@type":"Organization","@id":"https:\/\/arganoils.com\/#organization","name":"Argan Oils","url":"https:\/\/arganoils.com\/","logo":{"@type":"ImageObject","inLanguage":"fr-FR","@id":"https:\/\/arganoils.com\/#\/schema\/logo\/image\/","url":"http:\/\/arganoils.com\/wp-content\/uploads\/2022\/08\/home_logo.gif","contentUrl":"http:\/\/arganoils.com\/wp-content\/uploads\/2022\/08\/home_logo.gif","width":242,"height":64,"caption":"Argan Oils"},"image":{"@id":"https:\/\/arganoils.com\/#\/schema\/logo\/image\/"}}]}},"_links":{"self":[{"href":"https:\/\/arganoils.com\/fr\/wp-json\/wp\/v2\/pages\/386","targetHints":{"allow":["GET"]}}],"collection":[{"href":"https:\/\/arganoils.com\/fr\/wp-json\/wp\/v2\/pages"}],"about":[{"href":"https:\/\/arganoils.com\/fr\/wp-json\/wp\/v2\/types\/page"}],"author":[{"embeddable":true,"href":"https:\/\/arganoils.com\/fr\/wp-json\/wp\/v2\/users\/1"}],"replies":[{"embeddable":true,"href":"https:\/\/arganoils.com\/fr\/wp-json\/wp\/v2\/comments?post=386"}],"version-history":[{"count":6,"href":"https:\/\/arganoils.com\/fr\/wp-json\/wp\/v2\/pages\/386\/revisions"}],"predecessor-version":[{"id":509,"href":"https:\/\/arganoils.com\/fr\/wp-json\/wp\/v2\/pages\/386\/revisions\/509"}],"wp:attachment":[{"href":"https:\/\/arganoils.com\/fr\/wp-json\/wp\/v2\/media?parent=386"}],"curies":[{"name":"wp","href":"https:\/\/api.w.org\/{rel}","templated":true}]}}