{"id":414,"date":"2022-12-03T01:08:50","date_gmt":"2022-12-03T01:08:50","guid":{"rendered":"https:\/\/arganoils.com\/product\/baume-a-levres-biologique-15oz\/"},"modified":"2026-01-26T23:58:12","modified_gmt":"2026-01-26T23:58:12","slug":"conditionneur-de-levres-biologique-15oz","status":"publish","type":"product","link":"https:\/\/arganoils.com\/fr\/produit\/conditionneur-de-levres-biologique-15oz\/","title":{"rendered":"Baume \u00e0 l\u00e8vres biologique (15oz)"},"content":{"rendered":"<p>Cet Original Argan Oils\u2122\ufe0f Lip Conditioner fournit une hydratation essentielle de longue dur\u00e9e pour aider \u00e0 conditionner et prot\u00e9ger les l\u00e8vres s\u00e8ches et gerc\u00e9es. Avec une formule unique et une combinaison exclusive d&#8217;huile d&#8217;argan biologique, d&#8217;huile de tournesol biologique, de cire d&#8217;abeille biologique, de vitamine E (tocoph\u00e9rol), d&#8217;extrait de romarin et d&#8217;extrait de calendula.<\/p>\n<p>L&#8217;apr\u00e8s-shampooing pour les l\u00e8vres aux huiles d&#8217;argan \u2122 biologiques restaure l&#8217;hydratation et la bloque longtemps apr\u00e8s l&#8217;avoir appliqu\u00e9e. Les propri\u00e9t\u00e9s anti-inflammatoires uniques de<br \/>\nL&#8217;huile d&#8217;argan pr\u00e9vient l&#8217;inflammation et acc\u00e9l\u00e8re le r\u00e9tablissement naturel des l\u00e8vres sensibles.<\/p>\n<ul>\n<li>Conditionne les l\u00e8vres et r\u00e9tablit leur hydratation<\/li>\n<li>Soigne les l\u00e8vres et pr\u00e9vient leur dess\u00e8chement<\/li>\n<li>Restaure l&#8217;hydratation naturelle des l\u00e8vres<\/li>\n<li>Pr\u00e9vient l&#8217;inflammation des l\u00e8vres.<\/li>\n<li>Il acc\u00e9l\u00e8re le r\u00e9tablissement naturel des l\u00e8vres sensibles.<\/li>\n<\/ul>\n<p>Ingr\u00e9dients : Huile d&#8217;argan biologique, huile de tournesol biologique, cire d&#8217;abeille biologique, vitamine E [Tocopherol], extrait de romarin, extrait de calendula.<\/p>\n","protected":false},"excerpt":{"rendered":"<p>Cet Original Argan Oils\u2122\ufe0f Lip Conditioner fournit une hydratation essentielle de longue dur\u00e9e pour aider \u00e0 conditionner et prot\u00e9ger les l\u00e8vres s\u00e8ches et gerc\u00e9es. Avec une formule unique et une combinaison exclusive d&#8217;huile d&#8217;argan biologique, d&#8217;huile de tournesol biologique, de cire d&#8217;abeille biologique, de vitamine E (tocoph\u00e9rol), d&#8217;extrait de romarin et d&#8217;extrait de calendula.<\/p>\n","protected":false},"featured_media":375,"comment_status":"open","ping_status":"closed","template":"","meta":[],"product_cat":[38],"product_tag":[37],"class_list":{"0":"post-414","1":"product","2":"type-product","3":"status-publish","4":"has-post-thumbnail","6":"product_cat-huile-dargan","7":"product_tag-cosmetique","9":"first","10":"instock","11":"shipping-taxable","12":"purchasable","13":"product-type-simple"},"yoast_head":"<!-- This site is optimized with the Yoast SEO plugin v22.2 - https:\/\/yoast.com\/wordpress\/plugins\/seo\/ -->\n<title>Baume \u00e0 l\u00e8vres biologique (15oz) - Argan Oils<\/title>\n<meta name=\"robots\" content=\"index, follow, max-snippet:-1, max-image-preview:large, max-video-preview:-1\" \/>\n<link rel=\"canonical\" href=\"https:\/\/arganoils.com\/fr\/produit\/conditionneur-de-levres-biologique-15oz\/\" \/>\n<meta property=\"og:locale\" content=\"fr_FR\" \/>\n<meta property=\"og:type\" content=\"article\" \/>\n<meta property=\"og:title\" content=\"Baume \u00e0 l\u00e8vres biologique (15oz) - Argan Oils\" \/>\n<meta property=\"og:description\" content=\"Cet Original Argan Oils\u2122\ufe0f Lip Conditioner fournit une hydratation essentielle de longue dur\u00e9e pour aider \u00e0 conditionner et prot\u00e9ger les l\u00e8vres s\u00e8ches et gerc\u00e9es. Avec une formule unique et une combinaison exclusive d&#039;huile d&#039;argan biologique, d&#039;huile de tournesol biologique, de cire d&#039;abeille biologique, de vitamine E (tocoph\u00e9rol), d&#039;extrait de romarin et d&#039;extrait de calendula.\" \/>\n<meta property=\"og:url\" content=\"https:\/\/arganoils.com\/fr\/produit\/conditionneur-de-levres-biologique-15oz\/\" \/>\n<meta property=\"og:site_name\" content=\"Argan Oils\" \/>\n<meta property=\"article:modified_time\" content=\"2026-01-26T23:58:12+00:00\" \/>\n<meta property=\"og:image\" content=\"https:\/\/arganoils.com\/wp-content\/uploads\/2022\/12\/2.png\" \/>\n\t<meta property=\"og:image:width\" content=\"1080\" \/>\n\t<meta property=\"og:image:height\" content=\"1080\" \/>\n\t<meta property=\"og:image:type\" content=\"image\/png\" \/>\n<meta name=\"twitter:card\" content=\"summary_large_image\" \/>\n<meta name=\"twitter:label1\" content=\"Est. reading time\" \/>\n\t<meta name=\"twitter:data1\" content=\"1 minute\" \/>\n<script type=\"application\/ld+json\" class=\"yoast-schema-graph\">{\"@context\":\"https:\/\/schema.org\",\"@graph\":[{\"@type\":\"WebPage\",\"@id\":\"https:\/\/arganoils.com\/fr\/produit\/conditionneur-de-levres-biologique-15oz\/\",\"url\":\"https:\/\/arganoils.com\/fr\/produit\/conditionneur-de-levres-biologique-15oz\/\",\"name\":\"Baume \u00e0 l\u00e8vres biologique (15oz) - Argan Oils\",\"isPartOf\":{\"@id\":\"https:\/\/arganoils.com\/#website\"},\"primaryImageOfPage\":{\"@id\":\"https:\/\/arganoils.com\/fr\/produit\/conditionneur-de-levres-biologique-15oz\/#primaryimage\"},\"image\":{\"@id\":\"https:\/\/arganoils.com\/fr\/produit\/conditionneur-de-levres-biologique-15oz\/#primaryimage\"},\"thumbnailUrl\":\"https:\/\/arganoils.com\/wp-content\/uploads\/2022\/12\/2.png\",\"datePublished\":\"2022-12-03T01:08:50+00:00\",\"dateModified\":\"2026-01-26T23:58:12+00:00\",\"breadcrumb\":{\"@id\":\"https:\/\/arganoils.com\/fr\/produit\/conditionneur-de-levres-biologique-15oz\/#breadcrumb\"},\"inLanguage\":\"fr-FR\",\"potentialAction\":[{\"@type\":\"ReadAction\",\"target\":[\"https:\/\/arganoils.com\/fr\/produit\/conditionneur-de-levres-biologique-15oz\/\"]}]},{\"@type\":\"ImageObject\",\"inLanguage\":\"fr-FR\",\"@id\":\"https:\/\/arganoils.com\/fr\/produit\/conditionneur-de-levres-biologique-15oz\/#primaryimage\",\"url\":\"https:\/\/arganoils.com\/wp-content\/uploads\/2022\/12\/2.png\",\"contentUrl\":\"https:\/\/arganoils.com\/wp-content\/uploads\/2022\/12\/2.png\",\"width\":1080,\"height\":1080},{\"@type\":\"BreadcrumbList\",\"@id\":\"https:\/\/arganoils.com\/fr\/produit\/conditionneur-de-levres-biologique-15oz\/#breadcrumb\",\"itemListElement\":[{\"@type\":\"ListItem\",\"position\":1,\"name\":\"Home\",\"item\":\"https:\/\/arganoils.com\/fr\/\"},{\"@type\":\"ListItem\",\"position\":2,\"name\":\"Boutique\",\"item\":\"https:\/\/arganoils.com\/fr\/boutique-2\/\"},{\"@type\":\"ListItem\",\"position\":3,\"name\":\"Baume \u00e0 l\u00e8vres biologique (15oz)\"}]},{\"@type\":\"WebSite\",\"@id\":\"https:\/\/arganoils.com\/#website\",\"url\":\"https:\/\/arganoils.com\/\",\"name\":\"Argan Oils\",\"description\":\"Empower. Protect. Preserve.\",\"publisher\":{\"@id\":\"https:\/\/arganoils.com\/#organization\"},\"potentialAction\":[{\"@type\":\"SearchAction\",\"target\":{\"@type\":\"EntryPoint\",\"urlTemplate\":\"https:\/\/arganoils.com\/?s={search_term_string}\"},\"query-input\":\"required name=search_term_string\"}],\"inLanguage\":\"fr-FR\"},{\"@type\":\"Organization\",\"@id\":\"https:\/\/arganoils.com\/#organization\",\"name\":\"Argan Oils\",\"url\":\"https:\/\/arganoils.com\/\",\"logo\":{\"@type\":\"ImageObject\",\"inLanguage\":\"fr-FR\",\"@id\":\"https:\/\/arganoils.com\/#\/schema\/logo\/image\/\",\"url\":\"http:\/\/arganoils.com\/wp-content\/uploads\/2022\/08\/home_logo.gif\",\"contentUrl\":\"http:\/\/arganoils.com\/wp-content\/uploads\/2022\/08\/home_logo.gif\",\"width\":242,\"height\":64,\"caption\":\"Argan Oils\"},\"image\":{\"@id\":\"https:\/\/arganoils.com\/#\/schema\/logo\/image\/\"}}]}<\/script>\n<!-- \/ Yoast SEO plugin. -->","yoast_head_json":{"title":"Baume \u00e0 l\u00e8vres biologique (15oz) - Argan Oils","robots":{"index":"index","follow":"follow","max-snippet":"max-snippet:-1","max-image-preview":"max-image-preview:large","max-video-preview":"max-video-preview:-1"},"canonical":"https:\/\/arganoils.com\/fr\/produit\/conditionneur-de-levres-biologique-15oz\/","og_locale":"fr_FR","og_type":"article","og_title":"Baume \u00e0 l\u00e8vres biologique (15oz) - Argan Oils","og_description":"Cet Original Argan Oils\u2122\ufe0f Lip Conditioner fournit une hydratation essentielle de longue dur\u00e9e pour aider \u00e0 conditionner et prot\u00e9ger les l\u00e8vres s\u00e8ches et gerc\u00e9es. Avec une formule unique et une combinaison exclusive d'huile d'argan biologique, d'huile de tournesol biologique, de cire d'abeille biologique, de vitamine E (tocoph\u00e9rol), d'extrait de romarin et d'extrait de calendula.","og_url":"https:\/\/arganoils.com\/fr\/produit\/conditionneur-de-levres-biologique-15oz\/","og_site_name":"Argan Oils","article_modified_time":"2026-01-26T23:58:12+00:00","og_image":[{"width":1080,"height":1080,"url":"https:\/\/arganoils.com\/wp-content\/uploads\/2022\/12\/2.png","type":"image\/png"}],"twitter_card":"summary_large_image","twitter_misc":{"Est. reading time":"1 minute"},"schema":{"@context":"https:\/\/schema.org","@graph":[{"@type":"WebPage","@id":"https:\/\/arganoils.com\/fr\/produit\/conditionneur-de-levres-biologique-15oz\/","url":"https:\/\/arganoils.com\/fr\/produit\/conditionneur-de-levres-biologique-15oz\/","name":"Baume \u00e0 l\u00e8vres biologique (15oz) - Argan Oils","isPartOf":{"@id":"https:\/\/arganoils.com\/#website"},"primaryImageOfPage":{"@id":"https:\/\/arganoils.com\/fr\/produit\/conditionneur-de-levres-biologique-15oz\/#primaryimage"},"image":{"@id":"https:\/\/arganoils.com\/fr\/produit\/conditionneur-de-levres-biologique-15oz\/#primaryimage"},"thumbnailUrl":"https:\/\/arganoils.com\/wp-content\/uploads\/2022\/12\/2.png","datePublished":"2022-12-03T01:08:50+00:00","dateModified":"2026-01-26T23:58:12+00:00","breadcrumb":{"@id":"https:\/\/arganoils.com\/fr\/produit\/conditionneur-de-levres-biologique-15oz\/#breadcrumb"},"inLanguage":"fr-FR","potentialAction":[{"@type":"ReadAction","target":["https:\/\/arganoils.com\/fr\/produit\/conditionneur-de-levres-biologique-15oz\/"]}]},{"@type":"ImageObject","inLanguage":"fr-FR","@id":"https:\/\/arganoils.com\/fr\/produit\/conditionneur-de-levres-biologique-15oz\/#primaryimage","url":"https:\/\/arganoils.com\/wp-content\/uploads\/2022\/12\/2.png","contentUrl":"https:\/\/arganoils.com\/wp-content\/uploads\/2022\/12\/2.png","width":1080,"height":1080},{"@type":"BreadcrumbList","@id":"https:\/\/arganoils.com\/fr\/produit\/conditionneur-de-levres-biologique-15oz\/#breadcrumb","itemListElement":[{"@type":"ListItem","position":1,"name":"Home","item":"https:\/\/arganoils.com\/fr\/"},{"@type":"ListItem","position":2,"name":"Boutique","item":"https:\/\/arganoils.com\/fr\/boutique-2\/"},{"@type":"ListItem","position":3,"name":"Baume \u00e0 l\u00e8vres biologique (15oz)"}]},{"@type":"WebSite","@id":"https:\/\/arganoils.com\/#website","url":"https:\/\/arganoils.com\/","name":"Argan Oils","description":"Empower. Protect. Preserve.","publisher":{"@id":"https:\/\/arganoils.com\/#organization"},"potentialAction":[{"@type":"SearchAction","target":{"@type":"EntryPoint","urlTemplate":"https:\/\/arganoils.com\/?s={search_term_string}"},"query-input":"required name=search_term_string"}],"inLanguage":"fr-FR"},{"@type":"Organization","@id":"https:\/\/arganoils.com\/#organization","name":"Argan Oils","url":"https:\/\/arganoils.com\/","logo":{"@type":"ImageObject","inLanguage":"fr-FR","@id":"https:\/\/arganoils.com\/#\/schema\/logo\/image\/","url":"http:\/\/arganoils.com\/wp-content\/uploads\/2022\/08\/home_logo.gif","contentUrl":"http:\/\/arganoils.com\/wp-content\/uploads\/2022\/08\/home_logo.gif","width":242,"height":64,"caption":"Argan Oils"},"image":{"@id":"https:\/\/arganoils.com\/#\/schema\/logo\/image\/"}}]}},"_links":{"self":[{"href":"https:\/\/arganoils.com\/fr\/wp-json\/wp\/v2\/product\/414","targetHints":{"allow":["GET"]}}],"collection":[{"href":"https:\/\/arganoils.com\/fr\/wp-json\/wp\/v2\/product"}],"about":[{"href":"https:\/\/arganoils.com\/fr\/wp-json\/wp\/v2\/types\/product"}],"replies":[{"embeddable":true,"href":"https:\/\/arganoils.com\/fr\/wp-json\/wp\/v2\/comments?post=414"}],"wp:featuredmedia":[{"embeddable":true,"href":"https:\/\/arganoils.com\/fr\/wp-json\/wp\/v2\/media\/375"}],"wp:attachment":[{"href":"https:\/\/arganoils.com\/fr\/wp-json\/wp\/v2\/media?parent=414"}],"wp:term":[{"taxonomy":"product_cat","embeddable":true,"href":"https:\/\/arganoils.com\/fr\/wp-json\/wp\/v2\/product_cat?post=414"},{"taxonomy":"product_tag","embeddable":true,"href":"https:\/\/arganoils.com\/fr\/wp-json\/wp\/v2\/product_tag?post=414"}],"curies":[{"name":"wp","href":"https:\/\/api.w.org\/{rel}","templated":true}]}}