{"id":416,"date":"2022-12-03T00:59:31","date_gmt":"2022-12-03T00:59:31","guid":{"rendered":"https:\/\/arganoils.com\/product\/50ml-dhuile-dargan-cosmetique\/"},"modified":"2022-12-03T00:59:31","modified_gmt":"2022-12-03T00:59:31","slug":"50ml-huile-argan-cosmetique","status":"publish","type":"product","link":"https:\/\/arganoils.com\/fr\/produit\/50ml-huile-argan-cosmetique\/","title":{"rendered":"50ml d&#8217;huile d&#8217;argan cosm\u00e9tique"},"content":{"rendered":"<p>L&#8217;huile d&#8217;argan adoucit la peau et traite de nombreuses affections cutan\u00e9es.<br \/>\nL&#8217;huile d&#8217;argan, dont on dit qu&#8217;elle a des effets r\u00e9parateurs et anti-\u00e2ge, est devenue l&#8217;un des derniers ingr\u00e9dients miracles de l&#8217;industrie de la beaut\u00e9.<\/p>\n<ul>\n<li>Riche en vitamine E et en acides gras essentiels, il est cens\u00e9 aider toutes sortes d&#8217;affections cutan\u00e9es : peau s\u00e8che, acn\u00e9, psoriasis, ecz\u00e9ma et rides.  <em>New York Times Magazine. 18 novembre 2007<\/em><\/li>\n<li>R\u00e9duit les rides, traite l&#8217;acn\u00e9 et adoucit la peau R\u00e9g\u00e9n\u00e8re la peau en relan\u00e7ant les fonctions vitales des cellules pour pr\u00e9venir le vieillissement pr\u00e9coce d\u00fb aux agressions ext\u00e9rieures (soleil, intemp\u00e9ries, pollution, stress, tabac&#8230;.<\/li>\n<li>Pr\u00e9vient les vergetures caus\u00e9es par la grossesse ou la perte de poids. R\u00e9duit l&#8217;irritation et l&#8217;inflammation de la peau.<\/li>\n<li>Poss\u00e8de une action s\u00e9bor\u00e9gulatrice pour les peaux grasses, retend la peau et prot\u00e8ge son \u00e9lasticit\u00e9.<\/li>\n<li>R\u00e9duit notamment les imperfections et ralentit l&#8217;apparition des rides.<\/li>\n<li>R\u00e9duit rapidement l&#8217;irritation et l&#8217;inflammation de la peau.<\/li>\n<li>Ingr\u00e9dient : huile d&#8217;argan 100 % pure et biologique<\/li>\n<\/ul>\n","protected":false},"excerpt":{"rendered":"<p>L&#8217;huile d&#8217;argan adoucit la peau et traite de nombreuses affections cutan\u00e9es.<br \/>\nL&#8217;huile d&#8217;argan, dont on dit qu&#8217;elle a des effets r\u00e9parateurs et anti-\u00e2ge, est devenue l&#8217;un des derniers ingr\u00e9dients miracles de l&#8217;industrie de la beaut\u00e9.<\/p>\n","protected":false},"featured_media":372,"comment_status":"open","ping_status":"closed","template":"","meta":[],"product_cat":[38],"product_tag":[37],"class_list":{"0":"post-416","1":"product","2":"type-product","3":"status-publish","4":"has-post-thumbnail","6":"product_cat-huile-dargan","7":"product_tag-cosmetique","9":"first","10":"instock","11":"shipping-taxable","12":"purchasable","13":"product-type-simple"},"yoast_head":"<!-- This site is optimized with the Yoast SEO plugin v22.2 - https:\/\/yoast.com\/wordpress\/plugins\/seo\/ -->\n<title>50ml d&#039;huile d&#039;argan cosm\u00e9tique - Argan Oils<\/title>\n<meta name=\"robots\" content=\"index, follow, max-snippet:-1, max-image-preview:large, max-video-preview:-1\" \/>\n<link rel=\"canonical\" href=\"https:\/\/arganoils.com\/fr\/produit\/50ml-huile-argan-cosmetique\/\" \/>\n<meta property=\"og:locale\" content=\"fr_FR\" \/>\n<meta property=\"og:type\" content=\"article\" \/>\n<meta property=\"og:title\" content=\"50ml d&#039;huile d&#039;argan cosm\u00e9tique - Argan Oils\" \/>\n<meta property=\"og:description\" content=\"L&#039;huile d&#039;argan adoucit la peau et traite de nombreuses affections cutan\u00e9es. L&#039;huile d&#039;argan, dont on dit qu&#039;elle a des effets r\u00e9parateurs et anti-\u00e2ge, est devenue l&#039;un des derniers ingr\u00e9dients miracles de l&#039;industrie de la beaut\u00e9.\" \/>\n<meta property=\"og:url\" content=\"https:\/\/arganoils.com\/fr\/produit\/50ml-huile-argan-cosmetique\/\" \/>\n<meta property=\"og:site_name\" content=\"Argan Oils\" \/>\n<meta property=\"og:image\" content=\"https:\/\/arganoils.com\/wp-content\/uploads\/2022\/12\/1.png\" \/>\n\t<meta property=\"og:image:width\" content=\"1080\" \/>\n\t<meta property=\"og:image:height\" content=\"1080\" \/>\n\t<meta property=\"og:image:type\" content=\"image\/png\" \/>\n<meta name=\"twitter:card\" content=\"summary_large_image\" \/>\n<meta name=\"twitter:label1\" content=\"Est. reading time\" \/>\n\t<meta name=\"twitter:data1\" content=\"1 minute\" \/>\n<script type=\"application\/ld+json\" class=\"yoast-schema-graph\">{\"@context\":\"https:\/\/schema.org\",\"@graph\":[{\"@type\":\"WebPage\",\"@id\":\"https:\/\/arganoils.com\/fr\/produit\/50ml-huile-argan-cosmetique\/\",\"url\":\"https:\/\/arganoils.com\/fr\/produit\/50ml-huile-argan-cosmetique\/\",\"name\":\"50ml d'huile d'argan cosm\u00e9tique - Argan Oils\",\"isPartOf\":{\"@id\":\"https:\/\/arganoils.com\/#website\"},\"primaryImageOfPage\":{\"@id\":\"https:\/\/arganoils.com\/fr\/produit\/50ml-huile-argan-cosmetique\/#primaryimage\"},\"image\":{\"@id\":\"https:\/\/arganoils.com\/fr\/produit\/50ml-huile-argan-cosmetique\/#primaryimage\"},\"thumbnailUrl\":\"https:\/\/arganoils.com\/wp-content\/uploads\/2022\/12\/1.png\",\"datePublished\":\"2022-12-03T00:59:31+00:00\",\"dateModified\":\"2022-12-03T00:59:31+00:00\",\"breadcrumb\":{\"@id\":\"https:\/\/arganoils.com\/fr\/produit\/50ml-huile-argan-cosmetique\/#breadcrumb\"},\"inLanguage\":\"fr-FR\",\"potentialAction\":[{\"@type\":\"ReadAction\",\"target\":[\"https:\/\/arganoils.com\/fr\/produit\/50ml-huile-argan-cosmetique\/\"]}]},{\"@type\":\"ImageObject\",\"inLanguage\":\"fr-FR\",\"@id\":\"https:\/\/arganoils.com\/fr\/produit\/50ml-huile-argan-cosmetique\/#primaryimage\",\"url\":\"https:\/\/arganoils.com\/wp-content\/uploads\/2022\/12\/1.png\",\"contentUrl\":\"https:\/\/arganoils.com\/wp-content\/uploads\/2022\/12\/1.png\",\"width\":1080,\"height\":1080},{\"@type\":\"BreadcrumbList\",\"@id\":\"https:\/\/arganoils.com\/fr\/produit\/50ml-huile-argan-cosmetique\/#breadcrumb\",\"itemListElement\":[{\"@type\":\"ListItem\",\"position\":1,\"name\":\"Home\",\"item\":\"https:\/\/arganoils.com\/fr\/\"},{\"@type\":\"ListItem\",\"position\":2,\"name\":\"Boutique\",\"item\":\"https:\/\/arganoils.com\/fr\/boutique-2\/\"},{\"@type\":\"ListItem\",\"position\":3,\"name\":\"50ml d&#8217;huile d&#8217;argan cosm\u00e9tique\"}]},{\"@type\":\"WebSite\",\"@id\":\"https:\/\/arganoils.com\/#website\",\"url\":\"https:\/\/arganoils.com\/\",\"name\":\"Argan Oils\",\"description\":\"Empower. Protect. Preserve.\",\"publisher\":{\"@id\":\"https:\/\/arganoils.com\/#organization\"},\"potentialAction\":[{\"@type\":\"SearchAction\",\"target\":{\"@type\":\"EntryPoint\",\"urlTemplate\":\"https:\/\/arganoils.com\/?s={search_term_string}\"},\"query-input\":\"required name=search_term_string\"}],\"inLanguage\":\"fr-FR\"},{\"@type\":\"Organization\",\"@id\":\"https:\/\/arganoils.com\/#organization\",\"name\":\"Argan Oils\",\"url\":\"https:\/\/arganoils.com\/\",\"logo\":{\"@type\":\"ImageObject\",\"inLanguage\":\"fr-FR\",\"@id\":\"https:\/\/arganoils.com\/#\/schema\/logo\/image\/\",\"url\":\"http:\/\/arganoils.com\/wp-content\/uploads\/2022\/08\/home_logo.gif\",\"contentUrl\":\"http:\/\/arganoils.com\/wp-content\/uploads\/2022\/08\/home_logo.gif\",\"width\":242,\"height\":64,\"caption\":\"Argan Oils\"},\"image\":{\"@id\":\"https:\/\/arganoils.com\/#\/schema\/logo\/image\/\"}}]}<\/script>\n<!-- \/ Yoast SEO plugin. -->","yoast_head_json":{"title":"50ml d'huile d'argan cosm\u00e9tique - Argan Oils","robots":{"index":"index","follow":"follow","max-snippet":"max-snippet:-1","max-image-preview":"max-image-preview:large","max-video-preview":"max-video-preview:-1"},"canonical":"https:\/\/arganoils.com\/fr\/produit\/50ml-huile-argan-cosmetique\/","og_locale":"fr_FR","og_type":"article","og_title":"50ml d'huile d'argan cosm\u00e9tique - Argan Oils","og_description":"L'huile d'argan adoucit la peau et traite de nombreuses affections cutan\u00e9es. L'huile d'argan, dont on dit qu'elle a des effets r\u00e9parateurs et anti-\u00e2ge, est devenue l'un des derniers ingr\u00e9dients miracles de l'industrie de la beaut\u00e9.","og_url":"https:\/\/arganoils.com\/fr\/produit\/50ml-huile-argan-cosmetique\/","og_site_name":"Argan Oils","og_image":[{"width":1080,"height":1080,"url":"https:\/\/arganoils.com\/wp-content\/uploads\/2022\/12\/1.png","type":"image\/png"}],"twitter_card":"summary_large_image","twitter_misc":{"Est. reading time":"1 minute"},"schema":{"@context":"https:\/\/schema.org","@graph":[{"@type":"WebPage","@id":"https:\/\/arganoils.com\/fr\/produit\/50ml-huile-argan-cosmetique\/","url":"https:\/\/arganoils.com\/fr\/produit\/50ml-huile-argan-cosmetique\/","name":"50ml d'huile d'argan cosm\u00e9tique - Argan Oils","isPartOf":{"@id":"https:\/\/arganoils.com\/#website"},"primaryImageOfPage":{"@id":"https:\/\/arganoils.com\/fr\/produit\/50ml-huile-argan-cosmetique\/#primaryimage"},"image":{"@id":"https:\/\/arganoils.com\/fr\/produit\/50ml-huile-argan-cosmetique\/#primaryimage"},"thumbnailUrl":"https:\/\/arganoils.com\/wp-content\/uploads\/2022\/12\/1.png","datePublished":"2022-12-03T00:59:31+00:00","dateModified":"2022-12-03T00:59:31+00:00","breadcrumb":{"@id":"https:\/\/arganoils.com\/fr\/produit\/50ml-huile-argan-cosmetique\/#breadcrumb"},"inLanguage":"fr-FR","potentialAction":[{"@type":"ReadAction","target":["https:\/\/arganoils.com\/fr\/produit\/50ml-huile-argan-cosmetique\/"]}]},{"@type":"ImageObject","inLanguage":"fr-FR","@id":"https:\/\/arganoils.com\/fr\/produit\/50ml-huile-argan-cosmetique\/#primaryimage","url":"https:\/\/arganoils.com\/wp-content\/uploads\/2022\/12\/1.png","contentUrl":"https:\/\/arganoils.com\/wp-content\/uploads\/2022\/12\/1.png","width":1080,"height":1080},{"@type":"BreadcrumbList","@id":"https:\/\/arganoils.com\/fr\/produit\/50ml-huile-argan-cosmetique\/#breadcrumb","itemListElement":[{"@type":"ListItem","position":1,"name":"Home","item":"https:\/\/arganoils.com\/fr\/"},{"@type":"ListItem","position":2,"name":"Boutique","item":"https:\/\/arganoils.com\/fr\/boutique-2\/"},{"@type":"ListItem","position":3,"name":"50ml d&#8217;huile d&#8217;argan cosm\u00e9tique"}]},{"@type":"WebSite","@id":"https:\/\/arganoils.com\/#website","url":"https:\/\/arganoils.com\/","name":"Argan Oils","description":"Empower. Protect. Preserve.","publisher":{"@id":"https:\/\/arganoils.com\/#organization"},"potentialAction":[{"@type":"SearchAction","target":{"@type":"EntryPoint","urlTemplate":"https:\/\/arganoils.com\/?s={search_term_string}"},"query-input":"required name=search_term_string"}],"inLanguage":"fr-FR"},{"@type":"Organization","@id":"https:\/\/arganoils.com\/#organization","name":"Argan Oils","url":"https:\/\/arganoils.com\/","logo":{"@type":"ImageObject","inLanguage":"fr-FR","@id":"https:\/\/arganoils.com\/#\/schema\/logo\/image\/","url":"http:\/\/arganoils.com\/wp-content\/uploads\/2022\/08\/home_logo.gif","contentUrl":"http:\/\/arganoils.com\/wp-content\/uploads\/2022\/08\/home_logo.gif","width":242,"height":64,"caption":"Argan Oils"},"image":{"@id":"https:\/\/arganoils.com\/#\/schema\/logo\/image\/"}}]}},"_links":{"self":[{"href":"https:\/\/arganoils.com\/fr\/wp-json\/wp\/v2\/product\/416","targetHints":{"allow":["GET"]}}],"collection":[{"href":"https:\/\/arganoils.com\/fr\/wp-json\/wp\/v2\/product"}],"about":[{"href":"https:\/\/arganoils.com\/fr\/wp-json\/wp\/v2\/types\/product"}],"replies":[{"embeddable":true,"href":"https:\/\/arganoils.com\/fr\/wp-json\/wp\/v2\/comments?post=416"}],"wp:featuredmedia":[{"embeddable":true,"href":"https:\/\/arganoils.com\/fr\/wp-json\/wp\/v2\/media\/372"}],"wp:attachment":[{"href":"https:\/\/arganoils.com\/fr\/wp-json\/wp\/v2\/media?parent=416"}],"wp:term":[{"taxonomy":"product_cat","embeddable":true,"href":"https:\/\/arganoils.com\/fr\/wp-json\/wp\/v2\/product_cat?post=416"},{"taxonomy":"product_tag","embeddable":true,"href":"https:\/\/arganoils.com\/fr\/wp-json\/wp\/v2\/product_tag?post=416"}],"curies":[{"name":"wp","href":"https:\/\/api.w.org\/{rel}","templated":true}]}}